{"id":2335,"date":"2025-02-11T13:00:12","date_gmt":"2025-02-11T12:00:12","guid":{"rendered":"https:\/\/www.criadores.es\/producto\/criadores-biscoitos-de-maca-para-caes\/"},"modified":"2025-06-12T13:49:55","modified_gmt":"2025-06-12T11:49:55","slug":"criadores-biscoitos-de-maca-para-caes","status":"publish","type":"product","link":"https:\/\/www.criadores.es\/pt-pt\/producto\/criadores-biscoitos-de-maca-para-caes\/","title":{"rendered":"Criadores Biscoitos de ma\u00e7\u00e3 para c\u00e3es"},"content":{"rendered":"<h2>Snacks naturais Criadores com carne fresca<\/h2>\n<p>Criadores snacks para c\u00e3es com Ma\u00e7\u00e3 s\u00e3o umas deliciosas guloseimas com as que poder\u00e1 <strong>mimar o seu animal de estima\u00e7\u00e3o a qualquer hora do dia<\/strong>. Uma op\u00e7\u00e3o ideal para recompensar e premi\u00e1-lo pelo seu bom comportamento sem descuidar da sua sa\u00fade. Como voc\u00ea deve muito bem saber, cuidar da alimenta\u00e7\u00e3o do seu c\u00e3ozinho \u00e9 muito importante e oferecer guloseimas de qualidade tamb\u00e9m \u00e9.<\/p>\n<p>Estes snacks est\u00e3o feitos<strong> com ingredientes naturais e com muita carne fresca<\/strong>, nada mais e nada menos que 50%. Al\u00e9m do mais, adicionam deliciosas verduras que completam a receita e<strong> \u00f3leo de salm\u00e3o <\/strong>para cuidar da pele e do pelo. Por outro lado, para facilitar a digest\u00e3o e evitar as intoler\u00e2ncias alimentares,<strong> n\u00e3o cont\u00eam cereais<\/strong>.<\/p>\n<p>Os snacks Criadores est\u00e3o <strong>dispon\u00edveis em v\u00e1rios sabores<\/strong> para que o seu pequeno nunca fique entediado Frango, porco ib\u00e9rico, peru, ma\u00e7\u00e3\u2026 ir\u00e1 adorar! Alguns dos vegetais presentes nas suas receitas s\u00e3o os br\u00f3colos, a cenoura, o alho franc\u00eas; e frutas como os mirtilos. Al\u00e9m do mais, alguns deles cont\u00eam plantas arom\u00e1ticas como o or\u00e9g\u00e3o e o ch\u00e1 verde, que aportar\u00e3o m\u00faltiplos benef\u00edcios \u00e0 sa\u00fade do seu c\u00e3o.<\/p>\n<p>Escolha entre os tenros ossinhos para c\u00e3es adultos ou os mini cora\u00e7\u00f5es para cachorros, com salm\u00e3o fresco.<\/p>\n<p><strong><em>N\u00e3o duvide mais e ofere\u00e7a ao seu melhor amigo uma deliciosa guloseima feita com carne fresca e uma textura irresist\u00edvel.<\/em><\/strong> <strong><em>Os snacks Criadores ser\u00e3o o seu novo pr\u00e9mio favorito!<\/em><\/strong><\/p>\n<p><em>A partir da data em que os receba \u00e9 garantido um prazo de 3 meses antes do vencimento da data de validade, ou de 1 m\u00eas no caso dos produtos l\u00e1cteos e da ra\u00e7\u00e3o ecol\u00f3gica.<\/em><\/p>\n","protected":false},"excerpt":{"rendered":"<p>Biscoitos em forma de ossinhos com sabor de ma\u00e7\u00e3 para c\u00e3es, com alto teor de prote\u00ednas e textura crocante, f\u00e1ceis de mastigar e digerir.<\/p>\n","protected":false},"featured_media":1675,"comment_status":"open","ping_status":"closed","template":"","meta":{"_acf_changed":false},"product_brand":[],"product_cat":[92,98,101],"product_tag":[],"class_list":{"0":"post-2335","1":"product","2":"type-product","3":"status-publish","4":"has-post-thumbnail","6":"product_cat-cao","7":"product_cat-original-pt-pt","8":"product_cat-snacks-pt-pt","10":"first","11":"instock","12":"shipping-taxable","13":"product-type-simple"},"acf":[],"_links":{"self":[{"href":"https:\/\/www.criadores.es\/pt-pt\/wp-json\/wp\/v2\/product\/2335","targetHints":{"allow":["GET"]}}],"collection":[{"href":"https:\/\/www.criadores.es\/pt-pt\/wp-json\/wp\/v2\/product"}],"about":[{"href":"https:\/\/www.criadores.es\/pt-pt\/wp-json\/wp\/v2\/types\/product"}],"replies":[{"embeddable":true,"href":"https:\/\/www.criadores.es\/pt-pt\/wp-json\/wp\/v2\/comments?post=2335"}],"wp:featuredmedia":[{"embeddable":true,"href":"https:\/\/www.criadores.es\/pt-pt\/wp-json\/wp\/v2\/media\/1675"}],"wp:attachment":[{"href":"https:\/\/www.criadores.es\/pt-pt\/wp-json\/wp\/v2\/media?parent=2335"}],"wp:term":[{"taxonomy":"product_brand","embeddable":true,"href":"https:\/\/www.criadores.es\/pt-pt\/wp-json\/wp\/v2\/product_brand?post=2335"},{"taxonomy":"product_cat","embeddable":true,"href":"https:\/\/www.criadores.es\/pt-pt\/wp-json\/wp\/v2\/product_cat?post=2335"},{"taxonomy":"product_tag","embeddable":true,"href":"https:\/\/www.criadores.es\/pt-pt\/wp-json\/wp\/v2\/product_tag?post=2335"}],"curies":[{"name":"wp","href":"https:\/\/api.w.org\/{rel}","templated":true}]}}