{"id":2336,"date":"2025-02-13T12:30:38","date_gmt":"2025-02-13T11:30:38","guid":{"rendered":"https:\/\/www.criadores.es\/producto\/criadores-snacks-cuidado-articular-para-caes\/"},"modified":"2025-06-11T15:33:03","modified_gmt":"2025-06-11T13:33:03","slug":"criadores-snacks-cuidado-articular-para-caes","status":"publish","type":"product","link":"https:\/\/www.criadores.es\/pt-pt\/producto\/criadores-snacks-cuidado-articular-para-caes\/","title":{"rendered":"Criadores Snacks Cuidado Articular para c\u00e3es"},"content":{"rendered":"<h2>Snacks em forma de almofadas para o cuidado da anca e das articula\u00e7\u00f5es dos c\u00e3es<\/h2>\n<p>Com o passar do tempo, as articula\u00e7\u00f5es s\u00e3o muitas vezes afetadas pelo desgaste, por traumatismos ou simplesmente por falta de nutrientes, pelo que a equipa da Criadores elaborou estes <strong>snacks para c\u00e3es em forma de almofadas,<\/strong> <strong>crocantes e com um delicioso sabor a frango<\/strong>.<\/p>\n<p>S\u00e3o <strong>ricos em frango, o que lhes confere um delicioso sabor<\/strong> e n\u00e3o cont\u00eam a\u00e7\u00facar. Gra\u00e7as ao seu teor de <strong>vitamina D3, cuidam dos ossos<\/strong> do seu amigo peludo, enquanto os <strong>EPA e DHA do \u00f3mega 3<\/strong> proveniente do \u00f3leo de algas e do mexilh\u00e3o de l\u00e1bios verdes ajudam a <strong>manter as articula\u00e7\u00f5es e as ancas saud\u00e1veis<\/strong>.<\/p>\n<p>Com a sua <strong>consist\u00eancia crocante<\/strong>, estas almofadas v\u00e3o certamente agradar o seu c\u00e3o.<\/p>\n<p>Estes snacks cont\u00eam Yucca Schidigera, que ajuda a reduzir <strong>o odor das fezes e da urina<\/strong>. Pode oferec\u00ea-los ao seu c\u00e3o como um petisco entre as principais refei\u00e7\u00f5es, durante os passeios ou como recompensa durante as sess\u00f5es de treino. Lembre-se que <strong>n\u00e3o substituem a alimenta\u00e7\u00e3o habitual<\/strong> e que deve ter sempre \u00e1gua limpa e fresca \u00e0 disposi\u00e7\u00e3o.<\/p>\n<p><em><strong>Na Criadores oferecem ao seu c\u00e3o os snacks que o ajudar\u00e3o a manter-se saud\u00e1vel e entretido de uma forma deliciosa.<\/strong><\/em><\/p>\n","protected":false},"excerpt":{"rendered":"<p>Almofadas crocantes para o cuidado das ancas e articula\u00e7\u00f5es dos c\u00e3es, s\u00e3o snacks ricos em frango e sem adi\u00e7\u00e3o de a\u00e7\u00facares.<\/p>\n","protected":false},"featured_media":1887,"comment_status":"open","ping_status":"closed","template":"","meta":{"_acf_changed":false},"product_brand":[],"product_cat":[92],"product_tag":[],"class_list":{"0":"post-2336","1":"product","2":"type-product","3":"status-publish","4":"has-post-thumbnail","6":"product_cat-cao","8":"first","9":"instock","10":"shipping-taxable","11":"product-type-simple"},"acf":[],"_links":{"self":[{"href":"https:\/\/www.criadores.es\/pt-pt\/wp-json\/wp\/v2\/product\/2336","targetHints":{"allow":["GET"]}}],"collection":[{"href":"https:\/\/www.criadores.es\/pt-pt\/wp-json\/wp\/v2\/product"}],"about":[{"href":"https:\/\/www.criadores.es\/pt-pt\/wp-json\/wp\/v2\/types\/product"}],"replies":[{"embeddable":true,"href":"https:\/\/www.criadores.es\/pt-pt\/wp-json\/wp\/v2\/comments?post=2336"}],"wp:featuredmedia":[{"embeddable":true,"href":"https:\/\/www.criadores.es\/pt-pt\/wp-json\/wp\/v2\/media\/1887"}],"wp:attachment":[{"href":"https:\/\/www.criadores.es\/pt-pt\/wp-json\/wp\/v2\/media?parent=2336"}],"wp:term":[{"taxonomy":"product_brand","embeddable":true,"href":"https:\/\/www.criadores.es\/pt-pt\/wp-json\/wp\/v2\/product_brand?post=2336"},{"taxonomy":"product_cat","embeddable":true,"href":"https:\/\/www.criadores.es\/pt-pt\/wp-json\/wp\/v2\/product_cat?post=2336"},{"taxonomy":"product_tag","embeddable":true,"href":"https:\/\/www.criadores.es\/pt-pt\/wp-json\/wp\/v2\/product_tag?post=2336"}],"curies":[{"name":"wp","href":"https:\/\/api.w.org\/{rel}","templated":true}]}}