{"id":2337,"date":"2025-02-12T12:05:58","date_gmt":"2025-02-12T11:05:58","guid":{"rendered":"https:\/\/www.criadores.es\/producto\/criadores-biscoitos-ossinhos-de-baunilha-para-caes\/"},"modified":"2025-06-11T16:40:34","modified_gmt":"2025-06-11T14:40:34","slug":"criadores-biscoitos-ossinhos-de-baunilha-para-caes","status":"publish","type":"product","link":"https:\/\/www.criadores.es\/pt-pt\/producto\/criadores-biscoitos-ossinhos-de-baunilha-para-caes\/","title":{"rendered":"Criadores biscoitos ossinhos de baunilha para c\u00e3es"},"content":{"rendered":"<h2>Snacks para c\u00e3es com sabor baunilha e baixos em gordura<\/h2>\n<p>Os <strong>biscoitos para c\u00e3es Criadores Ossinhos de Baunilha<\/strong> s\u00e3o um snack que o seu animal de estima\u00e7\u00e3o desfrutar\u00e1 cada dia. Elaborados com ingredientes selecionados, este complemento alimentar est\u00e1 <strong>indicado para c\u00e3es de todas as ra\u00e7as<\/strong>. Ricos em nutrientes e antioxidantes, este snack completa a dieta do animal e oferece benef\u00edcios para a sua sa\u00fade.<\/p>\n<p>Contar com este alimento em casa <strong>vai ajudar na hora de adestrar o seu c\u00e3o<\/strong>, pode oferec\u00ea-lo como pr\u00e9mio cada vez que realize determinada a\u00e7\u00e3o da forma correta, ou simplesmente pelo prazer de v\u00ea-lo desfrutar com este delicioso snack. Independentemente do motivo, o paladar do seu animal de estima\u00e7\u00e3o desfrutar\u00e1 com o seu delicioso <strong>sabor a baunilha<\/strong>.<\/p>\n<p>Os biscoitos para c\u00e3es Criadores t\u00eam um <strong>baixo conte\u00fado em gordura<\/strong>, pelo que n\u00e3o sup\u00f5em um risco para a linha do seu c\u00e3o, poder\u00e1 oferec\u00ea-lo com total tranquilidade. Trata-se de um <strong>aperitivo muito saboroso e delicioso<\/strong> composto por antioxidantes naturais, para que desfrute em qualquer momento.<\/p>\n<p>Criadores conta com uma ampla <strong>gama de alimentos para c\u00e3es super premium<\/strong>. Desde ra\u00e7\u00e3o seca e h\u00famida at\u00e9 snacks e biscoitos para c\u00e3es de todas as ra\u00e7as e idades. Tamb\u00e9m oferece <strong>alimentos espec\u00edficos para c\u00e3es<\/strong> com necessidades concretas. Todos os seus produtos est\u00e3o elaborados com ingredientes de qualidade e pensados para o bem-estar de todos os animais de estima\u00e7\u00e3o.<\/p>\n<p><strong><em>Ofere\u00e7a como presente cada dia ao seu animal de estima\u00e7\u00e3o o pr\u00e9mio que ele merece com os biscoitos para c\u00e3es Criadores Ossinhos de Baunilha, um delicioso sabor para o seu paladar!<\/em><\/strong><\/p>\n<p><em>A partir da data em que os receba \u00e9 garantido um prazo de 3 meses antes do vencimento da data de validade, ou de 1 m\u00eas no caso dos produtos l\u00b4cteos e a ra\u00e7\u00e3o ecol\u00f3gica.<\/em><\/p>\n","protected":false},"excerpt":{"rendered":"<p>Biscoitos em forma de ossos e com sabor de baunilha para c\u00e3es, com alto teor de prote\u00ednas e textura crocante, f\u00e1ceis de mastigar e digerir, s\u00e3o baixos em gorduras.<\/p>\n","protected":false},"featured_media":1717,"comment_status":"open","ping_status":"closed","template":"","meta":{"_acf_changed":false},"product_brand":[],"product_cat":[92,98,101],"product_tag":[],"class_list":{"0":"post-2337","1":"product","2":"type-product","3":"status-publish","4":"has-post-thumbnail","6":"product_cat-cao","7":"product_cat-original-pt-pt","8":"product_cat-snacks-pt-pt","10":"first","11":"instock","12":"shipping-taxable","13":"product-type-simple"},"acf":[],"_links":{"self":[{"href":"https:\/\/www.criadores.es\/pt-pt\/wp-json\/wp\/v2\/product\/2337","targetHints":{"allow":["GET"]}}],"collection":[{"href":"https:\/\/www.criadores.es\/pt-pt\/wp-json\/wp\/v2\/product"}],"about":[{"href":"https:\/\/www.criadores.es\/pt-pt\/wp-json\/wp\/v2\/types\/product"}],"replies":[{"embeddable":true,"href":"https:\/\/www.criadores.es\/pt-pt\/wp-json\/wp\/v2\/comments?post=2337"}],"wp:featuredmedia":[{"embeddable":true,"href":"https:\/\/www.criadores.es\/pt-pt\/wp-json\/wp\/v2\/media\/1717"}],"wp:attachment":[{"href":"https:\/\/www.criadores.es\/pt-pt\/wp-json\/wp\/v2\/media?parent=2337"}],"wp:term":[{"taxonomy":"product_brand","embeddable":true,"href":"https:\/\/www.criadores.es\/pt-pt\/wp-json\/wp\/v2\/product_brand?post=2337"},{"taxonomy":"product_cat","embeddable":true,"href":"https:\/\/www.criadores.es\/pt-pt\/wp-json\/wp\/v2\/product_cat?post=2337"},{"taxonomy":"product_tag","embeddable":true,"href":"https:\/\/www.criadores.es\/pt-pt\/wp-json\/wp\/v2\/product_tag?post=2337"}],"curies":[{"name":"wp","href":"https:\/\/api.w.org\/{rel}","templated":true}]}}