{"id":2338,"date":"2025-02-13T10:57:57","date_gmt":"2025-02-13T09:57:57","guid":{"rendered":"https:\/\/www.criadores.es\/producto\/criadores-biscoitos-halito-fresco-para-caes\/"},"modified":"2025-06-12T12:11:26","modified_gmt":"2025-06-12T10:11:26","slug":"criadores-biscoitos-halito-fresco-para-caes","status":"publish","type":"product","link":"https:\/\/www.criadores.es\/pt-pt\/producto\/criadores-biscoitos-halito-fresco-para-caes\/","title":{"rendered":"Criadores biscoitos H\u00e1lito Fresco para c\u00e3es"},"content":{"rendered":"<h2>Snacks para c\u00e3es com aroma a hortel\u00e3 para o controlo do mau h\u00e1lito<\/h2>\n<p>Os <strong>biscoitos para c\u00e3es Criadores H\u00e1lito Fresco<\/strong> est\u00e3o elaborados com ingredientes selecionados de primeira qualidade. A sua formula\u00e7\u00e3o permitir\u00e1 que o seu animal de estima\u00e7\u00e3o desfrute de um <strong>refrescante sabor a hortel\u00e3<\/strong> enquanto lhe aporta os nutrientes necess\u00e1rios para completar a sua dieta di\u00e1ria. Estes biscoitos est\u00e3o indicados para c\u00e3es de todas as ra\u00e7as.<\/p>\n<p>Al\u00e9m de serem ricos em nutrientes, os biscoitos Criadores <strong>cont\u00eam antioxidantes naturais <\/strong>ricos em tocofer\u00f3is que favorecem o bem-estar do seu c\u00e3o. O seu aroma a hortel\u00e3 natural <strong>previne o mau h\u00e1lito<\/strong>, ou a halitose e o seu consumo habitual ajudar\u00e1 na manuten\u00e7\u00e3o de uma \u00f3tima higiene bucal, j\u00e1 que vai facilitar a elimina\u00e7\u00e3o do t\u00e1rtaro e fortalecer os m\u00fasculos da mand\u00edbula.<\/p>\n<p>Este alimento \u00e9 perfeito para utilizar durante o adestramento do seu melhor amigo, j\u00e1 que pode oferecer os biscoitos confortavelmente quando ele se comportar corretamente. S\u00e3o um <strong>complemento alimentar<\/strong> que poder\u00e1 dar ao seu animal de estima\u00e7\u00e3o diariamente, sempre respeitando a dose di\u00e1ria, e que se tornar\u00e1 na <strong>melhor recompensa<\/strong> para o seu c\u00e3o.<\/p>\n<p><strong><em>Ajude o seu animal de estima\u00e7\u00e3o a prevenir o mau h\u00e1lito enquanto desfruta de um snack nutritivo e saboroso com os biscoitos para c\u00e3es Criadores H\u00e1lito Fresco.<\/em><\/strong><\/p>\n<p><em>A partir da data em que os receba \u00e9 garantido um prazo de 3 meses antes do vencimento da data de validade, ou de 1 m\u00eas no caso dos produtos l\u00b4cteos e a ra\u00e7\u00e3o ecol\u00f3gica.<\/em><\/p>\n","protected":false},"excerpt":{"rendered":"<p>Biscoitos refrescantes para o h\u00e1lito de c\u00e3es de todas as idades, elaborados com ingredientes naturais, t\u00eam sabor de menta, s\u00e3o ideais para oferecer como recompensa ou lanche, de textura crocante e f\u00e1ceis de digerir.<\/p>\n","protected":false},"featured_media":1849,"comment_status":"open","ping_status":"closed","template":"","meta":{"_acf_changed":false},"product_brand":[],"product_cat":[92,98,101],"product_tag":[],"class_list":{"0":"post-2338","1":"product","2":"type-product","3":"status-publish","4":"has-post-thumbnail","6":"product_cat-cao","7":"product_cat-original-pt-pt","8":"product_cat-snacks-pt-pt","10":"first","11":"instock","12":"shipping-taxable","13":"product-type-simple"},"acf":[],"_links":{"self":[{"href":"https:\/\/www.criadores.es\/pt-pt\/wp-json\/wp\/v2\/product\/2338","targetHints":{"allow":["GET"]}}],"collection":[{"href":"https:\/\/www.criadores.es\/pt-pt\/wp-json\/wp\/v2\/product"}],"about":[{"href":"https:\/\/www.criadores.es\/pt-pt\/wp-json\/wp\/v2\/types\/product"}],"replies":[{"embeddable":true,"href":"https:\/\/www.criadores.es\/pt-pt\/wp-json\/wp\/v2\/comments?post=2338"}],"wp:featuredmedia":[{"embeddable":true,"href":"https:\/\/www.criadores.es\/pt-pt\/wp-json\/wp\/v2\/media\/1849"}],"wp:attachment":[{"href":"https:\/\/www.criadores.es\/pt-pt\/wp-json\/wp\/v2\/media?parent=2338"}],"wp:term":[{"taxonomy":"product_brand","embeddable":true,"href":"https:\/\/www.criadores.es\/pt-pt\/wp-json\/wp\/v2\/product_brand?post=2338"},{"taxonomy":"product_cat","embeddable":true,"href":"https:\/\/www.criadores.es\/pt-pt\/wp-json\/wp\/v2\/product_cat?post=2338"},{"taxonomy":"product_tag","embeddable":true,"href":"https:\/\/www.criadores.es\/pt-pt\/wp-json\/wp\/v2\/product_tag?post=2338"}],"curies":[{"name":"wp","href":"https:\/\/api.w.org\/{rel}","templated":true}]}}