{"id":2339,"date":"2025-02-13T17:09:58","date_gmt":"2025-02-13T16:09:58","guid":{"rendered":"https:\/\/www.criadores.es\/producto\/criadores-biscoitos-hairball-para-gatos\/"},"modified":"2025-06-12T10:26:30","modified_gmt":"2025-06-12T08:26:30","slug":"criadores-biscoitos-hairball-para-gatos","status":"publish","type":"product","link":"https:\/\/www.criadores.es\/pt-pt\/producto\/criadores-biscoitos-hairball-para-gatos\/","title":{"rendered":"Criadores Biscoitos Hairball para gatos"},"content":{"rendered":"<p>&#8221;<\/p>\n<h2>Criadores Hairball Control para reduzir as bolas de pelo<\/h2>\n<p>Os snacks Criadores Hairball Control s\u00e3o umas deliciosas guloseimas com forma de pegada que ajudam a expulsar e reduzir as bolas de pelo do seu gato. Est\u00e3o feitas com malte e fibras vegetais, que <strong>melhoram a digest\u00e3o e facilitam a expuls\u00e3o dos pelos<\/strong> de forma natural para evitar transtornos digestivos.<\/p>\n<p>Estes bocadinhos incluem taurina para ajudar a manter um cora\u00e7\u00e3o saud\u00e1vel. Al\u00e9m do mais, tamb\u00e9m est\u00e3o enriquecidos com vitamina E, que protege as c\u00e9lulas. Feitos principalmente com frango, a sua textura \u00e9 crocante, mas f\u00e1cil de partir, com um interior suave e saboroso.<\/p>\n<p>O snack Criadores Hairball Control \u00e9 o pr\u00e9mio nutritivo perfeito que serve de<strong> complemento em uma dieta equilibrada e saud\u00e1vel<\/strong>. O seu gato ir\u00e1 adorar!<\/p>\n<p><em>A partir da data em que os receba \u00e9 garantido um prazo de 3 meses antes do vencimento da data de validade, ou de 1 m\u00eas no caso dos produtos l\u00e1cteos e da ra\u00e7\u00e3o ecol\u00f3gica.<\/em><\/p>\n","protected":false},"excerpt":{"rendered":"<p>Os snacks Criadores Hairball Control s\u00e3o umas deliciosas guloseimas que ajudam a expulsar e reduzir as bolas de pelo do seu gato. Est\u00e3o feitas com malte e fibras &#8230;<\/p>\n","protected":false},"featured_media":1966,"comment_status":"open","ping_status":"closed","template":"","meta":{"_acf_changed":false},"product_brand":[],"product_cat":[111,106,103],"product_tag":[],"class_list":{"0":"post-2339","1":"product","2":"type-product","3":"status-publish","4":"has-post-thumbnail","6":"product_cat-gatos","7":"product_cat-original-gato-pt-pt","8":"product_cat-snacks-pt","10":"first","11":"instock","12":"shipping-taxable","13":"product-type-simple"},"acf":[],"_links":{"self":[{"href":"https:\/\/www.criadores.es\/pt-pt\/wp-json\/wp\/v2\/product\/2339","targetHints":{"allow":["GET"]}}],"collection":[{"href":"https:\/\/www.criadores.es\/pt-pt\/wp-json\/wp\/v2\/product"}],"about":[{"href":"https:\/\/www.criadores.es\/pt-pt\/wp-json\/wp\/v2\/types\/product"}],"replies":[{"embeddable":true,"href":"https:\/\/www.criadores.es\/pt-pt\/wp-json\/wp\/v2\/comments?post=2339"}],"wp:featuredmedia":[{"embeddable":true,"href":"https:\/\/www.criadores.es\/pt-pt\/wp-json\/wp\/v2\/media\/1966"}],"wp:attachment":[{"href":"https:\/\/www.criadores.es\/pt-pt\/wp-json\/wp\/v2\/media?parent=2339"}],"wp:term":[{"taxonomy":"product_brand","embeddable":true,"href":"https:\/\/www.criadores.es\/pt-pt\/wp-json\/wp\/v2\/product_brand?post=2339"},{"taxonomy":"product_cat","embeddable":true,"href":"https:\/\/www.criadores.es\/pt-pt\/wp-json\/wp\/v2\/product_cat?post=2339"},{"taxonomy":"product_tag","embeddable":true,"href":"https:\/\/www.criadores.es\/pt-pt\/wp-json\/wp\/v2\/product_tag?post=2339"}],"curies":[{"name":"wp","href":"https:\/\/api.w.org\/{rel}","templated":true}]}}