{"id":2340,"date":"2025-02-13T11:17:14","date_gmt":"2025-02-13T10:17:14","guid":{"rendered":"https:\/\/www.criadores.es\/producto\/criadores-dental-care-snacks-para-gatos\/"},"modified":"2025-06-12T12:36:10","modified_gmt":"2025-06-12T10:36:10","slug":"criadores-dental-care-snacks-para-gatos","status":"publish","type":"product","link":"https:\/\/www.criadores.es\/pt-pt\/producto\/criadores-dental-care-snacks-para-gatos\/","title":{"rendered":"Criadores Dental Care Snacks para gatos"},"content":{"rendered":"<h1>Snack dent\u00e1rio para gatos da Criadores<\/h1>\n<p>O saboroso snack dental care da Criadores ajudar\u00e1 ao seu gato a manter uma boa e\u00a0<strong>completa higiene oral<\/strong>.<\/p>\n<p>Estes snacks s\u00e3o feitos com ingredientes destinados a reduzir a forma\u00e7\u00e3o da placa bacteriana e o t\u00e1rtaro nos dentes. Al\u00e9m disso,<strong>\u00a0n\u00e3o cont\u00eam a\u00e7\u00facares<\/strong>\u00a0adicionados e incluem fibras vegetais que contribuem \u00e0 sa\u00fade digestiva do animal, especialmente no tr\u00e2nsito intestinal e equil\u00edbrio da flora bacteriana. Cont\u00eam subst\u00e2ncias minerais como o tripolifosfato de s\u00f3dio, que\u00a0<strong>ajudam a prevenir a forma\u00e7\u00e3o do t\u00e1rtaro<\/strong>.<\/p>\n<p>O snack Dental Care tamb\u00e9m \u00e9 rico em vitamina A,\u00a0<strong>importante para o cuidado dos ossos<\/strong>, e antioxidantes, que fortalecem as defesas do animal.<\/p>\n<p><em>Cuide da sa\u00fade oral e higiene dent\u00e1ria do seu gato com os snacks dental care da Criadores.<\/em><\/p>\n<p><i>**A partir da data em que os receba \u00e9 garantido um prazo de 3 meses antes do vencimento da data de validade, ou de 1 m\u00eas no caso dos produtos l\u00e1cteos e da ra\u00e7\u00e3o ecol\u00f3gica.<\/i><\/p>\n","protected":false},"excerpt":{"rendered":"<p>Snack dent\u00e1rio sem a\u00e7\u00facares rico em vitaminas para gatos de todos os tamanhos. Ideal para ajudar a prevenir a forma\u00e7\u00e3o de t\u00e1rtaro e placa bacteriana para uma boa higiene oral que refor\u00e7a as defesas naturais.<\/p>\n","protected":false},"featured_media":1853,"comment_status":"open","ping_status":"closed","template":"","meta":{"_acf_changed":false},"product_brand":[],"product_cat":[111,106,103],"product_tag":[],"class_list":{"0":"post-2340","1":"product","2":"type-product","3":"status-publish","4":"has-post-thumbnail","6":"product_cat-gatos","7":"product_cat-original-gato-pt-pt","8":"product_cat-snacks-pt","10":"first","11":"instock","12":"shipping-taxable","13":"product-type-simple"},"acf":[],"_links":{"self":[{"href":"https:\/\/www.criadores.es\/pt-pt\/wp-json\/wp\/v2\/product\/2340","targetHints":{"allow":["GET"]}}],"collection":[{"href":"https:\/\/www.criadores.es\/pt-pt\/wp-json\/wp\/v2\/product"}],"about":[{"href":"https:\/\/www.criadores.es\/pt-pt\/wp-json\/wp\/v2\/types\/product"}],"replies":[{"embeddable":true,"href":"https:\/\/www.criadores.es\/pt-pt\/wp-json\/wp\/v2\/comments?post=2340"}],"wp:featuredmedia":[{"embeddable":true,"href":"https:\/\/www.criadores.es\/pt-pt\/wp-json\/wp\/v2\/media\/1853"}],"wp:attachment":[{"href":"https:\/\/www.criadores.es\/pt-pt\/wp-json\/wp\/v2\/media?parent=2340"}],"wp:term":[{"taxonomy":"product_brand","embeddable":true,"href":"https:\/\/www.criadores.es\/pt-pt\/wp-json\/wp\/v2\/product_brand?post=2340"},{"taxonomy":"product_cat","embeddable":true,"href":"https:\/\/www.criadores.es\/pt-pt\/wp-json\/wp\/v2\/product_cat?post=2340"},{"taxonomy":"product_tag","embeddable":true,"href":"https:\/\/www.criadores.es\/pt-pt\/wp-json\/wp\/v2\/product_tag?post=2340"}],"curies":[{"name":"wp","href":"https:\/\/api.w.org\/{rel}","templated":true}]}}