{"id":2341,"date":"2025-02-13T15:21:04","date_gmt":"2025-02-13T14:21:04","guid":{"rendered":"https:\/\/www.criadores.es\/producto\/criadores-snacks-pele-e-pelo-para-caes\/"},"modified":"2025-06-11T15:10:17","modified_gmt":"2025-06-11T13:10:17","slug":"criadores-snacks-pele-e-pelo-para-caes","status":"publish","type":"product","link":"https:\/\/www.criadores.es\/pt-pt\/producto\/criadores-snacks-pele-e-pelo-para-caes\/","title":{"rendered":"Criadores Snacks Pele e Pelo para c\u00e3es"},"content":{"rendered":"<h2>Snacks para o cuidado da pele e do pelo dos c\u00e3es<\/h2>\n<p>Um dos encantos mais evidentes do seu animal de estima\u00e7\u00e3o \u00e9 a suavidade e o brilho do pelo, que n\u00e3o se consegue por si s\u00f3, pois est\u00e1 intimamente relacionado com a boa alimenta\u00e7\u00e3o do seu fiel companheiro. A equipa da Criadores concebeu um <strong>snack para c\u00e3es adultos<\/strong>, com a forma de uma <strong>almofada, para ajudar a manter a sa\u00fade da pele e do pelo<\/strong> do seu amigo de quatro patas.<\/p>\n<p>Estes snacks s\u00e3o <strong>ricos em frango e sem a\u00e7\u00facar<\/strong>, mas tamb\u00e9m cont\u00eam <strong>vitaminas E, D3 e A, bem como biotina, \u00f3mega 3 e zinco<\/strong>, essenciais para uma <strong>pele hidratada<\/strong> e um <strong>pelo forte e brilhante<\/strong>.<\/p>\n<p>Al\u00e9m disso, cont\u00eam <strong>Krill<\/strong>, uma fonte de \u00e1cidos gordos \u00f3mega 3, bem como <strong>levedura de cerveja<\/strong>, uma fonte de vitamina B, que contribui para um <strong>pelo brilhante e uma pele saud\u00e1vel<\/strong>.<\/p>\n<p>S\u00e3o snacks <strong>muito saborosos<\/strong>, gra\u00e7as ao seu teor de frango, pode oferec\u00ea-los como um petisco entre as principais refei\u00e7\u00f5es, durante os passeios ou como recompensa durante as sess\u00f5es de treino. N\u00e3o se esque\u00e7a de que <strong>n\u00e3o substituem a alimenta\u00e7\u00e3o habitual\u00a0<\/strong>e que deve ter sempre \u00e1gua limpa e fresca \u00e0 disposi\u00e7\u00e3o.<\/p>\n<p><em><strong>Mantenha o pelo do seu c\u00e3o saud\u00e1vel e bonito com estes snacks da Criadores.<\/strong><\/em><\/p>\n","protected":false},"excerpt":{"rendered":"<p>Snack em forma de almofadas para c\u00e3es, promovem a manuten\u00e7\u00e3o de uma pele saud\u00e1vel e ajudam a ter um pelo forte e brilhante, s\u00e3o crocantes e sem a\u00e7\u00facar.<\/p>\n","protected":false},"featured_media":1928,"comment_status":"open","ping_status":"closed","template":"","meta":{"_acf_changed":false},"product_brand":[],"product_cat":[92,98,101],"product_tag":[],"class_list":{"0":"post-2341","1":"product","2":"type-product","3":"status-publish","4":"has-post-thumbnail","6":"product_cat-cao","7":"product_cat-original-pt-pt","8":"product_cat-snacks-pt-pt","10":"first","11":"instock","12":"shipping-taxable","13":"product-type-simple"},"acf":[],"_links":{"self":[{"href":"https:\/\/www.criadores.es\/pt-pt\/wp-json\/wp\/v2\/product\/2341","targetHints":{"allow":["GET"]}}],"collection":[{"href":"https:\/\/www.criadores.es\/pt-pt\/wp-json\/wp\/v2\/product"}],"about":[{"href":"https:\/\/www.criadores.es\/pt-pt\/wp-json\/wp\/v2\/types\/product"}],"replies":[{"embeddable":true,"href":"https:\/\/www.criadores.es\/pt-pt\/wp-json\/wp\/v2\/comments?post=2341"}],"wp:featuredmedia":[{"embeddable":true,"href":"https:\/\/www.criadores.es\/pt-pt\/wp-json\/wp\/v2\/media\/1928"}],"wp:attachment":[{"href":"https:\/\/www.criadores.es\/pt-pt\/wp-json\/wp\/v2\/media?parent=2341"}],"wp:term":[{"taxonomy":"product_brand","embeddable":true,"href":"https:\/\/www.criadores.es\/pt-pt\/wp-json\/wp\/v2\/product_brand?post=2341"},{"taxonomy":"product_cat","embeddable":true,"href":"https:\/\/www.criadores.es\/pt-pt\/wp-json\/wp\/v2\/product_cat?post=2341"},{"taxonomy":"product_tag","embeddable":true,"href":"https:\/\/www.criadores.es\/pt-pt\/wp-json\/wp\/v2\/product_tag?post=2341"}],"curies":[{"name":"wp","href":"https:\/\/api.w.org\/{rel}","templated":true}]}}