{"id":2342,"date":"2025-02-13T15:55:39","date_gmt":"2025-02-13T14:55:39","guid":{"rendered":"https:\/\/www.criadores.es\/producto\/snack-criadores-skin-coat-para-melhorar-a-pele-e-o-pelo-do-seu-gato\/"},"modified":"2025-06-11T15:09:49","modified_gmt":"2025-06-11T13:09:49","slug":"snack-criadores-skin-coat-para-melhorar-a-pele-e-o-pelo-do-seu-gato","status":"publish","type":"product","link":"https:\/\/www.criadores.es\/pt-pt\/producto\/snack-criadores-skin-coat-para-melhorar-a-pele-e-o-pelo-do-seu-gato\/","title":{"rendered":"Snack Criadores Skin &#038; Coat para melhorar a pele e o pelo do seu gato"},"content":{"rendered":"<h2>Snack Criadores Skin &amp; Coat para melhorar a pele e o pelo do seu gato<\/h2>\n<p>As guloseimas Criadores Skin &amp; Coat est\u00e3o elaboradas com ingredientes espec\u00edficos com o objetivo de <strong>melhorar o aspeto do pelo e da pele do seu gato.<\/strong><\/p>\n<p>A receita deste snack inclui zinco quelado e biotina para que o seu animal de estima\u00e7\u00e3o tenha uma pele saud\u00e1vel e um pelo brilhante. Al\u00e9m disso, est\u00e1 enriquecido com vitamina B que fortalece o sistema imunol\u00f3gico. \u00c9 um alimento complement\u00e1rio elaborado com krill, um pequeno crust\u00e1ceo rico em \u00f3mega 3.<\/p>\n<p>O snack Criadores Skin &amp; Coat n\u00e3o s\u00f3 far\u00e1 com que o seu gato tenha um aspeto inigual\u00e1vel, mas tamb\u00e9m melhorar\u00e1 a sa\u00fade cardiovascular porque inclui taurina, um amino\u00e1cido essencial que permite que o m\u00fasculo card\u00edaco se encontre em perfeito estado. Al\u00e9m disso, as c\u00e9lulas contar\u00e3o com uma prote\u00e7\u00e3o extra, gra\u00e7as \u00e0 vitamina E.<\/p>\n<p>O seu melhor amigo n\u00e3o poder\u00e1 resistir a este delicioso pr\u00e9mio que serve de<strong> complemento para uma dieta equilibrada, nutritiva e saud\u00e1vel<\/strong>.<\/p>\n<p><i>A partir de la fecha en que recibas tu producto, se garantiza un plazo de 3 meses antes del vencimiento de su fecha de caducidad, o de 1 mes en el caso de los productos l\u00e1cteos y el pienso ecol\u00f3gico.<\/i><\/p>\n","protected":false},"excerpt":{"rendered":"<p>Snack Criadores Skin &amp; Coat para melhorar a pele e o pelo do seu gato<\/p>\n","protected":false},"featured_media":1936,"comment_status":"open","ping_status":"closed","template":"","meta":{"_acf_changed":false},"product_brand":[],"product_cat":[111,106,103],"product_tag":[],"class_list":{"0":"post-2342","1":"product","2":"type-product","3":"status-publish","4":"has-post-thumbnail","6":"product_cat-gatos","7":"product_cat-original-gato-pt-pt","8":"product_cat-snacks-pt","10":"first","11":"instock","12":"shipping-taxable","13":"product-type-simple"},"acf":[],"_links":{"self":[{"href":"https:\/\/www.criadores.es\/pt-pt\/wp-json\/wp\/v2\/product\/2342","targetHints":{"allow":["GET"]}}],"collection":[{"href":"https:\/\/www.criadores.es\/pt-pt\/wp-json\/wp\/v2\/product"}],"about":[{"href":"https:\/\/www.criadores.es\/pt-pt\/wp-json\/wp\/v2\/types\/product"}],"replies":[{"embeddable":true,"href":"https:\/\/www.criadores.es\/pt-pt\/wp-json\/wp\/v2\/comments?post=2342"}],"wp:featuredmedia":[{"embeddable":true,"href":"https:\/\/www.criadores.es\/pt-pt\/wp-json\/wp\/v2\/media\/1936"}],"wp:attachment":[{"href":"https:\/\/www.criadores.es\/pt-pt\/wp-json\/wp\/v2\/media?parent=2342"}],"wp:term":[{"taxonomy":"product_brand","embeddable":true,"href":"https:\/\/www.criadores.es\/pt-pt\/wp-json\/wp\/v2\/product_brand?post=2342"},{"taxonomy":"product_cat","embeddable":true,"href":"https:\/\/www.criadores.es\/pt-pt\/wp-json\/wp\/v2\/product_cat?post=2342"},{"taxonomy":"product_tag","embeddable":true,"href":"https:\/\/www.criadores.es\/pt-pt\/wp-json\/wp\/v2\/product_tag?post=2342"}],"curies":[{"name":"wp","href":"https:\/\/api.w.org\/{rel}","templated":true}]}}