{"id":2343,"date":"2025-02-13T12:22:56","date_gmt":"2025-02-13T11:22:56","guid":{"rendered":"https:\/\/www.criadores.es\/producto\/criadores-snacks-cuidado-dentario-para-caes\/"},"modified":"2025-06-11T15:34:17","modified_gmt":"2025-06-11T13:34:17","slug":"criadores-snacks-cuidado-dentario-para-caes","status":"publish","type":"product","link":"https:\/\/www.criadores.es\/pt-pt\/producto\/criadores-snacks-cuidado-dentario-para-caes\/","title":{"rendered":"Criadores Snacks Cuidado Dent\u00e1rio para c\u00e3es"},"content":{"rendered":"<h2>Snack para o cuidado dent\u00e1rio dos c\u00e3es<\/h2>\n<p>A higiene oral do seu animal de estima\u00e7\u00e3o \u00e9 extremamente importante, pelo que n\u00e3o a deve descurar se quiser que o seu fiel companheiro se mantenha saud\u00e1vel. Este <strong>snack para c\u00e3es<\/strong> da Criadores \u00e9 um complemento alimentar em forma de <strong>almofadas crocantes<\/strong>, que n\u00e3o s\u00f3 s\u00e3o <strong>deliciosas e nutritivas<\/strong>, como tamb\u00e9m ajudam a cuidar dos dentes e gengivas do seu animal de estima\u00e7\u00e3o.<\/p>\n<p>S\u00e3o feitos com ingredientes de qualidade, <strong>ricos em frango e cont\u00eam Vitamina D3, que ajuda a fortalecer os dentes. Cont\u00eam tamb\u00e9m Yucca, que ajuda a reduzir o odor das fezes e da urina<\/strong>. Estes snacks exercem uma <strong>fun\u00e7\u00e3o de limpeza mec\u00e2nica sobre os dentes e as gengivas do animal durante a mastiga\u00e7\u00e3o<\/strong>, arrastando os restos de comida e a sujidade.<\/p>\n<p>Estes snacks para c\u00e3es <strong>previnem o desenvolvimento de t\u00e1rtaro e placa bacteriana<\/strong> e ajudam a reduzi-los se j\u00e1 estiverem presentes. T\u00eam uma <strong>textura crocante\u00a0<\/strong>que ser\u00e1 muito estimulante para o seu amigo peludo e podem ser oferecidos como um petisco entre as principais refei\u00e7\u00f5es, durante os passeios ou como recompensa durante as sess\u00f5es de treino.<\/p>\n<p>N\u00e3o se esque\u00e7a que estes snacks <strong>n\u00e3o substituem a alimenta\u00e7\u00e3o habitual<\/strong> e que deve ter sempre \u00e1gua fresca e limpa \u00e0 disposi\u00e7\u00e3o.<\/p>\n<p><strong><em>Cuide da sa\u00fade oral do seu c\u00e3o com estes deliciosos e nutritivos snacks da Criadores.<\/em><\/strong><\/p>\n","protected":false},"excerpt":{"rendered":"<p>Snacks crocantes em forma de almofadas para c\u00e3es, ajudam a reduzir o t\u00e1rtaro e a placa bacteriana e a prevenir a doen\u00e7a periodontal, sem a\u00e7\u00facar, com fibras e vitaminas.<\/p>\n","protected":false},"featured_media":1885,"comment_status":"open","ping_status":"closed","template":"","meta":{"_acf_changed":false},"product_brand":[],"product_cat":[92,98,101],"product_tag":[],"class_list":{"0":"post-2343","1":"product","2":"type-product","3":"status-publish","4":"has-post-thumbnail","6":"product_cat-cao","7":"product_cat-original-pt-pt","8":"product_cat-snacks-pt-pt","10":"first","11":"instock","12":"shipping-taxable","13":"product-type-simple"},"acf":[],"_links":{"self":[{"href":"https:\/\/www.criadores.es\/pt-pt\/wp-json\/wp\/v2\/product\/2343","targetHints":{"allow":["GET"]}}],"collection":[{"href":"https:\/\/www.criadores.es\/pt-pt\/wp-json\/wp\/v2\/product"}],"about":[{"href":"https:\/\/www.criadores.es\/pt-pt\/wp-json\/wp\/v2\/types\/product"}],"replies":[{"embeddable":true,"href":"https:\/\/www.criadores.es\/pt-pt\/wp-json\/wp\/v2\/comments?post=2343"}],"wp:featuredmedia":[{"embeddable":true,"href":"https:\/\/www.criadores.es\/pt-pt\/wp-json\/wp\/v2\/media\/1885"}],"wp:attachment":[{"href":"https:\/\/www.criadores.es\/pt-pt\/wp-json\/wp\/v2\/media?parent=2343"}],"wp:term":[{"taxonomy":"product_brand","embeddable":true,"href":"https:\/\/www.criadores.es\/pt-pt\/wp-json\/wp\/v2\/product_brand?post=2343"},{"taxonomy":"product_cat","embeddable":true,"href":"https:\/\/www.criadores.es\/pt-pt\/wp-json\/wp\/v2\/product_cat?post=2343"},{"taxonomy":"product_tag","embeddable":true,"href":"https:\/\/www.criadores.es\/pt-pt\/wp-json\/wp\/v2\/product_tag?post=2343"}],"curies":[{"name":"wp","href":"https:\/\/api.w.org\/{rel}","templated":true}]}}