{"id":2344,"date":"2025-02-13T13:46:14","date_gmt":"2025-02-13T12:46:14","guid":{"rendered":"https:\/\/www.criadores.es\/producto\/criadores-snacks-sensitive-para-gatos\/"},"modified":"2025-06-12T11:47:13","modified_gmt":"2025-06-12T09:47:13","slug":"criadores-snacks-sensitive-para-gatos","status":"publish","type":"product","link":"https:\/\/www.criadores.es\/pt-pt\/producto\/criadores-snacks-sensitive-para-gatos\/","title":{"rendered":"Criadores Snacks Sensitive para gatos"},"content":{"rendered":"<h2>Snack Criadores Sensitive para gatos com est\u00f4magos sens\u00edveis<\/h2>\n<p>O snack da Criadores Sensitive \u00e9 um <strong>alimento nutritivo formulado com prebi\u00f3ticos<\/strong>. O FOS \u00e9 um prebi\u00f3tico que ajuda a manter uma flora intestinal saud\u00e1vel, enquanto a levedura, a mandioca e o zinco quelatado promovem uma boa digest\u00e3o.<\/p>\n<p>Estes peda\u00e7os em forma de almofada t\u00eam um delicioso sabor a salm\u00e3o e s\u00e3o f\u00e1ceis de comer. Incluem vitamina E e taurina para proteger as c\u00e9lulas e melhorar a sa\u00fade do cora\u00e7\u00e3o.<\/p>\n<p>O snack \u00e9 feito com os melhores ingredientes para proteger o sistema digestivo do seu gato.<\/p>\n<p>Os snacks da Criadores Sensitive funcionam como <strong>complemento a uma dieta equilibrada e saud\u00e1vel<\/strong>. S\u00e3o tamb\u00e9m perfeitos para gatos com sensibilidades alimentares, prevenindo problemas de est\u00f4mago e minimizando alergias.<\/p>\n<p><em>A partir da data de rece\u00e7\u00e3o do produto, este \u00e9 garantido durante 3 meses antes da data de validade, ou 1 m\u00eas no caso dos produtos l\u00e1cteos e dos alimentos biol\u00f3gicos para animais.<\/em><\/p>\n","protected":false},"excerpt":{"rendered":"<p>O snack Criadores Sensitive \u00e9 um alimento nutritivo formulado com prebi\u00f3ticos. O FOS \u00e9 um prebi\u00f3tico que ajuda a manter uma flora intestinal saud\u00e1vel, enquanto as leveduras, o&#8230;<\/p>\n","protected":false},"featured_media":1913,"comment_status":"open","ping_status":"closed","template":"","meta":{"_acf_changed":false},"product_brand":[],"product_cat":[111,106,103],"product_tag":[],"class_list":{"0":"post-2344","1":"product","2":"type-product","3":"status-publish","4":"has-post-thumbnail","6":"product_cat-gatos","7":"product_cat-original-gato-pt-pt","8":"product_cat-snacks-pt","10":"first","11":"instock","12":"shipping-taxable","13":"product-type-simple"},"acf":[],"_links":{"self":[{"href":"https:\/\/www.criadores.es\/pt-pt\/wp-json\/wp\/v2\/product\/2344","targetHints":{"allow":["GET"]}}],"collection":[{"href":"https:\/\/www.criadores.es\/pt-pt\/wp-json\/wp\/v2\/product"}],"about":[{"href":"https:\/\/www.criadores.es\/pt-pt\/wp-json\/wp\/v2\/types\/product"}],"replies":[{"embeddable":true,"href":"https:\/\/www.criadores.es\/pt-pt\/wp-json\/wp\/v2\/comments?post=2344"}],"wp:featuredmedia":[{"embeddable":true,"href":"https:\/\/www.criadores.es\/pt-pt\/wp-json\/wp\/v2\/media\/1913"}],"wp:attachment":[{"href":"https:\/\/www.criadores.es\/pt-pt\/wp-json\/wp\/v2\/media?parent=2344"}],"wp:term":[{"taxonomy":"product_brand","embeddable":true,"href":"https:\/\/www.criadores.es\/pt-pt\/wp-json\/wp\/v2\/product_brand?post=2344"},{"taxonomy":"product_cat","embeddable":true,"href":"https:\/\/www.criadores.es\/pt-pt\/wp-json\/wp\/v2\/product_cat?post=2344"},{"taxonomy":"product_tag","embeddable":true,"href":"https:\/\/www.criadores.es\/pt-pt\/wp-json\/wp\/v2\/product_tag?post=2344"}],"curies":[{"name":"wp","href":"https:\/\/api.w.org\/{rel}","templated":true}]}}