{"id":2345,"date":"2025-02-13T16:06:56","date_gmt":"2025-02-13T15:06:56","guid":{"rendered":"https:\/\/www.criadores.es\/producto\/criadores-snacks-dentarios-veggie-para-caes\/"},"modified":"2025-06-11T15:09:32","modified_gmt":"2025-06-11T13:09:32","slug":"criadores-snacks-dentarios-veggie-para-caes","status":"publish","type":"product","link":"https:\/\/www.criadores.es\/pt-pt\/producto\/criadores-snacks-dentarios-veggie-para-caes\/","title":{"rendered":"Criadores Snacks Dent\u00e1rios Veggie para c\u00e3es"},"content":{"rendered":"<h2>Criadores snacks dentais 100% vegetais para c\u00e3es<\/h2>\n<p>O snack dental Criadores \u00e9 elaborado com alimentos 100% vegetais, j\u00e1 que <strong>n\u00e3o leva ingredientes de origem animal<\/strong>. Funciona como pr\u00e9mio nutritivo para cuidar da sa\u00fade bucal do seu peludo.<\/p>\n<p>O delicioso sabor dos snacks Criadores Veggie \u00e9 proveniente dos subprodutos de origem vegetal e dos extratos de prote\u00ednas vegetais. Al\u00e9m disso inclui hexametafosfato de s\u00f3dio que <strong>combate a forma\u00e7\u00e3o de sarro acumulado e evita a placa bacteriana<\/strong> dos dentes.<\/p>\n<p>O seu melhor amigo n\u00e3o poder\u00e1 se resistir aos saborosos snacks vegetais Criadores.<\/p>\n<p><em>A partir da data em que receba o produto \u00e9 garantido um prazo de 3 meses antes do vencimento da data de validade, ou de 1 m\u00eas no caso dos produtos l\u00e1cteos e da ra\u00e7\u00e3o ecol\u00f3gica.<\/em><\/p>\n","protected":false},"excerpt":{"rendered":"<p>O snack dental Criadores \u00e9 elaborado com alimentos 100% vegetais, j\u00e1 que n\u00e3o leva ingredientes de origem animal . Funciona como pr\u00e9mio nutritivo para cuidar da sa\u00fade&#8230;<\/p>\n","protected":false},"featured_media":1939,"comment_status":"open","ping_status":"closed","template":"","meta":{"_acf_changed":false},"product_brand":[],"product_cat":[92,98,101],"product_tag":[],"class_list":{"0":"post-2345","1":"product","2":"type-product","3":"status-publish","4":"has-post-thumbnail","6":"product_cat-cao","7":"product_cat-original-pt-pt","8":"product_cat-snacks-pt-pt","10":"first","11":"instock","12":"shipping-taxable","13":"product-type-simple"},"acf":[],"_links":{"self":[{"href":"https:\/\/www.criadores.es\/pt-pt\/wp-json\/wp\/v2\/product\/2345","targetHints":{"allow":["GET"]}}],"collection":[{"href":"https:\/\/www.criadores.es\/pt-pt\/wp-json\/wp\/v2\/product"}],"about":[{"href":"https:\/\/www.criadores.es\/pt-pt\/wp-json\/wp\/v2\/types\/product"}],"replies":[{"embeddable":true,"href":"https:\/\/www.criadores.es\/pt-pt\/wp-json\/wp\/v2\/comments?post=2345"}],"wp:featuredmedia":[{"embeddable":true,"href":"https:\/\/www.criadores.es\/pt-pt\/wp-json\/wp\/v2\/media\/1939"}],"wp:attachment":[{"href":"https:\/\/www.criadores.es\/pt-pt\/wp-json\/wp\/v2\/media?parent=2345"}],"wp:term":[{"taxonomy":"product_brand","embeddable":true,"href":"https:\/\/www.criadores.es\/pt-pt\/wp-json\/wp\/v2\/product_brand?post=2345"},{"taxonomy":"product_cat","embeddable":true,"href":"https:\/\/www.criadores.es\/pt-pt\/wp-json\/wp\/v2\/product_cat?post=2345"},{"taxonomy":"product_tag","embeddable":true,"href":"https:\/\/www.criadores.es\/pt-pt\/wp-json\/wp\/v2\/product_tag?post=2345"}],"curies":[{"name":"wp","href":"https:\/\/api.w.org\/{rel}","templated":true}]}}