{"id":2346,"date":"2025-02-07T13:37:22","date_gmt":"2025-02-07T12:37:22","guid":{"rendered":"https:\/\/www.criadores.es\/producto\/criadores-snacks-dentarios-halito-fresco-para-caes\/"},"modified":"2025-02-07T13:37:22","modified_gmt":"2025-02-07T12:37:22","slug":"criadores-snacks-dentarios-halito-fresco-para-caes","status":"publish","type":"product","link":"https:\/\/www.criadores.es\/pt-pt\/producto\/criadores-snacks-dentarios-halito-fresco-para-caes\/","title":{"rendered":"Criadores Snacks Dent\u00e1rios H\u00e1lito Fresco para c\u00e3es"},"content":{"rendered":"<h2>Criadores Sticks dentais para o h\u00e1lito dos c\u00e3es<\/h2>\n<p>Os snacks dentais Criadores ajudam a manter os dentes do seu c\u00e3o saud\u00e1veis e reluzentes, al\u00e9m de <strong>prevenirem o mau h\u00e1lito<\/strong>. Estes sticks funcionam como limpadores dentais ao eliminar o sarro acumulado do seu peludo. Al\u00e9m disso, <strong>ajudam a fortalecer a mand\u00edbula <\/strong>do seu melhor amigo.<\/p>\n<p>Este <strong>delicioso pr\u00e9mio nutritivo <\/strong>\u00e9 elaborado com carnes, como a vitela e o frango, al\u00e9m disso inclui prote\u00ednas vegetais e subst\u00e2ncias minerais que cuidam do sistema imunol\u00f3gico do seu c\u00e3o. <strong>Com \u00f3leo de eucalipto<\/strong>, que previne poss\u00edveis doen\u00e7as respirat\u00f3rias.<\/p>\n<p><strong>Cuide da sa\u00fade bucal do seu peludo <\/strong>com estes saborosos e deliciosos snacks dentais.<\/p>\n<p><em>A partir da data em que receba o produto \u00e9 garantido um prazo de 3 meses antes do vencimento da data de validade, ou de 1 m\u00eas no caso dos produtos l\u00e1cteos e da ra\u00e7\u00e3o ecol\u00f3gica.<\/em><\/p>\n","protected":false},"excerpt":{"rendered":"<p>Os snacks dentais Criadores ajudam a manter os dentes do seu c\u00e3o saud\u00e1veis e reluzentes, al\u00e9m de prevenirem o mau h\u00e1lito . Estes sticks funcionam como limpadores dentais ao&#8230;<\/p>\n","protected":false},"featured_media":1532,"comment_status":"open","ping_status":"closed","template":"","meta":{"_acf_changed":false},"product_brand":[],"product_cat":[92,98,101],"product_tag":[],"class_list":{"0":"post-2346","1":"product","2":"type-product","3":"status-publish","4":"has-post-thumbnail","6":"product_cat-cao","7":"product_cat-original-pt-pt","8":"product_cat-snacks-pt-pt","10":"first","11":"instock","12":"shipping-taxable","13":"product-type-simple"},"acf":[],"_links":{"self":[{"href":"https:\/\/www.criadores.es\/pt-pt\/wp-json\/wp\/v2\/product\/2346","targetHints":{"allow":["GET"]}}],"collection":[{"href":"https:\/\/www.criadores.es\/pt-pt\/wp-json\/wp\/v2\/product"}],"about":[{"href":"https:\/\/www.criadores.es\/pt-pt\/wp-json\/wp\/v2\/types\/product"}],"replies":[{"embeddable":true,"href":"https:\/\/www.criadores.es\/pt-pt\/wp-json\/wp\/v2\/comments?post=2346"}],"wp:featuredmedia":[{"embeddable":true,"href":"https:\/\/www.criadores.es\/pt-pt\/wp-json\/wp\/v2\/media\/1532"}],"wp:attachment":[{"href":"https:\/\/www.criadores.es\/pt-pt\/wp-json\/wp\/v2\/media?parent=2346"}],"wp:term":[{"taxonomy":"product_brand","embeddable":true,"href":"https:\/\/www.criadores.es\/pt-pt\/wp-json\/wp\/v2\/product_brand?post=2346"},{"taxonomy":"product_cat","embeddable":true,"href":"https:\/\/www.criadores.es\/pt-pt\/wp-json\/wp\/v2\/product_cat?post=2346"},{"taxonomy":"product_tag","embeddable":true,"href":"https:\/\/www.criadores.es\/pt-pt\/wp-json\/wp\/v2\/product_tag?post=2346"}],"curies":[{"name":"wp","href":"https:\/\/api.w.org\/{rel}","templated":true}]}}