{"id":2347,"date":"2025-02-13T16:01:07","date_gmt":"2025-02-13T15:01:07","guid":{"rendered":"https:\/\/www.criadores.es\/producto\/criadores-snacks-dentarios-grain-free-para-caes-de-raca-pequena\/"},"modified":"2025-06-11T15:09:38","modified_gmt":"2025-06-11T13:09:38","slug":"criadores-snacks-dentarios-grain-free-para-caes-de-raca-pequena","status":"publish","type":"product","link":"https:\/\/www.criadores.es\/pt-pt\/producto\/criadores-snacks-dentarios-grain-free-para-caes-de-raca-pequena\/","title":{"rendered":"Criadores Snacks Dent\u00e1rios Grain Free para c\u00e3es de ra\u00e7a peque\u00f1a"},"content":{"rendered":"<h2>Petiscos dent\u00e1rios para c\u00e3es de ra\u00e7a mini<\/h2>\n<p>Estes<strong> lanches dent\u00e1rios para c\u00e3es<\/strong> t\u00eam m\u00faltiplos benef\u00edcios para o seu pequeno animal de estima\u00e7\u00e3o, ajudam a<strong> prevenir o t\u00e1rtaro<\/strong> e, consequentemente, a placa bacteriana nos dentes; ao n\u00e3o conter gr\u00e3os, foram adicionados frutos e vegetais de <strong>alto valor nutricional<\/strong> para evitar indigest\u00e3o ou alergias.<\/p>\n<p>Al\u00e9m disso, <strong>promove uma boa digest\u00e3o e ajuda o trato intestinal<\/strong>, <strong>fortalece tamb\u00e9m o sistema imunit\u00e1rio<\/strong> e pode utiliz\u00e1-lo como recompensa e que a forma como foi concebido os dentes do seu animal de estima\u00e7\u00e3o ser\u00e1 muito limpa.<\/p>\n<p><em>O seu animal de estima\u00e7\u00e3o n\u00e3o conseguir\u00e1 resistir a estes petiscos!<\/em><\/p>\n","protected":false},"excerpt":{"rendered":"<p>Sticks dent\u00e1rios para c\u00e3es de ra\u00e7as pequenas.<\/p>\n","protected":false},"featured_media":1937,"comment_status":"open","ping_status":"closed","template":"","meta":{"_acf_changed":false},"product_brand":[],"product_cat":[92,97,101],"product_tag":[],"class_list":{"0":"post-2347","1":"product","2":"type-product","3":"status-publish","4":"has-post-thumbnail","6":"product_cat-cao","7":"product_cat-grain-free-pt-pt","8":"product_cat-snacks-pt-pt","10":"first","11":"instock","12":"shipping-taxable","13":"product-type-simple"},"acf":[],"_links":{"self":[{"href":"https:\/\/www.criadores.es\/pt-pt\/wp-json\/wp\/v2\/product\/2347","targetHints":{"allow":["GET"]}}],"collection":[{"href":"https:\/\/www.criadores.es\/pt-pt\/wp-json\/wp\/v2\/product"}],"about":[{"href":"https:\/\/www.criadores.es\/pt-pt\/wp-json\/wp\/v2\/types\/product"}],"replies":[{"embeddable":true,"href":"https:\/\/www.criadores.es\/pt-pt\/wp-json\/wp\/v2\/comments?post=2347"}],"wp:featuredmedia":[{"embeddable":true,"href":"https:\/\/www.criadores.es\/pt-pt\/wp-json\/wp\/v2\/media\/1937"}],"wp:attachment":[{"href":"https:\/\/www.criadores.es\/pt-pt\/wp-json\/wp\/v2\/media?parent=2347"}],"wp:term":[{"taxonomy":"product_brand","embeddable":true,"href":"https:\/\/www.criadores.es\/pt-pt\/wp-json\/wp\/v2\/product_brand?post=2347"},{"taxonomy":"product_cat","embeddable":true,"href":"https:\/\/www.criadores.es\/pt-pt\/wp-json\/wp\/v2\/product_cat?post=2347"},{"taxonomy":"product_tag","embeddable":true,"href":"https:\/\/www.criadores.es\/pt-pt\/wp-json\/wp\/v2\/product_tag?post=2347"}],"curies":[{"name":"wp","href":"https:\/\/api.w.org\/{rel}","templated":true}]}}