{"id":2348,"date":"2025-02-14T08:30:53","date_gmt":"2025-02-14T07:30:53","guid":{"rendered":"https:\/\/www.criadores.es\/producto\/criadores-snacks-dentarios-grain-free-para-caes-de-raca-media\/"},"modified":"2025-06-11T17:49:00","modified_gmt":"2025-06-11T15:49:00","slug":"criadores-snacks-dentarios-grain-free-para-caes-de-raca-media","status":"publish","type":"product","link":"https:\/\/www.criadores.es\/pt-pt\/producto\/criadores-snacks-dentarios-grain-free-para-caes-de-raca-media\/","title":{"rendered":"Criadores Snacks Dent\u00e1rios Grain Free para c\u00e3es de ra\u00e7a m\u00e9dia"},"content":{"rendered":"<h2>Stick dental Criadores livre de cereais para c\u00e3es<\/h2>\n<p>Os snacks dentais Criadores s\u00e3o um <strong>pr\u00e9mio dental e nutritivo muito saud\u00e1vel<\/strong>, j\u00e1 que s\u00e3o compostos por <strong>ingredientes naturais e sem cereais<\/strong>.<\/p>\n<p>Os sticks s\u00e3o perfeitos para c\u00e3es com est\u00f4mago sens\u00edvel ou com alguma intoler\u00e2ncia alimentar, j\u00e1 que como n\u00e3o cont\u00eam gr\u00e3os <strong>promovem uma correta digest\u00e3o e ajudam no tr\u00e2nsito intestinal<\/strong>. Os cereais foram substitu\u00eddos por frutas, como a ma\u00e7\u00e3, que cuidam da pele e do pelo do seu peludo.<\/p>\n<p>O delicioso snack est\u00e1 <strong>enriquecido com vitaminas e minerais<\/strong> que cuidam do sistema imunol\u00f3gico. O seu amigo n\u00e3o poder\u00e1 se resistir a estes deliciosos sticks que garantem uma <strong>boa sa\u00fade bucal<\/strong>.<\/p>\n<p><em>A partir da data em que receba o produto \u00e9 garantido um prazo de 3 meses antes do vencimento da data de validade, ou de 1 m\u00eas no caso dos produtos l\u00e1cteos e da ra\u00e7\u00e3o ecol\u00f3gica.<\/em><\/p>\n","protected":false},"excerpt":{"rendered":"<p>Os snacks dentais Criadores s\u00e3o um pr\u00e9mio dental e nutritivo muito saud\u00e1vel , j\u00e1 que s\u00e3o compostos por ingredientes naturais e sem cereais&#8230;<\/p>\n","protected":false},"featured_media":1992,"comment_status":"open","ping_status":"closed","template":"","meta":{"_acf_changed":false},"product_brand":[],"product_cat":[92,97,101],"product_tag":[],"class_list":{"0":"post-2348","1":"product","2":"type-product","3":"status-publish","4":"has-post-thumbnail","6":"product_cat-cao","7":"product_cat-grain-free-pt-pt","8":"product_cat-snacks-pt-pt","10":"first","11":"instock","12":"shipping-taxable","13":"product-type-simple"},"acf":[],"_links":{"self":[{"href":"https:\/\/www.criadores.es\/pt-pt\/wp-json\/wp\/v2\/product\/2348","targetHints":{"allow":["GET"]}}],"collection":[{"href":"https:\/\/www.criadores.es\/pt-pt\/wp-json\/wp\/v2\/product"}],"about":[{"href":"https:\/\/www.criadores.es\/pt-pt\/wp-json\/wp\/v2\/types\/product"}],"replies":[{"embeddable":true,"href":"https:\/\/www.criadores.es\/pt-pt\/wp-json\/wp\/v2\/comments?post=2348"}],"wp:featuredmedia":[{"embeddable":true,"href":"https:\/\/www.criadores.es\/pt-pt\/wp-json\/wp\/v2\/media\/1992"}],"wp:attachment":[{"href":"https:\/\/www.criadores.es\/pt-pt\/wp-json\/wp\/v2\/media?parent=2348"}],"wp:term":[{"taxonomy":"product_brand","embeddable":true,"href":"https:\/\/www.criadores.es\/pt-pt\/wp-json\/wp\/v2\/product_brand?post=2348"},{"taxonomy":"product_cat","embeddable":true,"href":"https:\/\/www.criadores.es\/pt-pt\/wp-json\/wp\/v2\/product_cat?post=2348"},{"taxonomy":"product_tag","embeddable":true,"href":"https:\/\/www.criadores.es\/pt-pt\/wp-json\/wp\/v2\/product_tag?post=2348"}],"curies":[{"name":"wp","href":"https:\/\/api.w.org\/{rel}","templated":true}]}}