{"id":2349,"date":"2025-02-14T09:36:48","date_gmt":"2025-02-14T08:36:48","guid":{"rendered":"https:\/\/www.criadores.es\/producto\/criadores-snacks-dentarios-grain-free-para-caes-de-raca-grande\/"},"modified":"2025-06-11T13:55:06","modified_gmt":"2025-06-11T11:55:06","slug":"criadores-snacks-dentarios-grain-free-para-caes-de-raca-grande","status":"publish","type":"product","link":"https:\/\/www.criadores.es\/pt-pt\/producto\/criadores-snacks-dentarios-grain-free-para-caes-de-raca-grande\/","title":{"rendered":"Criadores Snacks Dent\u00e1rios Grain Free para c\u00e3es de ra\u00e7a grande"},"content":{"rendered":"<h2>Lanche para os dentes do seu c\u00e3o<\/h2>\n<p>Este produto da <strong>Criadores \u00e9 um lanche dent\u00e1rio para c\u00e3es de ra\u00e7a grande<\/strong>, <strong>barras com sabor a frango<\/strong> que, para al\u00e9m de servir como recompensa ou um deleite para manter o seu grande amigo feliz, ir\u00e1<strong> combater a acumula\u00e7\u00e3o de t\u00e1rtaro nos seus dentes<\/strong>, <strong>manter o seu h\u00e1lito fresco e cuidar da sa\u00fade oral<\/strong> do seu amigo de quatro patas.<\/p>\n<p>Esta <strong>caixa<\/strong> vem com uma quantidade de<strong> 28 guloseimas<\/strong> que lhe <strong>durar\u00e3o um m\u00eas ou 4 semanas<\/strong>. Estas barras s\u00e3o embaladas em 7 pacotes, para que mantenham o seu cheiro e sabor enquanto as tiver em casa.<\/p>\n<p><strong>A sua textura \u00e9 dura e ao mesmo tempo flex\u00edvel<\/strong> para que seja eficaz quando o seu c\u00e3o o mastiga, o tamanho das barras <strong>adapta-se \u00e0 mand\u00edbula<\/strong> do seu grande amigo de ra\u00e7a.<\/p>\n<p><em>Esta \u00e9 a melhor maneira de cuidar da sa\u00fade dent\u00e1ria do seu grande amigo!<\/em><\/p>\n","protected":false},"excerpt":{"rendered":"<p>Petiscos para c\u00e3es grandes da Criadores.<\/p>\n","protected":false},"featured_media":2013,"comment_status":"open","ping_status":"closed","template":"","meta":{"_acf_changed":false},"product_brand":[],"product_cat":[92,97,101],"product_tag":[],"class_list":{"0":"post-2349","1":"product","2":"type-product","3":"status-publish","4":"has-post-thumbnail","6":"product_cat-cao","7":"product_cat-grain-free-pt-pt","8":"product_cat-snacks-pt-pt","10":"first","11":"instock","12":"shipping-taxable","13":"product-type-simple"},"acf":[],"_links":{"self":[{"href":"https:\/\/www.criadores.es\/pt-pt\/wp-json\/wp\/v2\/product\/2349","targetHints":{"allow":["GET"]}}],"collection":[{"href":"https:\/\/www.criadores.es\/pt-pt\/wp-json\/wp\/v2\/product"}],"about":[{"href":"https:\/\/www.criadores.es\/pt-pt\/wp-json\/wp\/v2\/types\/product"}],"replies":[{"embeddable":true,"href":"https:\/\/www.criadores.es\/pt-pt\/wp-json\/wp\/v2\/comments?post=2349"}],"wp:featuredmedia":[{"embeddable":true,"href":"https:\/\/www.criadores.es\/pt-pt\/wp-json\/wp\/v2\/media\/2013"}],"wp:attachment":[{"href":"https:\/\/www.criadores.es\/pt-pt\/wp-json\/wp\/v2\/media?parent=2349"}],"wp:term":[{"taxonomy":"product_brand","embeddable":true,"href":"https:\/\/www.criadores.es\/pt-pt\/wp-json\/wp\/v2\/product_brand?post=2349"},{"taxonomy":"product_cat","embeddable":true,"href":"https:\/\/www.criadores.es\/pt-pt\/wp-json\/wp\/v2\/product_cat?post=2349"},{"taxonomy":"product_tag","embeddable":true,"href":"https:\/\/www.criadores.es\/pt-pt\/wp-json\/wp\/v2\/product_tag?post=2349"}],"curies":[{"name":"wp","href":"https:\/\/api.w.org\/{rel}","templated":true}]}}