{"id":2350,"date":"2025-02-13T09:17:34","date_gmt":"2025-02-13T08:17:34","guid":{"rendered":"https:\/\/www.criadores.es\/producto\/criadores-nervo-de-touro-para-caes\/"},"modified":"2025-06-12T12:47:50","modified_gmt":"2025-06-12T10:47:50","slug":"criadores-nervo-de-touro-para-caes","status":"publish","type":"product","link":"https:\/\/www.criadores.es\/pt-pt\/producto\/criadores-nervo-de-touro-para-caes\/","title":{"rendered":"Criadores nervo de touro para c\u00e3es"},"content":{"rendered":"<h2>Snack natural de nervo de touro para c\u00e3es<\/h2>\n<p>O nervo de touro 100% natural Criadores \u00e9 um snack para c\u00e3es que<strong> melhora a higiene dental e reduz a ansiedade<\/strong>. Uma deliciosa guloseima que proporcionar\u00e1 longos momentos de divers\u00e3o e deleite ao seu peludo cada dia. \u00c9 <strong>completamente natural e muito saud\u00e1vel<\/strong>, com um alto conte\u00fado de prote\u00ednas para um aporte extra na dieta do c\u00e3o.<\/p>\n<p>Este snack \u00e9 aut\u00eantico nervo de boi 100%, <strong>desidratado, defumado e sem aditivos<\/strong>. O seu peludo ir\u00e1 adorar a sua forma em stick com textura grossa e rugosa. Proporciona um <strong>entretenimento duradouro<\/strong> gra\u00e7as \u00e0 sua consist\u00eancia dura e mastig\u00e1vel. \u00a0Age como um limpador dental, com um efeito de escovado que ajuda a eliminar o t\u00e1rtaro e prevenir a placa, mantendo os dentes limpos e saud\u00e1veis. \u00a0A mastiga\u00e7\u00e3o tamb\u00e9m fortalece os m\u00fasculos da mand\u00edbula, ao mesmo tempo em que diminui o stress do c\u00e3o.<\/p>\n<p><strong><em>O nervo de touro 100% natural Criadores limpa os dentes dos c\u00e3es enquanto mastigam ao mesmo tempo em que acalma a sua ansiedade. <\/em><\/strong><\/p>\n<p><em>A partir da data em que os receba \u00e9 garantido um prazo de 3 meses antes do vencimento da data de validade, ou de 1 m\u00eas no caso dos produtos l\u00b4cteos e a ra\u00e7\u00e3o ecol\u00f3gica.<\/em><\/p>\n","protected":false},"excerpt":{"rendered":"<p>O Nervo de Touro para c\u00e3es \u00e9 um lanche totalmente natural, baixo em gorduras e rico em prote\u00ednas, \u00e9 f\u00e1cil de digerir, mant\u00e9m o c\u00e3o entretido e limpa os dentes e gengivas para evitar o ac\u00famulo de placa dental.<\/p>\n","protected":false},"featured_media":1813,"comment_status":"open","ping_status":"closed","template":"","meta":{"_acf_changed":false},"product_brand":[],"product_cat":[92,98,101],"product_tag":[],"class_list":{"0":"post-2350","1":"product","2":"type-product","3":"status-publish","4":"has-post-thumbnail","6":"product_cat-cao","7":"product_cat-original-pt-pt","8":"product_cat-snacks-pt-pt","10":"first","11":"instock","12":"shipping-taxable","13":"product-type-simple"},"acf":[],"_links":{"self":[{"href":"https:\/\/www.criadores.es\/pt-pt\/wp-json\/wp\/v2\/product\/2350","targetHints":{"allow":["GET"]}}],"collection":[{"href":"https:\/\/www.criadores.es\/pt-pt\/wp-json\/wp\/v2\/product"}],"about":[{"href":"https:\/\/www.criadores.es\/pt-pt\/wp-json\/wp\/v2\/types\/product"}],"replies":[{"embeddable":true,"href":"https:\/\/www.criadores.es\/pt-pt\/wp-json\/wp\/v2\/comments?post=2350"}],"wp:featuredmedia":[{"embeddable":true,"href":"https:\/\/www.criadores.es\/pt-pt\/wp-json\/wp\/v2\/media\/1813"}],"wp:attachment":[{"href":"https:\/\/www.criadores.es\/pt-pt\/wp-json\/wp\/v2\/media?parent=2350"}],"wp:term":[{"taxonomy":"product_brand","embeddable":true,"href":"https:\/\/www.criadores.es\/pt-pt\/wp-json\/wp\/v2\/product_brand?post=2350"},{"taxonomy":"product_cat","embeddable":true,"href":"https:\/\/www.criadores.es\/pt-pt\/wp-json\/wp\/v2\/product_cat?post=2350"},{"taxonomy":"product_tag","embeddable":true,"href":"https:\/\/www.criadores.es\/pt-pt\/wp-json\/wp\/v2\/product_tag?post=2350"}],"curies":[{"name":"wp","href":"https:\/\/api.w.org\/{rel}","templated":true}]}}