{"id":2351,"date":"2025-02-11T12:40:42","date_gmt":"2025-02-11T11:40:42","guid":{"rendered":"https:\/\/www.criadores.es\/producto\/criadores-malte-natural-para-gatos-e-caes\/"},"modified":"2025-06-11T17:19:42","modified_gmt":"2025-06-11T15:19:42","slug":"criadores-malte-natural-para-gatos-e-caes","status":"publish","type":"product","link":"https:\/\/www.criadores.es\/pt-pt\/producto\/criadores-malte-natural-para-gatos-e-caes\/","title":{"rendered":"Criadores malte natural para gatos e c\u00e3es"},"content":{"rendered":"<h2>Suplemento nutricional de malte para animais de estima\u00e7\u00e3o<\/h2>\n<p>O <strong>malte natural para gatos e c\u00e3es da Criadores <\/strong>\u00e9 uma das melhores op\u00e7\u00f5es que existem para oferecer ao seu animal de estima\u00e7\u00e3o como forma de preven\u00e7\u00e3o e\/ou tratamento de transtornos digestivos. Trata-se de um <strong>alimento complementar formulado para regular as altera\u00e7\u00f5es digestivas <\/strong>em gatos e c\u00e3es de qualquer ra\u00e7a, idade ou porte, para ajudar o seu animal de estima\u00e7\u00e3o a manter uma alimenta\u00e7\u00e3o adequada.<\/p>\n<p>Este suplemento de malte \u00e9 um <strong>efetivo regulador digestivo<\/strong>, gra\u00e7as \u00e0 sua receita que inclui suaves propriedades laxantes que o tornam adequado para ajudar a <strong>eliminar as bolas de pelo <\/strong>que tanto afetam a sa\u00fade digestiva e alimentar dos gatos, assim como <strong>facilitar o tr\u00e2nsito intestinal <\/strong>no geral, tanto em c\u00e3es como em gatos.<\/p>\n<p>A Criadores projeta sempre produtos fabricados com <strong>ingredientes naturais da mais alta qualidade<\/strong>. Este alimento para animais de estima\u00e7\u00e3o <strong>cont\u00e9m extrato de malte (40%), <\/strong>levedura de cerveja, lecitina de soja e \u00f3leo mineral, ingredientes que garantem o adequado funcionamento do aparelho digestivo do seu animal de estima\u00e7\u00e3o o que contribui para que tenha uma vida saud\u00e1vel e feliz.<\/p>\n<p align=\"\"><strong><em>Com o malte natural para gatos e c\u00e3es da Criadores garantir\u00e1 a sa\u00fade digestiva do seu animal de estima\u00e7\u00e3o.<\/em><\/strong><\/p>\n<p><em>A partir da data em que os receba \u00e9 garantido um prazo de 3 meses antes do vencimento da data de validade, ou de 1 m\u00eas no caso dos produtos l\u00e1cteos e a ra\u00e7\u00e3o ecol\u00f3gica.<\/em><\/p>\n","protected":false},"excerpt":{"rendered":"<p>O malte natural para gatos e c\u00e3es da Criadores \u00e9 uma das melhores op\u00e7\u00f5es que existem para oferecer ao seu animal de estima\u00e7\u00e3o como forma de<\/p>\n","protected":false},"featured_media":1670,"comment_status":"open","ping_status":"closed","template":"","meta":{"_acf_changed":false},"product_brand":[],"product_cat":[111,106,103],"product_tag":[],"class_list":{"0":"post-2351","1":"product","2":"type-product","3":"status-publish","4":"has-post-thumbnail","6":"product_cat-gatos","7":"product_cat-original-gato-pt-pt","8":"product_cat-snacks-pt","10":"first","11":"instock","12":"shipping-taxable","13":"product-type-simple"},"acf":[],"_links":{"self":[{"href":"https:\/\/www.criadores.es\/pt-pt\/wp-json\/wp\/v2\/product\/2351","targetHints":{"allow":["GET"]}}],"collection":[{"href":"https:\/\/www.criadores.es\/pt-pt\/wp-json\/wp\/v2\/product"}],"about":[{"href":"https:\/\/www.criadores.es\/pt-pt\/wp-json\/wp\/v2\/types\/product"}],"replies":[{"embeddable":true,"href":"https:\/\/www.criadores.es\/pt-pt\/wp-json\/wp\/v2\/comments?post=2351"}],"wp:featuredmedia":[{"embeddable":true,"href":"https:\/\/www.criadores.es\/pt-pt\/wp-json\/wp\/v2\/media\/1670"}],"wp:attachment":[{"href":"https:\/\/www.criadores.es\/pt-pt\/wp-json\/wp\/v2\/media?parent=2351"}],"wp:term":[{"taxonomy":"product_brand","embeddable":true,"href":"https:\/\/www.criadores.es\/pt-pt\/wp-json\/wp\/v2\/product_brand?post=2351"},{"taxonomy":"product_cat","embeddable":true,"href":"https:\/\/www.criadores.es\/pt-pt\/wp-json\/wp\/v2\/product_cat?post=2351"},{"taxonomy":"product_tag","embeddable":true,"href":"https:\/\/www.criadores.es\/pt-pt\/wp-json\/wp\/v2\/product_tag?post=2351"}],"curies":[{"name":"wp","href":"https:\/\/api.w.org\/{rel}","templated":true}]}}