{"id":2352,"date":"2025-02-11T16:58:11","date_gmt":"2025-02-11T15:58:11","guid":{"rendered":"https:\/\/www.criadores.es\/producto\/criadores-malte-com-omega-3-e-6-para-caes-e-gatos\/"},"modified":"2025-06-12T13:33:48","modified_gmt":"2025-06-12T11:33:48","slug":"criadores-malte-com-omega-3-e-6-para-caes-e-gatos","status":"publish","type":"product","link":"https:\/\/www.criadores.es\/pt-pt\/producto\/criadores-malte-com-omega-3-e-6-para-caes-e-gatos\/","title":{"rendered":"Criadores malte com \u00f3mega 3 e 6 para c\u00e3es e gatos"},"content":{"rendered":"<h2>Suplemento nutricional de malte com \u00f3mega 3 e \u00f3mega 6<\/h2>\n<p>O <strong>malte da Criadores, enriquecido com \u00e1cidos gordos e \u00f3mega 3 e 6,<\/strong> \u00e9 a solu\u00e7\u00e3o ideal para prevenir problemas digestivos e refor\u00e7ar o sistema imunit\u00e1rio do seu animal de estima\u00e7\u00e3o. Este <strong>suplemento alimentar atua na regula\u00e7\u00e3o de dist\u00farbios e problemas digestivos<\/strong> em gatos e c\u00e3es de todas as idades, ra\u00e7as e tamanhos, promovendo uma pele saud\u00e1vel e <strong>conferindo brilho \u00e0 pelagem<\/strong> devido ao seu conte\u00fado de \u00e1cidos gordos.<\/p>\n<p>Este suplemento age como um <strong>eficaz regulador digestivo<\/strong>. Gra\u00e7as \u00e0s suas propriedades laxantes suaves, \u00e9 especialmente ben\u00e9fico para <strong>eliminar bolas de pelo<\/strong> que se acumulam no est\u00f4mago dos gatos, prejudiciais para a sua sa\u00fade, e facilita tamb\u00e9m o tr\u00e2nsito intestinal em c\u00e3es. A sua f\u00f3rmula, rica em <strong>\u00e1cidos gordos, fortalece o sistema imunit\u00e1rio do seu animal<\/strong>, ao mesmo tempo que lhe proporciona uma pelagem robusta e luminosa, indicativo de boa sa\u00fade.<\/p>\n<p>Este suplemento para animais de estima\u00e7\u00e3o integra na sua composi\u00e7\u00e3o diversos ingredientes que asseguram o bom funcionamento do sistema digestivo, tais como o <strong>extrato de malte (37%), \u00f3leo de peixe<\/strong> (5%), \u00f3leo de onagra (5%), taurina, levedura de cerveja, lecitina de soja e \u00f3leo mineral. Com o malte enriquecido com \u00e1cidos gordos e \u00f3mega 3 e 6 da Criadores, o seu animal de estima\u00e7\u00e3o manter-se-\u00e1 saud\u00e1vel e contente.<\/p>\n<p align=\"\"><strong><em>Com o malte enriquecido com \u00e1cidos gordos \u00f3mega 3 e 6 da Criadores, ajudar\u00e1 o seu animal de estima\u00e7\u00e3o a manter a sua sa\u00fade digestiva em perfeitas condi\u00e7\u00f5es.<\/em><\/strong><\/p>\n<p><em>A partir do momento em que receber, garantimos um prazo de 3 meses at\u00e9 ao fim da data de validade, ou de 1 m\u00eas no caso dos produtos l\u00e1cteos e da ra\u00e7\u00e3o org\u00e2nica.<\/em><\/p>\n","protected":false},"excerpt":{"rendered":"<p>O malte da Criadores, enriquecido com \u00e1cidos gordos e \u00f3mega 3 e 6, \u00e9 precisamente o que procurava para ajudar o seu animal de estima\u00e7\u00e3o a prevenir problemas digestivos e refor\u00e7ar o sistema imunit\u00e1rio.<\/p>\n","protected":false},"featured_media":1700,"comment_status":"open","ping_status":"closed","template":"","meta":{"_acf_changed":false},"product_brand":[],"product_cat":[111,106,103],"product_tag":[],"class_list":{"0":"post-2352","1":"product","2":"type-product","3":"status-publish","4":"has-post-thumbnail","6":"product_cat-gatos","7":"product_cat-original-gato-pt-pt","8":"product_cat-snacks-pt","10":"first","11":"instock","12":"shipping-taxable","13":"product-type-simple"},"acf":[],"_links":{"self":[{"href":"https:\/\/www.criadores.es\/pt-pt\/wp-json\/wp\/v2\/product\/2352","targetHints":{"allow":["GET"]}}],"collection":[{"href":"https:\/\/www.criadores.es\/pt-pt\/wp-json\/wp\/v2\/product"}],"about":[{"href":"https:\/\/www.criadores.es\/pt-pt\/wp-json\/wp\/v2\/types\/product"}],"replies":[{"embeddable":true,"href":"https:\/\/www.criadores.es\/pt-pt\/wp-json\/wp\/v2\/comments?post=2352"}],"wp:featuredmedia":[{"embeddable":true,"href":"https:\/\/www.criadores.es\/pt-pt\/wp-json\/wp\/v2\/media\/1700"}],"wp:attachment":[{"href":"https:\/\/www.criadores.es\/pt-pt\/wp-json\/wp\/v2\/media?parent=2352"}],"wp:term":[{"taxonomy":"product_brand","embeddable":true,"href":"https:\/\/www.criadores.es\/pt-pt\/wp-json\/wp\/v2\/product_brand?post=2352"},{"taxonomy":"product_cat","embeddable":true,"href":"https:\/\/www.criadores.es\/pt-pt\/wp-json\/wp\/v2\/product_cat?post=2352"},{"taxonomy":"product_tag","embeddable":true,"href":"https:\/\/www.criadores.es\/pt-pt\/wp-json\/wp\/v2\/product_tag?post=2352"}],"curies":[{"name":"wp","href":"https:\/\/api.w.org\/{rel}","templated":true}]}}