{"id":2353,"date":"2025-02-07T12:04:34","date_gmt":"2025-02-07T11:04:34","guid":{"rendered":"https:\/\/www.criadores.es\/producto\/criadores-comida-humida-com-frutas-para-caes\/"},"modified":"2025-06-12T09:30:29","modified_gmt":"2025-06-12T07:30:29","slug":"criadores-comida-humida-com-frutas-para-caes","status":"publish","type":"product","link":"https:\/\/www.criadores.es\/pt-pt\/producto\/criadores-comida-humida-com-frutas-para-caes\/","title":{"rendered":"Criadores comida h\u00famida com frutas para c\u00e3es"},"content":{"rendered":"<h2>Comida vegetariana macia com verduras, frutas e ovo<\/h2>\n<p style=\"text-align: justify;\">O alimento h\u00famido vegetariano para c\u00e3es Criadores com frutas \u00e9 uma ra\u00e7\u00e3o completa e equilibrada que cont\u00e9m <strong>todos os nutrientes necess\u00e1rios para que os c\u00e3es cres\u00e7am saud\u00e1veis<\/strong>, evitando a carne de animais. Esta ra\u00e7\u00e3o de grande qualidade pertence \u00e0 marca Criadores, uma alternativa saud\u00e1vel que preserva o bem-estar dos animais e <strong>que s\u00f3 encontrar\u00e1 \u00e0 venda em Tiendanimal.<\/strong><\/p>\n<p style=\"text-align: justify;\">Esta comida ecol\u00f3gica para c\u00e3es cont\u00e9m ingredientes ben\u00e9ficos como frutas, verduras, ovo e requeij\u00e3o para obter <strong>um aporte natural de vitaminas, minerais e prote\u00ednas de alto valor biol\u00f3gico<\/strong>. Os ovos s\u00e3o uma fant\u00e1stica fonte de prote\u00ednas que ajudam os c\u00e3es com transtornos digestivos a que tenham uma <strong>f\u00e1cil digest\u00e3o<\/strong>. Al\u00e9m disso, a aus\u00eancia de carne e peixe a convertem em um alimento perfeito para os animais que t\u00eam intoler\u00e2ncias devido \u00e0 sua <strong>baixa taxa alerg\u00eanica<\/strong>.<\/p>\n<p style=\"text-align: justify;\">Tamb\u00e9m cont\u00e9m \u00f3leo de linha\u00e7a, uma fonte de \u00e1cidos gordos \u00f3mega 3 essencial para ajudar a que a pele e o pelo estejam saud\u00e1veis e manter ao mesmo tempo um manto suave e brilhante.<\/p>\n<p style=\"text-align: justify;\">O \u00f3leo de linha\u00e7a n\u00e3o s\u00f3 <strong>atua sobre o pelo e a pele<\/strong>, reduzindo a pele seca e a comich\u00e3o, como tem muitas outras propriedades que beneficiam os nossos animais de estima\u00e7\u00e3o: funciona como anti-inflamat\u00f3rio, pode ajudar a c\u00e3es com problemas nas articula\u00e7\u00f5es, regula a press\u00e3o arterial e o funcionamento dos rins. Al\u00e9m disso, <strong>fortalece o sistema imunol\u00f3gico<\/strong> para poder lutar melhor contra poss\u00edveis doen\u00e7as.<\/p>\n<p style=\"text-align: justify;\">A ra\u00e7\u00e3o h\u00famida de Criadores \u00e9 ideal para acostumar c\u00e3es \u00e0 comida s\u00f3lida, para c\u00e3es idosos que t\u00eam dificuldade de mastigar e, com certeza, <strong>para dar um mimo ao seu animal de estima\u00e7\u00e3o misturando-a com sua comida habitual<\/strong> ou premiando-o qualquer dia com este delicioso e macio alimento vegetariano. Al\u00e9m disso, \u00e9 recomendado para c\u00e3es com excesso de peso, com alergias a carne ou peixe, com problemas digestivos ou com o trato intestinal sens\u00edvel e para os que t\u00eam problemas de pele.<\/p>\n<p align=\"center\"><em>O <strong>alimento h\u00famido vegetariano Criadores com frutas<\/strong> \u00e9 ideal para c\u00e3es com alergias \u00e0 carne e com problemas digestivos.<\/em><\/p>\n<p><em>A partir da data em que os receba \u00e9 garantido um prazo de 3 meses antes do vencimento da data de validade, ou de 1 m\u00eas no caso dos produtos l\u00b4cteos e a ra\u00e7\u00e3o ecol\u00f3gica.<\/em><\/p>\n","protected":false},"excerpt":{"rendered":"<p>O alimento h\u00famido vegetariano para c\u00e3es Criadores com frutas \u00e9 uma ra\u00e7\u00e3o completa e equilibrada que cont\u00e9m todos os nutrientes necess\u00e1rios para que os &#8230;<\/p>\n","protected":false},"featured_media":1527,"comment_status":"open","ping_status":"closed","template":"","meta":{"_acf_changed":false},"product_brand":[],"product_cat":[92,94,98],"product_tag":[],"class_list":{"0":"post-2353","1":"product","2":"type-product","3":"status-publish","4":"has-post-thumbnail","6":"product_cat-cao","7":"product_cat-comida-humida","8":"product_cat-original-pt-pt","10":"first","11":"instock","12":"shipping-taxable","13":"product-type-simple"},"acf":[],"_links":{"self":[{"href":"https:\/\/www.criadores.es\/pt-pt\/wp-json\/wp\/v2\/product\/2353","targetHints":{"allow":["GET"]}}],"collection":[{"href":"https:\/\/www.criadores.es\/pt-pt\/wp-json\/wp\/v2\/product"}],"about":[{"href":"https:\/\/www.criadores.es\/pt-pt\/wp-json\/wp\/v2\/types\/product"}],"replies":[{"embeddable":true,"href":"https:\/\/www.criadores.es\/pt-pt\/wp-json\/wp\/v2\/comments?post=2353"}],"wp:featuredmedia":[{"embeddable":true,"href":"https:\/\/www.criadores.es\/pt-pt\/wp-json\/wp\/v2\/media\/1527"}],"wp:attachment":[{"href":"https:\/\/www.criadores.es\/pt-pt\/wp-json\/wp\/v2\/media?parent=2353"}],"wp:term":[{"taxonomy":"product_brand","embeddable":true,"href":"https:\/\/www.criadores.es\/pt-pt\/wp-json\/wp\/v2\/product_brand?post=2353"},{"taxonomy":"product_cat","embeddable":true,"href":"https:\/\/www.criadores.es\/pt-pt\/wp-json\/wp\/v2\/product_cat?post=2353"},{"taxonomy":"product_tag","embeddable":true,"href":"https:\/\/www.criadores.es\/pt-pt\/wp-json\/wp\/v2\/product_tag?post=2353"}],"curies":[{"name":"wp","href":"https:\/\/api.w.org\/{rel}","templated":true}]}}