{"id":2355,"date":"2025-02-11T13:52:16","date_gmt":"2025-02-11T12:52:16","guid":{"rendered":"https:\/\/www.criadores.es\/producto\/criadores-pastor-alemao-borrego-racao-para-caes\/"},"modified":"2025-06-12T13:42:37","modified_gmt":"2025-06-12T11:42:37","slug":"criadores-pastor-alemao-borrego-racao-para-caes","status":"publish","type":"product","link":"https:\/\/www.criadores.es\/pt-pt\/producto\/criadores-pastor-alemao-borrego-racao-para-caes\/","title":{"rendered":"Criadores Pastor Alem\u00e3o Borrego ra\u00e7\u00e3o para c\u00e3es"},"content":{"rendered":"<h2>Ra\u00e7\u00e3o para Pastor-alem\u00e3o da Criadores Ra\u00e7as com cordeiro fresco<\/h2>\n<p>A ra\u00e7\u00e3o da Criadores Ra\u00e7as para Pastor-alem\u00e3o \u00e9 um alimento completo para c\u00e3es adultos a partir dos 15 meses de com um n\u00edvel de atividade normal. A sua f\u00f3rmula faz com que seja adequada para c\u00e3es de ra\u00e7as m\u00e9dias, mas especialmente para o pastor-alem\u00e3o. Proporciona uma \u00f3tima nutri\u00e7\u00e3o atrav\u00e9s de<strong> ingredientes naturais selecionados<\/strong> que cont\u00eam tudo o que precisa no seu dia-a-dia para estar saud\u00e1vel. Com <strong>croquetes <\/strong>com uma forma, textura tamanho adaptado \u00e0 mand\u00edbula da ra\u00e7a.<\/p>\n<p>A Criadores para Pastor-alem\u00e3o \u00e9 uma ra\u00e7\u00e3o formulada por veterin\u00e1rios para satisfazer as necessidades especiais do c\u00e3o. Os seus principais benef\u00edcios s\u00e3o: uma<strong> \u00f3tima digest\u00e3o<\/strong>, o <strong>cuidado osteoarticular<\/strong> e o<strong> cuidado da derme<\/strong>. Para conseguir que a ra\u00e7\u00e3o seja altamente diger\u00edvel utiliza ingredientes que favorecem a absor\u00e7\u00e3o dos nutrientes e prebi\u00f3ticos ben\u00e9ficos para a fun\u00e7\u00e3o intestinal. O elevado conte\u00fado de<strong> glucosamina e condroitina<\/strong>, com uma \u00f3tima rela\u00e7\u00e3o de c\u00e1lcio-f\u00f3sforo, mant\u00e9m a sa\u00fade das articulares e protege-as do desgaste, muito habitual na ra\u00e7a. O \u00e1cido linoleico combinado com a vitamina A e o zinco ajuda a que a pele e a pelagem estejam sempre saud\u00e1veis.<\/p>\n<p>A <strong>ra\u00e7\u00e3o para Pastor-alem\u00e3o da Criadores<\/strong> garante uma nutri\u00e7\u00e3o completa e equilibrada. Tem um<strong> alto teor de carne fresca<\/strong> e \u00e9 rica em vitaminas e minerais para refor\u00e7ar o sistema imunol\u00f3gico. Os seus ingredientes principais s\u00e3o <strong>o cordeiro e o arroz<\/strong>. A carne de cordeiro \u00e9 utilizada em casos de sensibilidade alimentar, oferece prote\u00ednas de alto valor biol\u00f3gico e \u00e9 f\u00e1cil de digerir, al\u00e9m de muito apetec\u00edvel.<\/p>\n<p><strong><em>Tenha a certeza de que oferece ao seu c\u00e3o uma alimenta\u00e7\u00e3o que satisfa\u00e7a todas as suas necessidades com a ra\u00e7\u00e3o para pastor-alem\u00e3o da Criadores Ra\u00e7as.<\/em><\/strong><\/p>\n<p><em>A partir da data em que os receba \u00e9 garantido um prazo de 3 meses antes do vencimento da data de validade, ou de 1 m\u00eas no caso dos produtos l\u00e1cteos e a ra\u00e7\u00e3o ecol\u00f3gica.<\/em><\/p>\n","protected":false},"excerpt":{"rendered":"<p>A ra\u00e7\u00e3o Criadores Ra\u00e7as Pastor-alem\u00e3o \u00e9 um alimento completo para c\u00e3es adultos a partir dos 15 meses de idade com um n\u00edvel de atividade normal. A sua &#8230;<\/p>\n","protected":false},"featured_media":2663,"comment_status":"open","ping_status":"closed","template":"","meta":{"_acf_changed":false},"product_brand":[],"product_cat":[99,92,100],"product_tag":[],"class_list":{"0":"post-2355","1":"product","2":"type-product","3":"status-publish","4":"has-post-thumbnail","6":"product_cat-alimentacao-seca","7":"product_cat-cao","8":"product_cat-racas","10":"first","11":"instock","12":"shipping-taxable","13":"product-type-simple"},"acf":[],"_links":{"self":[{"href":"https:\/\/www.criadores.es\/pt-pt\/wp-json\/wp\/v2\/product\/2355","targetHints":{"allow":["GET"]}}],"collection":[{"href":"https:\/\/www.criadores.es\/pt-pt\/wp-json\/wp\/v2\/product"}],"about":[{"href":"https:\/\/www.criadores.es\/pt-pt\/wp-json\/wp\/v2\/types\/product"}],"replies":[{"embeddable":true,"href":"https:\/\/www.criadores.es\/pt-pt\/wp-json\/wp\/v2\/comments?post=2355"}],"wp:featuredmedia":[{"embeddable":true,"href":"https:\/\/www.criadores.es\/pt-pt\/wp-json\/wp\/v2\/media\/2663"}],"wp:attachment":[{"href":"https:\/\/www.criadores.es\/pt-pt\/wp-json\/wp\/v2\/media?parent=2355"}],"wp:term":[{"taxonomy":"product_brand","embeddable":true,"href":"https:\/\/www.criadores.es\/pt-pt\/wp-json\/wp\/v2\/product_brand?post=2355"},{"taxonomy":"product_cat","embeddable":true,"href":"https:\/\/www.criadores.es\/pt-pt\/wp-json\/wp\/v2\/product_cat?post=2355"},{"taxonomy":"product_tag","embeddable":true,"href":"https:\/\/www.criadores.es\/pt-pt\/wp-json\/wp\/v2\/product_tag?post=2355"}],"curies":[{"name":"wp","href":"https:\/\/api.w.org\/{rel}","templated":true}]}}