{"id":2356,"date":"2025-02-11T13:58:36","date_gmt":"2025-02-11T12:58:36","guid":{"rendered":"https:\/\/www.criadores.es\/producto\/criadores-retriever-frango-racao-para-caes\/"},"modified":"2025-06-12T13:42:00","modified_gmt":"2025-06-12T11:42:00","slug":"criadores-retriever-frango-racao-para-caes","status":"publish","type":"product","link":"https:\/\/www.criadores.es\/pt-pt\/producto\/criadores-retriever-frango-racao-para-caes\/","title":{"rendered":"Criadores Retriever Frango ra\u00e7\u00e3o para c\u00e3es"},"content":{"rendered":"<h2>Ra\u00e7\u00e3o Criadores Ra\u00e7as com frango fresco para Golden Retriever<\/h2>\n<p>A ra\u00e7\u00e3o Criadores Ra\u00e7as Retriever \u00e9 um alimento completo e equilibrado, <strong>adaptado \u00e0s necessidades espec\u00edficas das ra\u00e7as Labrador e Golden Retriever<\/strong>. \u00c9 tamb\u00e9m adequado para outras ra\u00e7as m\u00e9dias e grandes com um n\u00edvel de atividade normal. A sua f\u00f3rmula especial assegura uma <strong>nutri\u00e7\u00e3o \u00f3tima<\/strong> para manter toda a sa\u00fade e vitalidade do seu animal. Adicionalmente, os croquetes possuem uma forma, textura e tamanho idealizados para a boca do Retriever.<\/p>\n<p>Criadores Ra\u00e7as Retriever \u00e9 uma ra\u00e7\u00e3o desenvolvida por veterin\u00e1rios para atender \u00e0s necessidades espec\u00edficas destes c\u00e3es. \u00c9 elaborada <strong>com ingredientes naturais e uma elevada percentagem de carne fresca<\/strong>. Utiliza o frango como fonte de <strong>prote\u00ednas de alto valor biol\u00f3gico<\/strong>, uma carne saborosa e com baixo teor de gorduras e calorias. Inclui ainda arroz, ervilhas, espinafres, cenouras e tomate, entre outros ingredientes que acrescentam valor \u00e0 receita.<\/p>\n<p>Tr\u00eas dos seus principais componentes s\u00e3o: a <strong>L-carnitina<\/strong>, o \u00f3leo de peixe e os condroprotetores. \u00c9 comum os Golden Retrievers apresentarem excesso de peso e, com a idade, problemas articulares. A quantidade cal\u00f3rica ideal e a L-carnitina auxiliam na manuten\u00e7\u00e3o do peso adequado, reduzindo os n\u00edveis de gordura e preservando a massa muscular. O \u00f3leo de peixe \u00e9 uma fonte de <strong>\u00e1cidos gordos \u00f3mega 3<\/strong> (EPA e DHA), que promove uma pele saud\u00e1vel e uma pelagem brilhante e sedosa. Adicionalmente, a inclus\u00e3o de <strong>glucosamina e condroitina<\/strong> contribui para a sa\u00fade das cartilagens e para a manuten\u00e7\u00e3o da funcionalidade das articula\u00e7\u00f5es.<\/p>\n<p><strong><em>A ra\u00e7\u00e3o Criadores Ra\u00e7as Retriever proporciona ao seu animal uma alimenta\u00e7\u00e3o de alta qualidade, garantindo-lhe uma boa nutri\u00e7\u00e3o.<\/em><\/strong><\/p>\n<p><em>A partir do momento em que a receber, garante-se um prazo de 3 meses at\u00e9 \u00e0 data de expira\u00e7\u00e3o. Para produtos l\u00e1cteos e ra\u00e7\u00e3o org\u00e2nica, o prazo \u00e9 de 1 m\u00eas.<\/em><\/p>\n","protected":false},"excerpt":{"rendered":"<p>A ra\u00e7\u00e3o Criadores para Ra\u00e7as Retriever \u00e9 um alimento equilibrado adaptado \u00e0s ra\u00e7as labrador e Golden Retriever.<\/p>\n","protected":false},"featured_media":1691,"comment_status":"open","ping_status":"closed","template":"","meta":{"_acf_changed":false},"product_brand":[],"product_cat":[99,92,100],"product_tag":[],"class_list":{"0":"post-2356","1":"product","2":"type-product","3":"status-publish","4":"has-post-thumbnail","6":"product_cat-alimentacao-seca","7":"product_cat-cao","8":"product_cat-racas","10":"first","11":"instock","12":"shipping-taxable","13":"product-type-simple"},"acf":[],"_links":{"self":[{"href":"https:\/\/www.criadores.es\/pt-pt\/wp-json\/wp\/v2\/product\/2356","targetHints":{"allow":["GET"]}}],"collection":[{"href":"https:\/\/www.criadores.es\/pt-pt\/wp-json\/wp\/v2\/product"}],"about":[{"href":"https:\/\/www.criadores.es\/pt-pt\/wp-json\/wp\/v2\/types\/product"}],"replies":[{"embeddable":true,"href":"https:\/\/www.criadores.es\/pt-pt\/wp-json\/wp\/v2\/comments?post=2356"}],"wp:featuredmedia":[{"embeddable":true,"href":"https:\/\/www.criadores.es\/pt-pt\/wp-json\/wp\/v2\/media\/1691"}],"wp:attachment":[{"href":"https:\/\/www.criadores.es\/pt-pt\/wp-json\/wp\/v2\/media?parent=2356"}],"wp:term":[{"taxonomy":"product_brand","embeddable":true,"href":"https:\/\/www.criadores.es\/pt-pt\/wp-json\/wp\/v2\/product_brand?post=2356"},{"taxonomy":"product_cat","embeddable":true,"href":"https:\/\/www.criadores.es\/pt-pt\/wp-json\/wp\/v2\/product_cat?post=2356"},{"taxonomy":"product_tag","embeddable":true,"href":"https:\/\/www.criadores.es\/pt-pt\/wp-json\/wp\/v2\/product_tag?post=2356"}],"curies":[{"name":"wp","href":"https:\/\/api.w.org\/{rel}","templated":true}]}}