{"id":2357,"date":"2025-02-13T10:48:33","date_gmt":"2025-02-13T09:48:33","guid":{"rendered":"https:\/\/www.criadores.es\/producto\/criadores-bichon-maltes-peru-racao-para-caes\/"},"modified":"2025-06-11T15:40:42","modified_gmt":"2025-06-11T13:40:42","slug":"criadores-bichon-maltes-peru-racao-para-caes","status":"publish","type":"product","link":"https:\/\/www.criadores.es\/pt-pt\/producto\/criadores-bichon-maltes-peru-racao-para-caes\/","title":{"rendered":"Criadores Bich\u00f3n Malt\u00eas Peru ra\u00e7\u00e3o para c\u00e3es"},"content":{"rendered":"<h2>Ra\u00e7\u00e3o para Bichon Malt\u00eas Criadores Ra\u00e7as com peru fresco<\/h2>\n<p>A ra\u00e7\u00e3o da Criadores Ra\u00e7as Bichon Malt\u00eas oferece ao seu pequeno bichon tudo o que precisa para estar saud\u00e1vel, forte e, al\u00e9m do mais, ter uma<strong> pelagem brilhante<\/strong>. Um alimento completo e equilibrado que proporciona uma<strong>\u00a0\u00f3tima nutri\u00e7\u00e3o<\/strong>, adaptada \u00e0s necessidades especiais da ra\u00e7a. Tamb\u00e9m \u00e9 adequada para c\u00e3es adultos de ra\u00e7as pequenas com um n\u00edvel de atividade normal, a partir dos 10 meses de idade.<\/p>\n<p>A Criadores Bichon Malt\u00eas \u00e9 elaborada com <strong>ingredientes naturais<\/strong> e uma <strong>alta percentagem de carne fresca<\/strong>. O seu ingrediente principal \u00e9 o peru: reduzido em gorduras, com prote\u00ednas de alto valor biol\u00f3gico e rico em vitaminas e minerais. Junto com o peru incorpora arroz, ervilhas, cal\u00eandula, leveduras, \u00f3leo de borragem e \u00f3leo de peixe.<\/p>\n<p>Os ingredientes que utiliza fornecem valor \u00e0 receita e melhoram a sa\u00fade do c\u00e3o. As leveduras s\u00e3o ricas em vitamina B e promovem uma <strong>boa digest\u00e3o<\/strong>, ao mesmo tempo em que fortalecem a pelagem e o sistema imunol\u00f3gico. Os \u00f3leos de borragem e peixes s\u00e3o ricos em<strong> \u00e1cidos gordos \u00f3mega 3 e \u00f3mega 6<\/strong> que junto com a biotina, ajudam a manter a pele e o pelo saud\u00e1veis. Isto contribuir\u00e1 para que a <strong>pelagem branca e lisa <\/strong>do seu Bichon malt\u00eas fique sedosa e com brilho.<\/p>\n<p>O Bichon malt\u00eas \u00e9 conhecido por ser muito seletivo com a sua comida e por acumular mais t\u00e1rtaro que o normal, j\u00e1 que costumam engolir os croquetes sem mastigar. A <strong>ra\u00e7\u00e3o da Criadores Ra\u00e7as Bichon malt\u00eas<\/strong> adiciona hidrolisado de f\u00edgado de ave, um<strong> apetente natural<\/strong> que incrementa o sabor dos croquetes para satisfazer at\u00e9 os c\u00e3es mais exigentes. Por outro lado, cont\u00e9m hexametafosfato s\u00f3dico, um componente que ajuda a<strong> prevenir o surgimento do t\u00e1rtaro <\/strong>e, ao mesmo tempo, o mau h\u00e1lito.<\/p>\n<p><strong><em>Com a ra\u00e7\u00e3o para bichon malt\u00eas da Criadores Ra\u00e7as garanta uma \u00f3tima nutri\u00e7\u00e3o ao seu c\u00e3o gra\u00e7as \u00e0 sua f\u00f3rmula adaptada. <\/em><\/strong><\/p>\n<p><em>A partir da data em que os receba \u00e9 garantido um prazo de 3 meses antes do vencimento da data de validade, ou de 1 m\u00eas no caso dos produtos l\u00e1cteos e a ra\u00e7\u00e3o ecol\u00f3gica.<\/em><\/p>\n","protected":false},"excerpt":{"rendered":"<p>A ra\u00e7\u00e3o da Criadores Ra\u00e7as Bichon Malt\u00eas oferece ao seu pequeno bichon tudo o que precisa para estar saud\u00e1vel, forte e, al\u00e9m do mais, ter uma pelagem brilhante &#8230;.<\/p>\n","protected":false},"featured_media":2661,"comment_status":"open","ping_status":"closed","template":"","meta":{"_acf_changed":false},"product_brand":[],"product_cat":[99,92,100],"product_tag":[],"class_list":{"0":"post-2357","1":"product","2":"type-product","3":"status-publish","4":"has-post-thumbnail","6":"product_cat-alimentacao-seca","7":"product_cat-cao","8":"product_cat-racas","10":"first","11":"instock","12":"shipping-taxable","13":"product-type-simple"},"acf":[],"_links":{"self":[{"href":"https:\/\/www.criadores.es\/pt-pt\/wp-json\/wp\/v2\/product\/2357","targetHints":{"allow":["GET"]}}],"collection":[{"href":"https:\/\/www.criadores.es\/pt-pt\/wp-json\/wp\/v2\/product"}],"about":[{"href":"https:\/\/www.criadores.es\/pt-pt\/wp-json\/wp\/v2\/types\/product"}],"replies":[{"embeddable":true,"href":"https:\/\/www.criadores.es\/pt-pt\/wp-json\/wp\/v2\/comments?post=2357"}],"wp:featuredmedia":[{"embeddable":true,"href":"https:\/\/www.criadores.es\/pt-pt\/wp-json\/wp\/v2\/media\/2661"}],"wp:attachment":[{"href":"https:\/\/www.criadores.es\/pt-pt\/wp-json\/wp\/v2\/media?parent=2357"}],"wp:term":[{"taxonomy":"product_brand","embeddable":true,"href":"https:\/\/www.criadores.es\/pt-pt\/wp-json\/wp\/v2\/product_brand?post=2357"},{"taxonomy":"product_cat","embeddable":true,"href":"https:\/\/www.criadores.es\/pt-pt\/wp-json\/wp\/v2\/product_cat?post=2357"},{"taxonomy":"product_tag","embeddable":true,"href":"https:\/\/www.criadores.es\/pt-pt\/wp-json\/wp\/v2\/product_tag?post=2357"}],"curies":[{"name":"wp","href":"https:\/\/api.w.org\/{rel}","templated":true}]}}