{"id":2358,"date":"2025-02-12T17:51:28","date_gmt":"2025-02-12T16:51:28","guid":{"rendered":"https:\/\/www.criadores.es\/producto\/criadores-caes-rafeiros-peru-racao-para-caes-de-porte-mini\/"},"modified":"2025-06-12T12:56:33","modified_gmt":"2025-06-12T10:56:33","slug":"criadores-caes-rafeiros-peru-racao-para-caes-de-porte-mini","status":"publish","type":"product","link":"https:\/\/www.criadores.es\/pt-pt\/producto\/criadores-caes-rafeiros-peru-racao-para-caes-de-porte-mini\/","title":{"rendered":"Criadores C\u00e3es Rafeiros Peru ra\u00e7\u00e3o para c\u00e3es de porte mini"},"content":{"rendered":"<h2>Ra\u00e7\u00e3o para c\u00e3es rafeiros pequenos da Criadores Especial Rafeiro<\/h2>\n<p>A ra\u00e7\u00e3o da Criadores Rafeiro Adulto Mini \u00e9 um alimento desenvolvido para todos os c\u00e3es sem ra\u00e7a de porte pequeno, at\u00e9 os 10 kg de peso. Proporciona uma<strong> alimenta\u00e7\u00e3o completa e equilibrada<\/strong> para cuidar da sua sa\u00fade e manter a sua vitalidade. A melhor forma de dar ao seu peludo uma<strong> dieta nutritiva e de alta qualidade<\/strong>, com a tranquilidade de saber que n\u00e3o falta nada.<\/p>\n<p>A Criadores Rafeiro \u00e9 uma ra\u00e7\u00e3o elaborada com uma<strong> cuidadosa sele\u00e7\u00e3o de ingredientes naturais<\/strong>. \u00c9 formulada por veterin\u00e1rios especialistas em nutri\u00e7\u00e3o canina para oferecer um n\u00edvel adequado de prote\u00ednas, gorduras, vitaminas e minerais ao seu c\u00e3o. Elevado teor de<strong> carne fresca de peru <\/strong>(25%) como ingrediente principal, seguida de outros como<strong> o arroz, as ervilhas, os tomates, as cenouras e os espinafres<\/strong>. O peru \u00e9 uma carne com baixo teor de gorduras, rica em vitaminas do grupo B e com prote\u00ednas de elevado valor biol\u00f3gico, al\u00e9m de saborosa. A Criadores tamb\u00e9m incorpora prebi\u00f3ticos FOS e MOS para um tr\u00e2nsito intestinal saud\u00e1vel e uma<strong> \u00f3tima digest\u00e3o<\/strong>.<\/p>\n<p>A <strong>ra\u00e7\u00e3o Criadores Ra\u00e7as Rafeira<\/strong> adiciona componentes que cont\u00eam valor \u00e0 receita, como o<strong> \u00f3leo de peixe<\/strong>, a polpa de ma\u00e7\u00e3, as leveduras e a cal\u00eandula. O \u00f3leo de peixe \u00e9 uma fonte de \u00e1cidos gordos \u00f3mega 3 que contribui para manter a pele e o pelo saud\u00e1veis, al\u00e9m de servir como refor\u00e7o do sistema imunol\u00f3gico. A polpa de ma\u00e7\u00e3 aporta<strong> fibras vegetais<\/strong> que melhoram o tr\u00e2nsito. As<strong> leveduras<\/strong> s\u00e3o ricas em vitaminas do grupo B e minerais, fortalecem o pelo e tamb\u00e9m as defesas. E a<strong> cal\u00eandula <\/strong>\u00e9 uma planta com propriedades antioxidantes ben\u00e9ficas para o organismo.<\/p>\n<p>Outro dos benef\u00edcios da ra\u00e7\u00e3o \u00e9 que<strong> ajuda a controlar o peso<\/strong>: adiciona L-carnitina para transformar a gordura em energia e evitar assim o excesso de peso. Tamb\u00e9m incorpora <strong>glucosamina e condroitina<\/strong> para a sa\u00fade das articula\u00e7\u00f5es. A Criadores Rafeiro est\u00e1 dispon\u00edvel para c\u00e3es de porte pequeno at\u00e9 os 10 kg, para m\u00e9dias e grandes, a partir de 10 kg, e para cachorros.<\/p>\n<p><strong><em>A ra\u00e7\u00e3o da Criadores Rafeiro Adulto Mini proporciona ao seu c\u00e3o uma alimenta\u00e7\u00e3o completa e de qualidade para que tenha uma \u00f3tima sa\u00fade.<\/em><\/strong><\/p>\n<p><em>A partir da data em que os receba \u00e9 garantido um prazo de 3 meses antes do vencimento da data de validade, ou de 1 m\u00eas no caso dos produtos l\u00e1cteos e a ra\u00e7\u00e3o ecol\u00f3gica.<\/em><\/p>\n","protected":false},"excerpt":{"rendered":"<p>A ra\u00e7\u00e3o Criadores Rafeiro Adulto Mini \u00e9 um alimento desenvolvido para todos os c\u00e3es sem ra\u00e7a de porte pequeno, at\u00e9 10 kg de peso. Proporciona uma &#8230;<\/p>\n","protected":false},"featured_media":1794,"comment_status":"open","ping_status":"closed","template":"","meta":{"_acf_changed":false},"product_brand":[],"product_cat":[99,92,100],"product_tag":[],"class_list":{"0":"post-2358","1":"product","2":"type-product","3":"status-publish","4":"has-post-thumbnail","6":"product_cat-alimentacao-seca","7":"product_cat-cao","8":"product_cat-racas","10":"first","11":"instock","12":"shipping-taxable","13":"product-type-simple"},"acf":[],"_links":{"self":[{"href":"https:\/\/www.criadores.es\/pt-pt\/wp-json\/wp\/v2\/product\/2358","targetHints":{"allow":["GET"]}}],"collection":[{"href":"https:\/\/www.criadores.es\/pt-pt\/wp-json\/wp\/v2\/product"}],"about":[{"href":"https:\/\/www.criadores.es\/pt-pt\/wp-json\/wp\/v2\/types\/product"}],"replies":[{"embeddable":true,"href":"https:\/\/www.criadores.es\/pt-pt\/wp-json\/wp\/v2\/comments?post=2358"}],"wp:featuredmedia":[{"embeddable":true,"href":"https:\/\/www.criadores.es\/pt-pt\/wp-json\/wp\/v2\/media\/1794"}],"wp:attachment":[{"href":"https:\/\/www.criadores.es\/pt-pt\/wp-json\/wp\/v2\/media?parent=2358"}],"wp:term":[{"taxonomy":"product_brand","embeddable":true,"href":"https:\/\/www.criadores.es\/pt-pt\/wp-json\/wp\/v2\/product_brand?post=2358"},{"taxonomy":"product_cat","embeddable":true,"href":"https:\/\/www.criadores.es\/pt-pt\/wp-json\/wp\/v2\/product_cat?post=2358"},{"taxonomy":"product_tag","embeddable":true,"href":"https:\/\/www.criadores.es\/pt-pt\/wp-json\/wp\/v2\/product_tag?post=2358"}],"curies":[{"name":"wp","href":"https:\/\/api.w.org\/{rel}","templated":true}]}}