{"id":2359,"date":"2025-02-13T12:49:45","date_gmt":"2025-02-13T11:49:45","guid":{"rendered":"https:\/\/www.criadores.es\/producto\/criadores-snacks-controlo-de-peso-para-caes\/"},"modified":"2025-06-11T15:30:54","modified_gmt":"2025-06-11T13:30:54","slug":"criadores-snacks-controlo-de-peso-para-caes","status":"publish","type":"product","link":"https:\/\/www.criadores.es\/pt-pt\/producto\/criadores-snacks-controlo-de-peso-para-caes\/","title":{"rendered":"Criadores Snacks Controlo de Peso para c\u00e3es"},"content":{"rendered":"<h2>Snacks em forma de almofadas para c\u00e3es<\/h2>\n<p>Se quiser mimar o seu amigo peludo com snacks adaptados \u00e0s suas necessidades alimentares, estas <strong>almofadas de controlo de peso para c\u00e3es<\/strong>, formuladas pela equipa da Criadores, s\u00e3o exatamente o que precisa.<\/p>\n<p>Foram preparadas com ingredientes de qualidade, <strong>com L-carnitina<\/strong> e um <strong>teor equilibrado de prote\u00ednas, vitaminas e minerais<\/strong>, bem como um <strong>n\u00edvel reduzido de gordura<\/strong>, para ajudar a evitar que o seu animal de estima\u00e7\u00e3o ganhe peso em excesso.<\/p>\n<p>Cont\u00eam <strong>fibras vegetais<\/strong>, pelo que tamb\u00e9m <strong>ajudam a ter uma maior sensa\u00e7\u00e3o de saciedade e a uma melhor digest\u00e3o<\/strong>, e incluem Yucca para ajudar a <strong>reduzir o odor das fezes e da urina<\/strong>. Ajudam a <strong>manter o peso ideal ou a perder peso<\/strong>.<\/p>\n<p>O seu fiel companheiro vai gostar de comer estes snacks para c\u00e3es, pois t\u00eam o <strong>tamanho certo<\/strong> para a sua mand\u00edbula e a sua <strong>textura crocante\u00a0<\/strong>ser\u00e1 muito estimulante. Pode oferec\u00ea-los como um petisco entre as <strong>principais refei\u00e7\u00f5es<\/strong>, durante os passeios ou como <strong>recompensa durante as sess\u00f5es de treino<\/strong>.<\/p>\n<p>Lembre-se de que <strong>n\u00e3o substituem a alimenta\u00e7\u00e3o habitual<\/strong> e que deve ter sempre \u00e1gua limpa e fresca \u00e0 disposi\u00e7\u00e3o.<\/p>\n<p>&nbsp;<\/p>\n<p><em><strong>Ofere\u00e7a ao seu c\u00e3o snacks deliciosos e nutritivos que o ajudam a manter-se saud\u00e1vel e feliz<\/strong><\/em>.<\/p>\n","protected":false},"excerpt":{"rendered":"<p>Snack em forma de almofadas para c\u00e3es, ajuda a manter o peso ideal, teor equilibrado de prote\u00ednas e gorduras, com fibras, vitaminas e minerais.<\/p>\n","protected":false},"featured_media":1892,"comment_status":"open","ping_status":"closed","template":"","meta":{"_acf_changed":false},"product_brand":[],"product_cat":[92,98,101],"product_tag":[],"class_list":{"0":"post-2359","1":"product","2":"type-product","3":"status-publish","4":"has-post-thumbnail","6":"product_cat-cao","7":"product_cat-original-pt-pt","8":"product_cat-snacks-pt-pt","10":"first","11":"instock","12":"shipping-taxable","13":"product-type-simple"},"acf":[],"_links":{"self":[{"href":"https:\/\/www.criadores.es\/pt-pt\/wp-json\/wp\/v2\/product\/2359","targetHints":{"allow":["GET"]}}],"collection":[{"href":"https:\/\/www.criadores.es\/pt-pt\/wp-json\/wp\/v2\/product"}],"about":[{"href":"https:\/\/www.criadores.es\/pt-pt\/wp-json\/wp\/v2\/types\/product"}],"replies":[{"embeddable":true,"href":"https:\/\/www.criadores.es\/pt-pt\/wp-json\/wp\/v2\/comments?post=2359"}],"wp:featuredmedia":[{"embeddable":true,"href":"https:\/\/www.criadores.es\/pt-pt\/wp-json\/wp\/v2\/media\/1892"}],"wp:attachment":[{"href":"https:\/\/www.criadores.es\/pt-pt\/wp-json\/wp\/v2\/media?parent=2359"}],"wp:term":[{"taxonomy":"product_brand","embeddable":true,"href":"https:\/\/www.criadores.es\/pt-pt\/wp-json\/wp\/v2\/product_brand?post=2359"},{"taxonomy":"product_cat","embeddable":true,"href":"https:\/\/www.criadores.es\/pt-pt\/wp-json\/wp\/v2\/product_cat?post=2359"},{"taxonomy":"product_tag","embeddable":true,"href":"https:\/\/www.criadores.es\/pt-pt\/wp-json\/wp\/v2\/product_tag?post=2359"}],"curies":[{"name":"wp","href":"https:\/\/api.w.org\/{rel}","templated":true}]}}