{"id":2360,"date":"2025-02-11T13:37:01","date_gmt":"2025-02-11T12:37:01","guid":{"rendered":"https:\/\/www.criadores.es\/producto\/criadores-caes-rafeiros-peru-racao-para-caes-de-porte-medio\/"},"modified":"2025-06-12T13:43:15","modified_gmt":"2025-06-12T11:43:15","slug":"criadores-caes-rafeiros-peru-racao-para-caes-de-porte-medio","status":"publish","type":"product","link":"https:\/\/www.criadores.es\/pt-pt\/producto\/criadores-caes-rafeiros-peru-racao-para-caes-de-porte-medio\/","title":{"rendered":"Criadores C\u00e3es Rafeiros Peru ra\u00e7\u00e3o para c\u00e3es de porte m\u00e9dio"},"content":{"rendered":"<h2>Ra\u00e7\u00e3o Criadores Especial Rafeiro para c\u00e3es sem ra\u00e7a definida de porte m\u00e9dio e grande<\/h2>\n<p>A ra\u00e7\u00e3o &#8220;&#8221;&#8221;&#8221;Criadores Rafeiro Adulto&#8221;&#8221;&#8221;&#8221; \u00e9 especialmente formulada para c\u00e3es sem ra\u00e7a definida de porte m\u00e9dio e grande. Esta ra\u00e7\u00e3o proporciona uma <strong>alimenta\u00e7\u00e3o completa e equilibrada<\/strong>, garantindo a sa\u00fade e vitalidade do seu animal. \u00c9 a escolha perfeita para oferecer uma <strong>dieta nutritiva e de alta qualidade<\/strong> ao seu patudo, assegurando que ele tenha tudo o que precisa.<\/p>\n<p>A Criadores Rafeiro \u00e9 uma ra\u00e7\u00e3o concebida com uma <strong>sele\u00e7\u00e3o meticulosa de ingredientes naturais<\/strong>. Desenvolvida por veterin\u00e1rios especializados em nutri\u00e7\u00e3o canina, esta ra\u00e7\u00e3o assegura um equil\u00edbrio adequado de prote\u00ednas, gorduras, vitaminas e minerais. O seu principal ingrediente \u00e9 a <strong>carne fresca de peru (25%)<\/strong>, complementada com outros ingredientes de qualidade, como <strong>arroz, ervilhas, tomates, cenouras e espinafres<\/strong>. O peru destaca-se como uma carne magra, rica em vitaminas do grupo B e em prote\u00ednas de alto valor biol\u00f3gico, proporcionando ainda um sabor apreciado pelos c\u00e3es. A marca Criadores enriquece a sua ra\u00e7\u00e3o com prebi\u00f3ticos FOS e MOS, que promovem um <strong>tr\u00e2nsito intestinal saud\u00e1vel e uma boa digest\u00e3o<\/strong>.<\/p>\n<p>A <strong>ra\u00e7\u00e3o Criadores para Rafeiros<\/strong> integra ingredientes que adicionam valor nutritivo, como o <strong>\u00f3leo de peixe<\/strong>, polpa de ma\u00e7\u00e3, leveduras e cal\u00eandula. O \u00f3leo de peixe \u00e9 uma fonte privilegiada de \u00e1cidos gordos \u00f3mega 3, que favorecem a sa\u00fade da pele e do pelo e fortalecem o sistema imunit\u00e1rio. A polpa de ma\u00e7\u00e3 \u00e9 rica em <strong>fibras vegetais<\/strong>, que auxiliam no tr\u00e2nsito intestinal. As <strong>leveduras<\/strong>, por sua vez, s\u00e3o abundantes em vitaminas do grupo B e minerais, contribuindo para um pelo fortalecido e para o refor\u00e7o das defesas naturais. A <strong>cal\u00eandula<\/strong> \u00e9 reconhecida pelas suas propriedades antioxidantes, que beneficiam o organismo do animal.<\/p>\n<p>Um dos pontos fortes desta ra\u00e7\u00e3o \u00e9 o seu papel na <strong>gest\u00e3o do peso<\/strong>. Com a adi\u00e7\u00e3o de L-carnitina, a ra\u00e7\u00e3o ajuda a converter gordura em energia, prevenindo assim o sobrepeso. Al\u00e9m disso, incorpora <strong>glucosamina e condroitina<\/strong>, essenciais para a sa\u00fade das articula\u00e7\u00f5es. A ra\u00e7\u00e3o Criadores Rafeiro est\u00e1 dispon\u00edvel tanto para c\u00e3es de porte pequeno, como para os de porte m\u00e9dio a grande, e tamb\u00e9m para cachorros.<\/p>\n<p><strong><em>A ra\u00e7\u00e3o Criadores Rafeiro Adulto para c\u00e3es de porte m\u00e9dio e grande oferece uma alimenta\u00e7\u00e3o de qualidade, garantindo uma \u00f3tima sa\u00fade ao seu animal.<\/em><\/strong><\/p>\n<p><em>Ap\u00f3s a rece\u00e7\u00e3o dos produtos, garantimos um prazo de 3 meses at\u00e9 o fim da data de validade. No caso de produtos l\u00e1cteos e ra\u00e7\u00e3o org\u00e2nica, esse prazo \u00e9 de 1 m\u00eas.<\/em><\/p>\n","protected":false},"excerpt":{"rendered":"<p>A ra\u00e7\u00e3o Criadores Rafeiro Adulto \u00e9 especialmente formulada para c\u00e3es sem ra\u00e7a definida de porte m\u00e9dio e grande.<\/p>\n","protected":false},"featured_media":1687,"comment_status":"open","ping_status":"closed","template":"","meta":{"_acf_changed":false},"product_brand":[],"product_cat":[99,92,100],"product_tag":[],"class_list":{"0":"post-2360","1":"product","2":"type-product","3":"status-publish","4":"has-post-thumbnail","6":"product_cat-alimentacao-seca","7":"product_cat-cao","8":"product_cat-racas","10":"first","11":"instock","12":"shipping-taxable","13":"product-type-simple"},"acf":[],"_links":{"self":[{"href":"https:\/\/www.criadores.es\/pt-pt\/wp-json\/wp\/v2\/product\/2360","targetHints":{"allow":["GET"]}}],"collection":[{"href":"https:\/\/www.criadores.es\/pt-pt\/wp-json\/wp\/v2\/product"}],"about":[{"href":"https:\/\/www.criadores.es\/pt-pt\/wp-json\/wp\/v2\/types\/product"}],"replies":[{"embeddable":true,"href":"https:\/\/www.criadores.es\/pt-pt\/wp-json\/wp\/v2\/comments?post=2360"}],"wp:featuredmedia":[{"embeddable":true,"href":"https:\/\/www.criadores.es\/pt-pt\/wp-json\/wp\/v2\/media\/1687"}],"wp:attachment":[{"href":"https:\/\/www.criadores.es\/pt-pt\/wp-json\/wp\/v2\/media?parent=2360"}],"wp:term":[{"taxonomy":"product_brand","embeddable":true,"href":"https:\/\/www.criadores.es\/pt-pt\/wp-json\/wp\/v2\/product_brand?post=2360"},{"taxonomy":"product_cat","embeddable":true,"href":"https:\/\/www.criadores.es\/pt-pt\/wp-json\/wp\/v2\/product_cat?post=2360"},{"taxonomy":"product_tag","embeddable":true,"href":"https:\/\/www.criadores.es\/pt-pt\/wp-json\/wp\/v2\/product_tag?post=2360"}],"curies":[{"name":"wp","href":"https:\/\/api.w.org\/{rel}","templated":true}]}}