{"id":2361,"date":"2025-02-13T13:42:27","date_gmt":"2025-02-13T12:42:27","guid":{"rendered":"https:\/\/www.criadores.es\/producto\/criadores-biscoitos-piccolinis-de-salmao-e-catnip-para-gatos\/"},"modified":"2025-06-12T11:48:09","modified_gmt":"2025-06-12T09:48:09","slug":"criadores-biscoitos-piccolinis-de-salmao-e-catnip-para-gatos","status":"publish","type":"product","link":"https:\/\/www.criadores.es\/pt-pt\/producto\/criadores-biscoitos-piccolinis-de-salmao-e-catnip-para-gatos\/","title":{"rendered":"Criadores Biscoitos Piccolinis de Salm\u00e3o e Catnip para gatos"},"content":{"rendered":"<h2>Snacks com catnip para gatos adultos<\/h2>\n<p>Se quer oferecer ao seu animal de estima\u00e7\u00e3o um petisco que o vai deliciar em qualquer situa\u00e7\u00e3o e, ao mesmo tempo, mant\u00ea-lo relaxado e completamente calmo, deve oferecer-lhe os biscoitos para gatos Piccolinis da Criadores. T\u00eam um <strong>fant\u00e1stico sabor a salm\u00e3o e uma textura estaladi\u00e7a<\/strong> que pode oferecer ao seu animal em <strong>qualquer altura como recompensa ou para o mimar<\/strong>. Ele vai adorar!<\/p>\n<p>Incluem catnip, uma planta que <strong>estimula o sistema nervoso e ajuda a manter o seu felino adulto relaxado<\/strong> em qualquer altura e em qualquer situa\u00e7\u00e3o. Cont\u00eam tamb\u00e9m salm\u00e3o, uma deliciosa <strong>prote\u00edna com baixo teor de gordura que fornece nutrientes, vitaminas e minerais que promovem uma boa sa\u00fade<\/strong>.<\/p>\n<p><strong>N\u00e3o cont\u00eam a\u00e7\u00facar e s\u00e3o f\u00e1ceis de digerir<\/strong>, ideais para evitar complica\u00e7\u00f5es digestivas. A Criadores criou este snack para gatos com <strong>ingredientes de alta qualidade<\/strong> para oferecer ao seu animal de estima\u00e7\u00e3o <strong>biscoitos saud\u00e1veis, nutritivos e com um sabor delicioso<\/strong>.<\/p>\n<p>&nbsp;<\/p>\n<p><em>Qualquer altura do dia \u00e9 perfeita para oferecer ao seu gato adulto os biscoitos com sabor a salm\u00e3o e catnip Piccolinis da Criadores!<\/em><\/p>\n","protected":false},"excerpt":{"rendered":"<p>Snacks sem adi\u00e7\u00e3o de a\u00e7\u00facar e com catnip para gatos adultos. T\u00eam uma textura crocante, ideal para proporcionar uma deliciosa recompensa entre as refei\u00e7\u00f5es, que \u00e9 f\u00e1cil de digerir e ajuda a manter o seu animal de estima\u00e7\u00e3o relaxado.<\/p>\n","protected":false},"featured_media":1914,"comment_status":"open","ping_status":"closed","template":"","meta":{"_acf_changed":false},"product_brand":[],"product_cat":[111,106,103],"product_tag":[],"class_list":{"0":"post-2361","1":"product","2":"type-product","3":"status-publish","4":"has-post-thumbnail","6":"product_cat-gatos","7":"product_cat-original-gato-pt-pt","8":"product_cat-snacks-pt","10":"first","11":"instock","12":"shipping-taxable","13":"product-type-simple"},"acf":[],"_links":{"self":[{"href":"https:\/\/www.criadores.es\/pt-pt\/wp-json\/wp\/v2\/product\/2361","targetHints":{"allow":["GET"]}}],"collection":[{"href":"https:\/\/www.criadores.es\/pt-pt\/wp-json\/wp\/v2\/product"}],"about":[{"href":"https:\/\/www.criadores.es\/pt-pt\/wp-json\/wp\/v2\/types\/product"}],"replies":[{"embeddable":true,"href":"https:\/\/www.criadores.es\/pt-pt\/wp-json\/wp\/v2\/comments?post=2361"}],"wp:featuredmedia":[{"embeddable":true,"href":"https:\/\/www.criadores.es\/pt-pt\/wp-json\/wp\/v2\/media\/1914"}],"wp:attachment":[{"href":"https:\/\/www.criadores.es\/pt-pt\/wp-json\/wp\/v2\/media?parent=2361"}],"wp:term":[{"taxonomy":"product_brand","embeddable":true,"href":"https:\/\/www.criadores.es\/pt-pt\/wp-json\/wp\/v2\/product_brand?post=2361"},{"taxonomy":"product_cat","embeddable":true,"href":"https:\/\/www.criadores.es\/pt-pt\/wp-json\/wp\/v2\/product_cat?post=2361"},{"taxonomy":"product_tag","embeddable":true,"href":"https:\/\/www.criadores.es\/pt-pt\/wp-json\/wp\/v2\/product_tag?post=2361"}],"curies":[{"name":"wp","href":"https:\/\/api.w.org\/{rel}","templated":true}]}}