{"id":2362,"date":"2025-02-13T09:47:29","date_gmt":"2025-02-13T08:47:29","guid":{"rendered":"https:\/\/www.criadores.es\/producto\/criadores-persa-e-gatos-de-pelo-longo\/"},"modified":"2025-06-11T15:58:00","modified_gmt":"2025-06-11T13:58:00","slug":"criadores-persa-e-gatos-de-pelo-longo","status":"publish","type":"product","link":"https:\/\/www.criadores.es\/pt-pt\/producto\/criadores-persa-e-gatos-de-pelo-longo\/","title":{"rendered":"Criadores Persa e Gatos de pelo longo"},"content":{"rendered":"<h2>Ra\u00e7\u00e3o Criadores para gatos persas e de pelo longo<\/h2>\n<p>A ra\u00e7\u00e3o Criadores, especialmente formulada para gatos persas e de pelo longo, \u00e9 um alimento completo e equilibrado, desenvolvido com especial aten\u00e7\u00e3o ao <strong>cuidado da pelagem<\/strong> e \u00e0 gest\u00e3o de bolas de pelo. \u00c9 uma excelente escolha para todas as <strong>ra\u00e7as de gatos de pelo longo<\/strong>, incluindo Maine Coon, Bosques da Noruega, Angor\u00e1, Himalaio e, claro, os Persas. Esta ra\u00e7\u00e3o garante uma nutri\u00e7\u00e3o de alta qualidade para manter a sa\u00fade e vitalidade do seu gato.<\/p>\n<p>A Criadores Persa foca-se na utiliza\u00e7\u00e3o de <strong>ingredientes naturais selecionados<\/strong> e valoriza a presen\u00e7a de carne fresca em suas formula\u00e7\u00f5es. O frango, que constitui 45% desta ra\u00e7\u00e3o, \u00e9 conhecido por ser uma carne magra e fonte de prote\u00ednas de alto valor biol\u00f3gico. A ra\u00e7\u00e3o tamb\u00e9m cont\u00e9m arroz, polpa de ma\u00e7\u00e3 e cal\u00eandula, garantindo um alimento equilibrado que atende a todas as necessidades nutricionais do seu felino. A polpa de ma\u00e7\u00e3 \u00e9 uma fonte de fibra que <strong>facilita o tr\u00e2nsito intestinal<\/strong>, ajudando a eliminar naturalmente as bolas de pelo e minimizando problemas digestivos. Por sua vez, a cal\u00eandula, conhecida pelas suas propriedades antioxidantes, auxilia no combate ao envelhecimento celular.<\/p>\n<p>A ra\u00e7\u00e3o para gatos de pelo longo destaca-se por tr\u00eas benef\u00edcios principais: <strong>controlo das bolas de pelo<\/strong>, sa\u00fade da pele e do pelo, e <strong>cuidado urin\u00e1rio<\/strong>. Na sua composi\u00e7\u00e3o, inclui \u00f3leo de peixe e \u00f3leo de borragem, ambos ricos em <strong>\u00f3mega 3 e \u00f3mega 6<\/strong>. Estes \u00e1cidos gordos essenciais promovem uma pele saud\u00e1vel e conferem \u00e0 pelagem uma apar\u00eancia sedosa e brilhante. Adicionalmente, a ra\u00e7\u00e3o cont\u00e9m metionina e bissulfato de s\u00f3dio, ingredientes que ajudam a acidificar a urina. Isso minimiza a forma\u00e7\u00e3o de c\u00e1lculos urin\u00e1rios e facilita a sua dissolu\u00e7\u00e3o.<\/p>\n<h3><strong style=\"font-size: 16px;\"><em>Garanta a sa\u00fade do seu gato, controle as bolas de pelo e proporcione uma pelagem suave e luminosa com a ra\u00e7\u00e3o Criadores Ra\u00e7as Persa e pelo comprido.<\/em><\/strong><\/h3>\n<p><em>Desde o momento da rece\u00e7\u00e3o, \u00e9 assegurado um prazo de 3 meses at\u00e9 o fim da data de validade, ou 1 m\u00eas no caso de produtos l\u00e1cteos e ra\u00e7\u00e3o org\u00e2nica.<\/em><\/p>\n","protected":false},"excerpt":{"rendered":"<p>A ra\u00e7\u00e3o Criadores Ra\u00e7as Persa e pelo longo \u00e9 um alimento completo e equilibrado, desenvolvido especialmente para o cuidado da pelagem e controlo das bolas de pelo.<\/p>\n","protected":false},"featured_media":1821,"comment_status":"open","ping_status":"closed","template":"","meta":{"_acf_changed":false},"product_brand":[],"product_cat":[105,111,104],"product_tag":[],"class_list":{"0":"post-2362","1":"product","2":"type-product","3":"status-publish","4":"has-post-thumbnail","6":"product_cat-alimentacao-seca-pt","7":"product_cat-gatos","8":"product_cat-racas-pt","10":"first","11":"instock","12":"shipping-taxable","13":"product-type-simple"},"acf":[],"_links":{"self":[{"href":"https:\/\/www.criadores.es\/pt-pt\/wp-json\/wp\/v2\/product\/2362","targetHints":{"allow":["GET"]}}],"collection":[{"href":"https:\/\/www.criadores.es\/pt-pt\/wp-json\/wp\/v2\/product"}],"about":[{"href":"https:\/\/www.criadores.es\/pt-pt\/wp-json\/wp\/v2\/types\/product"}],"replies":[{"embeddable":true,"href":"https:\/\/www.criadores.es\/pt-pt\/wp-json\/wp\/v2\/comments?post=2362"}],"wp:featuredmedia":[{"embeddable":true,"href":"https:\/\/www.criadores.es\/pt-pt\/wp-json\/wp\/v2\/media\/1821"}],"wp:attachment":[{"href":"https:\/\/www.criadores.es\/pt-pt\/wp-json\/wp\/v2\/media?parent=2362"}],"wp:term":[{"taxonomy":"product_brand","embeddable":true,"href":"https:\/\/www.criadores.es\/pt-pt\/wp-json\/wp\/v2\/product_brand?post=2362"},{"taxonomy":"product_cat","embeddable":true,"href":"https:\/\/www.criadores.es\/pt-pt\/wp-json\/wp\/v2\/product_cat?post=2362"},{"taxonomy":"product_tag","embeddable":true,"href":"https:\/\/www.criadores.es\/pt-pt\/wp-json\/wp\/v2\/product_tag?post=2362"}],"curies":[{"name":"wp","href":"https:\/\/api.w.org\/{rel}","templated":true}]}}