{"id":2363,"date":"2025-02-11T10:06:42","date_gmt":"2025-02-11T09:06:42","guid":{"rendered":"https:\/\/www.criadores.es\/producto\/criadores-snack-com-calcio-para-caes-cachorros\/"},"modified":"2025-06-11T17:34:35","modified_gmt":"2025-06-11T15:34:35","slug":"criadores-snack-com-calcio-para-caes-cachorros","status":"publish","type":"product","link":"https:\/\/www.criadores.es\/pt-pt\/producto\/criadores-snack-com-calcio-para-caes-cachorros\/","title":{"rendered":"Criadores snack com c\u00e1lcio para c\u00e3es cachorros"},"content":{"rendered":"<h2>Guloseimas semi-h\u00famida com formato de estrela e textura macia<\/h2>\n<p style=\"text-align: justify;\">Os snacks Criadores Mini Estrelas com c\u00e1lcio para cachorros s\u00e3o um alimento complementar para os c\u00e3es mais novos com o qual poder\u00e1 premi\u00e1-los cada dia. As Mini Estrelas medem menos de 1 cm, por tanto t\u00eam um tamanho <strong>ideal para os<\/strong> <strong>cachorros<\/strong>. Al\u00e9m disso, contam com um <strong>extra de c\u00e1lcio que favorece o bom desenvolvimento<\/strong> dos ossos nesta etapa t\u00e3o importante da sua vida.<\/p>\n<p style=\"text-align: justify;\">S\u00e3o <strong>snacks muito saborosos <\/strong>elaborados com ingredientes selecionados para contribuir para uma digest\u00e3o mais f\u00e1cil. O seu pequeno tamanho permite recompensar o seu cachorro em qualquer momento do dia, assim poder\u00e1 ensinar-lhe mais facilmente todo o que tem que aprender com esta deliciosa guloseima com <strong>formato de estrela e textura macia<\/strong>.<\/p>\n<p align=\"center\"><em>Os <strong>snacks Criadores Mini Estrelas com c\u00e1lcio para cachorros<\/strong> s\u00e3o macios e saborosos, ideais para premiar o seu c\u00e3o.<\/em><\/p>\n<p><em>A partir da data em que os receba \u00e9 garantido um prazo de 3 meses antes do vencimento da data de validade, ou de 1 m\u00eas no caso dos produtos l\u00b4cteos e a ra\u00e7\u00e3o ecol\u00f3gica.<\/em><\/p>\n","protected":false},"excerpt":{"rendered":"<p>Biscoitos para cachorros, enriquecidos com c\u00e1lcio para favorecer um desenvolvimento saud\u00e1vel, s\u00e3o f\u00e1ceis de digerir e ajudam a limpar os dentes e gengivas, s\u00e3o ricos em prote\u00edna.<\/p>\n","protected":false},"featured_media":1651,"comment_status":"open","ping_status":"closed","template":"","meta":{"_acf_changed":false},"product_brand":[],"product_cat":[92,98,101],"product_tag":[],"class_list":{"0":"post-2363","1":"product","2":"type-product","3":"status-publish","4":"has-post-thumbnail","6":"product_cat-cao","7":"product_cat-original-pt-pt","8":"product_cat-snacks-pt-pt","10":"first","11":"instock","12":"shipping-taxable","13":"product-type-simple"},"acf":[],"_links":{"self":[{"href":"https:\/\/www.criadores.es\/pt-pt\/wp-json\/wp\/v2\/product\/2363","targetHints":{"allow":["GET"]}}],"collection":[{"href":"https:\/\/www.criadores.es\/pt-pt\/wp-json\/wp\/v2\/product"}],"about":[{"href":"https:\/\/www.criadores.es\/pt-pt\/wp-json\/wp\/v2\/types\/product"}],"replies":[{"embeddable":true,"href":"https:\/\/www.criadores.es\/pt-pt\/wp-json\/wp\/v2\/comments?post=2363"}],"wp:featuredmedia":[{"embeddable":true,"href":"https:\/\/www.criadores.es\/pt-pt\/wp-json\/wp\/v2\/media\/1651"}],"wp:attachment":[{"href":"https:\/\/www.criadores.es\/pt-pt\/wp-json\/wp\/v2\/media?parent=2363"}],"wp:term":[{"taxonomy":"product_brand","embeddable":true,"href":"https:\/\/www.criadores.es\/pt-pt\/wp-json\/wp\/v2\/product_brand?post=2363"},{"taxonomy":"product_cat","embeddable":true,"href":"https:\/\/www.criadores.es\/pt-pt\/wp-json\/wp\/v2\/product_cat?post=2363"},{"taxonomy":"product_tag","embeddable":true,"href":"https:\/\/www.criadores.es\/pt-pt\/wp-json\/wp\/v2\/product_tag?post=2363"}],"curies":[{"name":"wp","href":"https:\/\/api.w.org\/{rel}","templated":true}]}}