{"id":2364,"date":"2025-02-13T13:38:14","date_gmt":"2025-02-13T12:38:14","guid":{"rendered":"https:\/\/www.criadores.es\/producto\/criadores-snacks-piccolinis-de-salmao-para-gatos\/"},"modified":"2025-06-12T11:49:54","modified_gmt":"2025-06-12T09:49:54","slug":"criadores-snacks-piccolinis-de-salmao-para-gatos","status":"publish","type":"product","link":"https:\/\/www.criadores.es\/pt-pt\/producto\/criadores-snacks-piccolinis-de-salmao-para-gatos\/","title":{"rendered":"Criadores Snacks Piccolinis de Salm\u00e3o para gatos"},"content":{"rendered":"<h2>Cubos de salm\u00e3o para gatos adultos<\/h2>\n<p>Estes <strong>snacks para gatos adultos<\/strong> da Criadores s\u00e3o uma alternativa se pretende oferecer ao seu felino um petisco saud\u00e1vel e delicioso entre as principais refei\u00e7\u00f5es. S\u00e3o <strong>cubos de salm\u00e3o<\/strong> com uma <strong>consist\u00eancia estaladi\u00e7a, ricos em prote\u00ednas<\/strong> e com um <strong>baixo teor de gordura<\/strong>.<\/p>\n<p>Devido \u00e0 sua textura, n\u00e3o s\u00f3 <strong>entret\u00eam o animal<\/strong> enquanto mastiga, como tamb\u00e9m proporcionam uma <strong>limpeza mec\u00e2nica natural<\/strong> que permite ao seu amigo peludo <strong>manter os seus dentes e gengivas livres de t\u00e1rtaro e placa bacteriana<\/strong>.<\/p>\n<p>S\u00e3o muito <strong>f\u00e1ceis de digerir<\/strong> e ajudam a <strong>refor\u00e7ar o sistema imunit\u00e1rio<\/strong>. Tamb\u00e9m <strong>melhoram a sa\u00fade da pele e do pelo<\/strong>, s\u00e3o <strong>isentos de a\u00e7\u00facares, corantes artificiais e conservantes<\/strong> e dar\u00e3o \u00e0 dieta regular do seu felino um toque de grande sabor e variedade.<\/p>\n<p><em><strong>Estes deliciosos cubos de salm\u00e3o s\u00e3o um \u00f3timo snack da Criadores que o seu gato vai adorar e que o vai ajudar a manter-se saud\u00e1vel.<\/strong><\/em><\/p>\n","protected":false},"excerpt":{"rendered":"<p>Snacks para gatos adultos, em forma de cubos e \u00e0 base de salm\u00e3o, tem baixo teor de gordura, \u00e9 estaladi\u00e7o, f\u00e1ceis de digerir e mant\u00e9m o animal entretido.<\/p>\n","protected":false},"featured_media":1912,"comment_status":"open","ping_status":"closed","template":"","meta":{"_acf_changed":false},"product_brand":[],"product_cat":[92],"product_tag":[],"class_list":{"0":"post-2364","1":"product","2":"type-product","3":"status-publish","4":"has-post-thumbnail","6":"product_cat-cao","8":"first","9":"instock","10":"shipping-taxable","11":"product-type-simple"},"acf":[],"_links":{"self":[{"href":"https:\/\/www.criadores.es\/pt-pt\/wp-json\/wp\/v2\/product\/2364","targetHints":{"allow":["GET"]}}],"collection":[{"href":"https:\/\/www.criadores.es\/pt-pt\/wp-json\/wp\/v2\/product"}],"about":[{"href":"https:\/\/www.criadores.es\/pt-pt\/wp-json\/wp\/v2\/types\/product"}],"replies":[{"embeddable":true,"href":"https:\/\/www.criadores.es\/pt-pt\/wp-json\/wp\/v2\/comments?post=2364"}],"wp:featuredmedia":[{"embeddable":true,"href":"https:\/\/www.criadores.es\/pt-pt\/wp-json\/wp\/v2\/media\/1912"}],"wp:attachment":[{"href":"https:\/\/www.criadores.es\/pt-pt\/wp-json\/wp\/v2\/media?parent=2364"}],"wp:term":[{"taxonomy":"product_brand","embeddable":true,"href":"https:\/\/www.criadores.es\/pt-pt\/wp-json\/wp\/v2\/product_brand?post=2364"},{"taxonomy":"product_cat","embeddable":true,"href":"https:\/\/www.criadores.es\/pt-pt\/wp-json\/wp\/v2\/product_cat?post=2364"},{"taxonomy":"product_tag","embeddable":true,"href":"https:\/\/www.criadores.es\/pt-pt\/wp-json\/wp\/v2\/product_tag?post=2364"}],"curies":[{"name":"wp","href":"https:\/\/api.w.org\/{rel}","templated":true}]}}