{"id":2366,"date":"2025-02-13T15:24:23","date_gmt":"2025-02-13T14:24:23","guid":{"rendered":"https:\/\/www.criadores.es\/producto\/criadores-sticks-mini-piccolinis-de-atum-para-gatos\/"},"modified":"2025-06-11T15:10:10","modified_gmt":"2025-06-11T13:10:10","slug":"criadores-sticks-mini-piccolinis-de-atum-para-gatos","status":"publish","type":"product","link":"https:\/\/www.criadores.es\/pt-pt\/producto\/criadores-sticks-mini-piccolinis-de-atum-para-gatos\/","title":{"rendered":"Criadores Sticks Mini Piccolinis de Atum para gatos"},"content":{"rendered":"<h2>Mini sticks de atum para gatos adultos<\/h2>\n<p>Toda a gente sabe que os gatos adoram peixe e \u00e9 por isso que existem tantos alimentos e guloseimas diferentes para gatos que o utilizam como ingrediente principal. \u00c9 o caso destes <strong>mini sticks de atum para gatos adultos<\/strong>, que foram formulados pela Criadores com uma <strong>elevada percentagem de prote\u00ednas<\/strong> e um <strong>baixo teor de gordura<\/strong>.<\/p>\n<p>S\u00e3o pequenos <strong>sticks estaladi\u00e7os<\/strong> que manter\u00e3o o seu gato entretido a mastig\u00e1-los, enquanto <strong>limpam naturalmente os seus dentes e gengivas<\/strong> ao mesmo tempo.<\/p>\n<p>Este <strong>snack para gatos<\/strong> \u00e9 <strong>f\u00e1cil de digerir<\/strong>, ajuda a refor\u00e7ar as defesas e <strong>fortalece o sistema imunit\u00e1rio<\/strong>, melhora a <strong>sa\u00fade da pele e do pelo<\/strong> e <strong>n\u00e3o cont\u00e9m a\u00e7\u00facares, corantes ou conservantes\u00a0artificiais<\/strong>. Pode oferecer dois a quatro mini sticks de atum diariamente ao seu animal de estima\u00e7\u00e3o, certificando-se sempre de que ele tem \u00e1gua limpa e fresca dispon\u00edvel.<\/p>\n<p>&nbsp;<\/p>\n<p><em><strong>D\u00ea variedade e sabor \u00e0 alimenta\u00e7\u00e3o do seu gato com estes mini sticks de atum da Criadores.<\/strong><\/em><\/p>\n","protected":false},"excerpt":{"rendered":"<p>Snacks de atum para gatos adultos, sob a forma de mini palitos, com elevado teor de prote\u00ednas, baixo teor de gordura, consist\u00eancia estaladi\u00e7a, f\u00e1ceis de digerir e que mant\u00eam o animal entretido.<\/p>\n","protected":false},"featured_media":1929,"comment_status":"open","ping_status":"closed","template":"","meta":{"_acf_changed":false},"product_brand":[],"product_cat":[111,106,103],"product_tag":[],"class_list":{"0":"post-2366","1":"product","2":"type-product","3":"status-publish","4":"has-post-thumbnail","6":"product_cat-gatos","7":"product_cat-original-gato-pt-pt","8":"product_cat-snacks-pt","10":"first","11":"instock","12":"shipping-taxable","13":"product-type-simple"},"acf":[],"_links":{"self":[{"href":"https:\/\/www.criadores.es\/pt-pt\/wp-json\/wp\/v2\/product\/2366","targetHints":{"allow":["GET"]}}],"collection":[{"href":"https:\/\/www.criadores.es\/pt-pt\/wp-json\/wp\/v2\/product"}],"about":[{"href":"https:\/\/www.criadores.es\/pt-pt\/wp-json\/wp\/v2\/types\/product"}],"replies":[{"embeddable":true,"href":"https:\/\/www.criadores.es\/pt-pt\/wp-json\/wp\/v2\/comments?post=2366"}],"wp:featuredmedia":[{"embeddable":true,"href":"https:\/\/www.criadores.es\/pt-pt\/wp-json\/wp\/v2\/media\/1929"}],"wp:attachment":[{"href":"https:\/\/www.criadores.es\/pt-pt\/wp-json\/wp\/v2\/media?parent=2366"}],"wp:term":[{"taxonomy":"product_brand","embeddable":true,"href":"https:\/\/www.criadores.es\/pt-pt\/wp-json\/wp\/v2\/product_brand?post=2366"},{"taxonomy":"product_cat","embeddable":true,"href":"https:\/\/www.criadores.es\/pt-pt\/wp-json\/wp\/v2\/product_cat?post=2366"},{"taxonomy":"product_tag","embeddable":true,"href":"https:\/\/www.criadores.es\/pt-pt\/wp-json\/wp\/v2\/product_tag?post=2366"}],"curies":[{"name":"wp","href":"https:\/\/api.w.org\/{rel}","templated":true}]}}