{"id":2368,"date":"2025-02-13T13:50:32","date_gmt":"2025-02-13T12:50:32","guid":{"rendered":"https:\/\/www.criadores.es\/producto\/criadores-tiras-piccolinis-de-frango-para-gatos\/"},"modified":"2025-06-12T11:46:19","modified_gmt":"2025-06-12T09:46:19","slug":"criadores-tiras-piccolinis-de-frango-para-gatos","status":"publish","type":"product","link":"https:\/\/www.criadores.es\/pt-pt\/producto\/criadores-tiras-piccolinis-de-frango-para-gatos\/","title":{"rendered":"Criadores Tiras Piccolinis de Frango para gatos"},"content":{"rendered":"<h2>Snacks em forma de tiras de frango para gatos<\/h2>\n<p>Se o seu gato \u00e9 um daqueles que pede comida ou guloseimas entre as refei\u00e7\u00f5es principais e est\u00e1 preocupado que isso possa afetar a sua sa\u00fade, as guloseimas da Criadores podem ser uma op\u00e7\u00e3o <strong>nutritiva e deliciosa<\/strong> que lhe permite mimar o seu amigo peludo.<\/p>\n<p>Estas <strong>tiras de frango<\/strong> s\u00e3o um <strong>complemento alimentar<\/strong> <strong>saud\u00e1vel e apelativo<\/strong>, com uma <strong>elevada percentagem de prote\u00ednas<\/strong> e muito <strong>baixo teor de gordura<\/strong>. T\u00eam uma <strong>consist\u00eancia estaladi\u00e7a<\/strong> e um <strong>sabor apelativo<\/strong> que o seu animal de estima\u00e7\u00e3o ir\u00e1 apreciar a cada dentada.<\/p>\n<p>Ajudam a <strong>manter os dentes e as gengivas limpos<\/strong> de uma forma natural e tamb\u00e9m <strong>acrescentam variedade \u00e0 dieta regular<\/strong>. S\u00e3o muito <strong>f\u00e1ceis de digerir<\/strong> e <strong>n\u00e3o cont\u00eam a\u00e7\u00facares, corantes ou conservantes\u00a0artificiais<\/strong>.<\/p>\n<p>Este snack para gatos adultos tamb\u00e9m <strong>beneficia a sa\u00fade da pele e do pelo<\/strong> e <strong>fortalece o sistema imunit\u00e1rio<\/strong>. Pode oferecer de duas a quatro tiras de frango por dia ao seu animal de estima\u00e7\u00e3o, certificando-se sempre de que ele tem \u00e1gua fresca e limpa dispon\u00edvel.<\/p>\n<p>&nbsp;<\/p>\n<p><em><strong>Mime o seu gato com estas tiras de frango da Criadores para complementar a sua alimenta\u00e7\u00e3o de uma forma saud\u00e1vel e deliciosa.<\/strong><\/em><\/p>\n","protected":false},"excerpt":{"rendered":"<p>Snacks para gatos adultos, sob a forma de tiras de frango, rico em prote\u00ednas e com baixo teor de gordura, com uma consist\u00eancia estaladi\u00e7a, f\u00e1ceis de digerir e que mant\u00eam o animal entretido.<\/p>\n","protected":false},"featured_media":1916,"comment_status":"open","ping_status":"closed","template":"","meta":{"_acf_changed":false},"product_brand":[],"product_cat":[111,106,103],"product_tag":[],"class_list":{"0":"post-2368","1":"product","2":"type-product","3":"status-publish","4":"has-post-thumbnail","6":"product_cat-gatos","7":"product_cat-original-gato-pt-pt","8":"product_cat-snacks-pt","10":"first","11":"instock","12":"shipping-taxable","13":"product-type-simple"},"acf":[],"_links":{"self":[{"href":"https:\/\/www.criadores.es\/pt-pt\/wp-json\/wp\/v2\/product\/2368","targetHints":{"allow":["GET"]}}],"collection":[{"href":"https:\/\/www.criadores.es\/pt-pt\/wp-json\/wp\/v2\/product"}],"about":[{"href":"https:\/\/www.criadores.es\/pt-pt\/wp-json\/wp\/v2\/types\/product"}],"replies":[{"embeddable":true,"href":"https:\/\/www.criadores.es\/pt-pt\/wp-json\/wp\/v2\/comments?post=2368"}],"wp:featuredmedia":[{"embeddable":true,"href":"https:\/\/www.criadores.es\/pt-pt\/wp-json\/wp\/v2\/media\/1916"}],"wp:attachment":[{"href":"https:\/\/www.criadores.es\/pt-pt\/wp-json\/wp\/v2\/media?parent=2368"}],"wp:term":[{"taxonomy":"product_brand","embeddable":true,"href":"https:\/\/www.criadores.es\/pt-pt\/wp-json\/wp\/v2\/product_brand?post=2368"},{"taxonomy":"product_cat","embeddable":true,"href":"https:\/\/www.criadores.es\/pt-pt\/wp-json\/wp\/v2\/product_cat?post=2368"},{"taxonomy":"product_tag","embeddable":true,"href":"https:\/\/www.criadores.es\/pt-pt\/wp-json\/wp\/v2\/product_tag?post=2368"}],"curies":[{"name":"wp","href":"https:\/\/api.w.org\/{rel}","templated":true}]}}