{"id":2369,"date":"2025-02-11T10:25:44","date_gmt":"2025-02-11T09:25:44","guid":{"rendered":"https:\/\/www.criadores.es\/producto\/criadores-snack-semi-humido-de-cordeiro-para-caes\/"},"modified":"2025-06-11T17:32:48","modified_gmt":"2025-06-11T15:32:48","slug":"criadores-snack-semi-humido-de-cordeiro-para-caes","status":"publish","type":"product","link":"https:\/\/www.criadores.es\/pt-pt\/producto\/criadores-snack-semi-humido-de-cordeiro-para-caes\/","title":{"rendered":"Criadores Snack semi-h\u00famido de cordeiro para c\u00e3es"},"content":{"rendered":"<h2>Guloseimas macias para c\u00e3es Criadores Delisnack sem cereais<\/h2>\n<p>Delisnack semi-h\u00famido para c\u00e3es Criadores s\u00e3o deliciosos <strong>snacks de carne e peixe <\/strong>que o seu animal de estima\u00e7\u00e3o vai adorar. N\u00e3o s\u00f3 s\u00e3o pr\u00e9mios saborosos e macios, mas tamb\u00e9m s\u00e3o muito <strong>saud\u00e1veis e nutritivos <\/strong>e oferecem ao animal muitos benef\u00edcios. Os Delisnack est\u00e3o elaborados com <strong>85% de carne fresca <\/strong><strong>acompanhada de alimentos como as ervilhas, as lentilhas e as algas.<\/strong> Deliciosos!<\/p>\n<p>Os snacks semi-h\u00famidos Criadores s\u00e3o umas deliciosas guloseimas <strong>sem cereais<\/strong> que cuidam da sa\u00fade articular e da sa\u00fade da pele. Uma op\u00e7\u00e3o ideal para recompensar o seu animal de estima\u00e7\u00e3o em qualquer momento do dia, e sem peso na consci\u00eancia. Estes bocadinhos t\u00eam uma <strong>textura macia <\/strong>e um irresist\u00edvel cheiro natural a carne que vai entusiasmar a qualquer c\u00e3o. Delisnack <strong>incorpora condroprotetores <\/strong>como a glucosamina e a condroitina para prevenir o desgaste das articula\u00e7\u00f5es; tamb\u00e9m cont\u00e9m zinco para contribuir para que a pele seja saud\u00e1vel e as feridas cicatrizem melhor.<\/p>\n<p>Criadores Delisnack n\u00e3o s\u00f3 est\u00e3o elaborados com 85% de carne fresca. As <strong>algas desidratadas <\/strong>t\u00eam um grande poder antioxidante, estimulam o metabolismo e ajudam a <strong>cuidar do pelo e da pele<\/strong>. Al\u00e9m disso, a levedura de cerveja cont\u00e9m in\u00fameras propriedades saud\u00e1veis: \u00e9 rica em vitamina B, em fibra e em prote\u00ednas para oferecer um extra de vitalidade ao manto, fortalecer o sistema nervoso, imunit\u00e1rio e favorecer o tr\u00e2nsito intestinal.<\/p>\n<p>Delisnack semi-h\u00famido Criadores oferece diferentes receitas para que o seu c\u00e3o desfrute de todos os sabores: <strong>frango, carne de vaca, cordeiro, pato, peixe e f\u00edgado. Consiga todos em Tiendanimal!<\/strong><\/p>\n<p><strong><em>Prove todas as variedades de Delisnack semi-h\u00famido para c\u00e3es Criadores e deixe que o seu animal de estima\u00e7\u00e3o desfrute dos seus deliciosos sabores.<\/em><\/strong><\/p>\n<p><em>A partir da data em que os receba \u00e9 garantido um prazo de 3 meses antes do vencimento da data de validade, ou de 1 m\u00eas no caso dos produtos l\u00b4cteos e a ra\u00e7\u00e3o ecol\u00f3gica.<\/em><\/p>\n","protected":false},"excerpt":{"rendered":"<p>Petiscos de carneiro isentos de gl\u00faten para c\u00e3es de todas as idades, s\u00e3o semi h\u00famidos, f\u00e1ceis de mastigar e digerir, com alto teor de prote\u00ednas e baixas em gorduras.<\/p>\n","protected":false},"featured_media":1654,"comment_status":"open","ping_status":"closed","template":"","meta":{"_acf_changed":false},"product_brand":[],"product_cat":[92,98,101],"product_tag":[],"class_list":{"0":"post-2369","1":"product","2":"type-product","3":"status-publish","4":"has-post-thumbnail","6":"product_cat-cao","7":"product_cat-original-pt-pt","8":"product_cat-snacks-pt-pt","10":"first","11":"instock","12":"shipping-taxable","13":"product-type-simple"},"acf":[],"_links":{"self":[{"href":"https:\/\/www.criadores.es\/pt-pt\/wp-json\/wp\/v2\/product\/2369","targetHints":{"allow":["GET"]}}],"collection":[{"href":"https:\/\/www.criadores.es\/pt-pt\/wp-json\/wp\/v2\/product"}],"about":[{"href":"https:\/\/www.criadores.es\/pt-pt\/wp-json\/wp\/v2\/types\/product"}],"replies":[{"embeddable":true,"href":"https:\/\/www.criadores.es\/pt-pt\/wp-json\/wp\/v2\/comments?post=2369"}],"wp:featuredmedia":[{"embeddable":true,"href":"https:\/\/www.criadores.es\/pt-pt\/wp-json\/wp\/v2\/media\/1654"}],"wp:attachment":[{"href":"https:\/\/www.criadores.es\/pt-pt\/wp-json\/wp\/v2\/media?parent=2369"}],"wp:term":[{"taxonomy":"product_brand","embeddable":true,"href":"https:\/\/www.criadores.es\/pt-pt\/wp-json\/wp\/v2\/product_brand?post=2369"},{"taxonomy":"product_cat","embeddable":true,"href":"https:\/\/www.criadores.es\/pt-pt\/wp-json\/wp\/v2\/product_cat?post=2369"},{"taxonomy":"product_tag","embeddable":true,"href":"https:\/\/www.criadores.es\/pt-pt\/wp-json\/wp\/v2\/product_tag?post=2369"}],"curies":[{"name":"wp","href":"https:\/\/api.w.org\/{rel}","templated":true}]}}