{"id":2372,"date":"2025-02-13T10:57:34","date_gmt":"2025-02-13T09:57:34","guid":{"rendered":"https:\/\/www.criadores.es\/producto\/criadores-snacks-dentarios-de-limpeza-para-caes\/"},"modified":"2025-06-12T12:38:15","modified_gmt":"2025-06-12T10:38:15","slug":"criadores-snacks-dentarios-de-limpeza-para-caes","status":"publish","type":"product","link":"https:\/\/www.criadores.es\/pt-pt\/producto\/criadores-snacks-dentarios-de-limpeza-para-caes\/","title":{"rendered":"Criadores Snacks Dent\u00e1rios de Limpeza para c\u00e3es"},"content":{"rendered":"<h2>Snacks dent\u00e1rios para c\u00e3es adultos<\/h2>\n<p>Cuide da sa\u00fade oral do seu amigo peludo com estes <strong>snacks dent\u00e1rios para c\u00e3es adultos<\/strong>, preparados pela Criadores com <strong>pele de boi desidratada e spirulina<\/strong>, com a inten\u00e7\u00e3o de entreter o seu animal de estima\u00e7\u00e3o enquanto <strong>refresca o seu h\u00e1lito<\/strong> e remove a sujidade.<\/p>\n<p>T\u00eam uma <strong>a\u00e7\u00e3o mec\u00e2nica<\/strong> quando mastigados pelo c\u00e3o, pois <strong>arrastam os restos de comida e removem o t\u00e1rtaro<\/strong>. Favorecem igualmente a <strong>sa\u00fade da l\u00edngua e das gengivas<\/strong>.<\/p>\n<p>Este complemento alimentar tem uma consist\u00eancia dura, mas tamb\u00e9m \u00e9 <strong>f\u00e1cil de digerir e n\u00e3o \u00e9 t\u00f3xico<\/strong>. Tem uma <strong>elevada percentagem de prote\u00edna bruta<\/strong> e possui um <strong>baixo teor de gordura<\/strong>. \u00c9 rico em <strong>vitaminas, minerais e oligoelementos<\/strong> que beneficiam a qualidade de vida geral do seu c\u00e3o.<\/p>\n<p>Pode oferec\u00ea-los ao seu animal de estima\u00e7\u00e3o como um snack ou como um brinquedo comest\u00edvel, uma vez que a sua dureza e longa dura\u00e7\u00e3o permitem que sejam mastigados intensamente para os manter entretidos ao longo do dia.<\/p>\n<p><em><strong>Estes snacks mastig\u00e1veis dar\u00e3o ao seu c\u00e3o um h\u00e1lito fresco e dentes e gengivas mais saud\u00e1veis.<\/strong><\/em><\/p>\n","protected":false},"excerpt":{"rendered":"<p>Os snacks dent\u00e1rios para c\u00e3es adultos, elaborados com pele de boi desidratada e spirulina, ajudam a limpar os dentes e as gengivas do seu animal, previnem o aparecimento de t\u00e1rtaro e de placa bacteriana e refrescam o h\u00e1lito, s\u00e3o f\u00e1ceis de digerir. Recolha gratuita na loja.<\/p>\n","protected":false},"featured_media":1850,"comment_status":"open","ping_status":"closed","template":"","meta":{"_acf_changed":false},"product_brand":[],"product_cat":[92,94,98],"product_tag":[],"class_list":{"0":"post-2372","1":"product","2":"type-product","3":"status-publish","4":"has-post-thumbnail","6":"product_cat-cao","7":"product_cat-comida-humida","8":"product_cat-original-pt-pt","10":"first","11":"instock","12":"shipping-taxable","13":"product-type-simple"},"acf":[],"_links":{"self":[{"href":"https:\/\/www.criadores.es\/pt-pt\/wp-json\/wp\/v2\/product\/2372","targetHints":{"allow":["GET"]}}],"collection":[{"href":"https:\/\/www.criadores.es\/pt-pt\/wp-json\/wp\/v2\/product"}],"about":[{"href":"https:\/\/www.criadores.es\/pt-pt\/wp-json\/wp\/v2\/types\/product"}],"replies":[{"embeddable":true,"href":"https:\/\/www.criadores.es\/pt-pt\/wp-json\/wp\/v2\/comments?post=2372"}],"wp:featuredmedia":[{"embeddable":true,"href":"https:\/\/www.criadores.es\/pt-pt\/wp-json\/wp\/v2\/media\/1850"}],"wp:attachment":[{"href":"https:\/\/www.criadores.es\/pt-pt\/wp-json\/wp\/v2\/media?parent=2372"}],"wp:term":[{"taxonomy":"product_brand","embeddable":true,"href":"https:\/\/www.criadores.es\/pt-pt\/wp-json\/wp\/v2\/product_brand?post=2372"},{"taxonomy":"product_cat","embeddable":true,"href":"https:\/\/www.criadores.es\/pt-pt\/wp-json\/wp\/v2\/product_cat?post=2372"},{"taxonomy":"product_tag","embeddable":true,"href":"https:\/\/www.criadores.es\/pt-pt\/wp-json\/wp\/v2\/product_tag?post=2372"}],"curies":[{"name":"wp","href":"https:\/\/api.w.org\/{rel}","templated":true}]}}