{"id":2375,"date":"2025-02-13T16:53:10","date_gmt":"2025-02-13T15:53:10","guid":{"rendered":"https:\/\/www.criadores.es\/producto\/criadores-deli-snack-peixe-para-gatos\/"},"modified":"2025-06-12T10:17:37","modified_gmt":"2025-06-12T08:17:37","slug":"criadores-deli-snack-peixe-para-gatos","status":"publish","type":"product","link":"https:\/\/www.criadores.es\/pt-pt\/producto\/criadores-deli-snack-peixe-para-gatos\/","title":{"rendered":"Criadores Deli Snack Peixe para gatos"},"content":{"rendered":"<h2>Snack sem cereais para gatos Criadores Delisnack<\/h2>\n<p>Delisnack semi-h\u00famido para gatos Criadores s\u00e3o deliciosas guloseimas de carne e peixe que satisfazem os paladares de todos os felinos. Snack <strong>saboroso, nutritivo e saud\u00e1vel <\/strong>com propriedades ben\u00e9ficas para a sa\u00fade do seu animal de estima\u00e7\u00e3o e com uma fant\u00e1stica percentagem de <strong>85% de carne fresca<\/strong><strong>.<\/strong> Al\u00e9m disso, Delisnack <strong>n\u00e3o tem cereais<\/strong>, evitando assim as intoler\u00e2ncias alimentares dos gatos.<\/p>\n<p>Estes deliciosos bocadinhos t\u00eam uma <strong>textura macia e um irresist\u00edvel aroma <\/strong>a carne que n\u00e3o deixar\u00e1 indiferente a nenhum felino. Os snacks de Criadores Delisnack caracteriza-se por estar feitos com muita carne, excluir os cereais e cuidar da sa\u00fade articular e da pele. A receita incorpora <strong>glucosamina e condroitina para proteger as articula\u00e7\u00f5es <\/strong>e prevenir o seu desgaste. Al\u00e9m disso, o zinco favorece uma <strong>pele saud\u00e1vel <\/strong>e uma melhor cicatriza\u00e7\u00e3o das feridas.<\/p>\n<p>Outros dos ingredientes de Criadores Delisnack s\u00e3o as <strong>algas desidratadas<\/strong>, a levedura de cerveja, as ervilhas e as lentilhas. As algas s\u00e3o um alimento com um grande poder antioxidante que estimula o metabolismo e ajuda com o cuidado da pele e do pelo; a levedura de cerveja \u00e9 rica em <strong>prote\u00ednas, fibras e <strong>vitamina B<\/strong><\/strong> para favorecer o tr\u00e2nsito intestinal, oferecer um extra de vitalidade e fortalecer o sistema nervoso e imunit\u00e1rio. Um snack ideal para recompensar o seu animal de estima\u00e7\u00e3o cada dia e em qualquer momento.<\/p>\n<p>Com os Delisnack de Criadores poder\u00e1 escolher entre uma <strong>grande variedade de sabores<\/strong>:<strong> carne de vaca, frango, f\u00edgado, peixe, pato e cordeiro.<\/strong> Encontre todas estas variedades em Tiendanimal.<\/p>\n<p><strong><em>Os delisnack semi-h\u00famido para gatos Criadores t\u00eam um sabor delicioso a carne e cuidam da sa\u00fade do seu animal de estima\u00e7\u00e3o.<\/em><\/strong><\/p>\n<p><em>A partir da data em que os receba \u00e9 garantido um prazo de 3 meses antes do vencimento da data de validade, ou de 1 m\u00eas no caso dos produtos l\u00b4cteos e a ra\u00e7\u00e3o ecol\u00f3gica.<\/em><\/p>\n","protected":false},"excerpt":{"rendered":"<p>Delisnack semi-h\u00famido para gatos Criadores s\u00e3o deliciosas guloseimas de carne e peixe que satisfazem os paladares de todos os felinos. Snack saboroso, nutritivo e saud\u00e1vel com &#8230;<\/p>\n","protected":false},"featured_media":1960,"comment_status":"open","ping_status":"closed","template":"","meta":{"_acf_changed":false},"product_brand":[],"product_cat":[111,106,103],"product_tag":[],"class_list":{"0":"post-2375","1":"product","2":"type-product","3":"status-publish","4":"has-post-thumbnail","6":"product_cat-gatos","7":"product_cat-original-gato-pt-pt","8":"product_cat-snacks-pt","10":"first","11":"instock","12":"shipping-taxable","13":"product-type-simple"},"acf":[],"_links":{"self":[{"href":"https:\/\/www.criadores.es\/pt-pt\/wp-json\/wp\/v2\/product\/2375","targetHints":{"allow":["GET"]}}],"collection":[{"href":"https:\/\/www.criadores.es\/pt-pt\/wp-json\/wp\/v2\/product"}],"about":[{"href":"https:\/\/www.criadores.es\/pt-pt\/wp-json\/wp\/v2\/types\/product"}],"replies":[{"embeddable":true,"href":"https:\/\/www.criadores.es\/pt-pt\/wp-json\/wp\/v2\/comments?post=2375"}],"wp:featuredmedia":[{"embeddable":true,"href":"https:\/\/www.criadores.es\/pt-pt\/wp-json\/wp\/v2\/media\/1960"}],"wp:attachment":[{"href":"https:\/\/www.criadores.es\/pt-pt\/wp-json\/wp\/v2\/media?parent=2375"}],"wp:term":[{"taxonomy":"product_brand","embeddable":true,"href":"https:\/\/www.criadores.es\/pt-pt\/wp-json\/wp\/v2\/product_brand?post=2375"},{"taxonomy":"product_cat","embeddable":true,"href":"https:\/\/www.criadores.es\/pt-pt\/wp-json\/wp\/v2\/product_cat?post=2375"},{"taxonomy":"product_tag","embeddable":true,"href":"https:\/\/www.criadores.es\/pt-pt\/wp-json\/wp\/v2\/product_tag?post=2375"}],"curies":[{"name":"wp","href":"https:\/\/api.w.org\/{rel}","templated":true}]}}