{"id":2376,"date":"2025-02-14T09:09:14","date_gmt":"2025-02-14T08:09:14","guid":{"rendered":"https:\/\/www.criadores.es\/producto\/criadores-grain-free-saquetas-para-gatos\/"},"modified":"2025-06-11T17:58:17","modified_gmt":"2025-06-11T15:58:17","slug":"criadores-grain-free-saquetas-para-gatos","status":"publish","type":"product","link":"https:\/\/www.criadores.es\/pt-pt\/producto\/criadores-grain-free-saquetas-para-gatos\/","title":{"rendered":"Criadores Grain Free saquetas para gatos"},"content":{"rendered":"<h2>Menu Degusta\u00e7\u00e3o de comida h\u00famida natural Criadores Grain Free<\/h2>\n<p>O Multipack Criadores Grain Free h\u00famido oferece ao seu felino um <strong>incr\u00edvel menu degusta\u00e7\u00e3o<\/strong> com quatro receitas diferentes. Um alimento h\u00famido completo e de alta qualidade elaborado com<strong> ingredientes naturais<\/strong> que cuidam da sa\u00fade dos gatos. A sua f\u00f3rmula, elaborada com por veterin\u00e1rios especialistas em nutri\u00e7\u00e3o, utiliza <strong>70% de carne e exclui os cereais<\/strong>. A aus\u00eancia de gr\u00e3o melhora a digest\u00e3o e reduz as intoler\u00e2ncias e alergias ao alimento.<\/p>\n<p>Criadores Grain Free cont\u00e9m uma alta percentagem de carne que outorga um<strong> sabor intenso e muito natural<\/strong>, irresist\u00edvel para os felinos. Al\u00e9m da carne, utiliza<strong> frutas e verduras<\/strong> com propriedades ben\u00e9ficas para a sa\u00fade. Uma combina\u00e7\u00e3o de ingredientes selecionados que satisfazem as necessidades nutricionais dos gatos adultos, proporcionando uma mistura adequada de prote\u00ednas, gorduras, vitaminas e minerais.<\/p>\n<p>As receitas que incorpora este<strong> multipack de comida h\u00famida<\/strong> s\u00e3o: frango com vitela e mirtilos; peru com pato e ab\u00f3bora; vitela com arenque e cenouras; frango com salm\u00e3o e curgete. Superalimentos muito nutritivos que dar\u00e3o ao seu gato mais vitalidade do que nunca. Al\u00e9m do mais, a comida vem em 8 pr\u00e1ticas saquetas para abrir e servir no momento. O seu gato n\u00e3o conseguir\u00e1 resistir a nenhuma das receitas de Menu Degusta\u00e7\u00e3o<strong> Criadores Grain Free<\/strong>.<\/p>\n<p><strong><em>O Multipack Criadores Grain Free h\u00famido cuida da sa\u00fade do seu felino com ingredientes naturais e de primeira qualidade, pois ele merece o melhor!<\/em><\/strong><\/p>\n<p><em>A partir da data em que os receba \u00e9 garantido um prazo de 3 meses antes do vencimento da data de validade, ou de 1 m\u00eas no caso dos produtos l\u00b4cteos e a ra\u00e7\u00e3o ecol\u00f3gica.<\/em><\/p>\n","protected":false},"excerpt":{"rendered":"<p>O Multipack Criadores Grain Free h\u00famido oferece ao seu felino um incr\u00edvel menu degusta\u00e7\u00e3o com quatro receitas diferentes. Um alimento h\u00famido completo e de alta<\/p>\n","protected":false},"featured_media":2004,"comment_status":"open","ping_status":"closed","template":"","meta":{"_acf_changed":false},"product_brand":[],"product_cat":[110,111,107],"product_tag":[],"class_list":{"0":"post-2376","1":"product","2":"type-product","3":"status-publish","4":"has-post-thumbnail","6":"product_cat-comida-humida-pt","7":"product_cat-gatos","8":"product_cat-grain-free-gato-pt-pt","10":"first","11":"instock","12":"shipping-taxable","13":"product-type-simple"},"acf":[],"_links":{"self":[{"href":"https:\/\/www.criadores.es\/pt-pt\/wp-json\/wp\/v2\/product\/2376","targetHints":{"allow":["GET"]}}],"collection":[{"href":"https:\/\/www.criadores.es\/pt-pt\/wp-json\/wp\/v2\/product"}],"about":[{"href":"https:\/\/www.criadores.es\/pt-pt\/wp-json\/wp\/v2\/types\/product"}],"replies":[{"embeddable":true,"href":"https:\/\/www.criadores.es\/pt-pt\/wp-json\/wp\/v2\/comments?post=2376"}],"wp:featuredmedia":[{"embeddable":true,"href":"https:\/\/www.criadores.es\/pt-pt\/wp-json\/wp\/v2\/media\/2004"}],"wp:attachment":[{"href":"https:\/\/www.criadores.es\/pt-pt\/wp-json\/wp\/v2\/media?parent=2376"}],"wp:term":[{"taxonomy":"product_brand","embeddable":true,"href":"https:\/\/www.criadores.es\/pt-pt\/wp-json\/wp\/v2\/product_brand?post=2376"},{"taxonomy":"product_cat","embeddable":true,"href":"https:\/\/www.criadores.es\/pt-pt\/wp-json\/wp\/v2\/product_cat?post=2376"},{"taxonomy":"product_tag","embeddable":true,"href":"https:\/\/www.criadores.es\/pt-pt\/wp-json\/wp\/v2\/product_tag?post=2376"}],"curies":[{"name":"wp","href":"https:\/\/api.w.org\/{rel}","templated":true}]}}