{"id":2377,"date":"2025-02-11T11:09:59","date_gmt":"2025-02-11T10:09:59","guid":{"rendered":"https:\/\/www.criadores.es\/producto\/criadores-snack-com-biotina-para-caes-300gr\/"},"modified":"2025-06-11T17:29:43","modified_gmt":"2025-06-11T15:29:43","slug":"criadores-snack-com-biotina-para-caes-300gr","status":"publish","type":"product","link":"https:\/\/www.criadores.es\/pt-pt\/producto\/criadores-snack-com-biotina-para-caes-300gr\/","title":{"rendered":"Criadores snack com biotina para c\u00e3es 300gr"},"content":{"rendered":"<h2>Guloseimas para c\u00e3es Criadores com vitaminas<\/h2>\n<p>Os Snack Criadores com Biotina para c\u00e3es s\u00e3o umas saborosas guloseimas que contribuem para <strong>melhorar a sa\u00fade do pelo e da pele<\/strong>. Al\u00e9m de recompensar ao seu animal de estima\u00e7\u00e3o com um delicioso pr\u00e9mio, estar\u00e1 a cuidar da sua sa\u00fade com um aporte de <strong>biotina e vitamina E<\/strong>.<\/p>\n<p>Os c\u00e3es adoram estes snacks pela sua <strong>forma de barrita <\/strong>de 10 cm, que poder\u00e3o apanhar e mastigar, e desfrutar a dobrar. Al\u00e9m disso, se preferir pode dividi-la em v\u00e1rios peda\u00e7os para dar aos poucos; a textura das sticks \u00e9 semi-h\u00famida e macia, por tanto poder\u00e1 dividi-las facilmente com a m\u00e3o. A biotina \u00e9 um composto vitam\u00ednico que contribui para que o pelo esteja saud\u00e1vel e brilhante, al\u00e9m de fortalecer a pele, <strong>evitar as irrita\u00e7\u00f5es e fortalecer as unhas<\/strong> e o seu crescimento.<\/p>\n<p><strong><em>Melhore a pele e o pelo do seu animal de estima\u00e7\u00e3o com os Snack Criadores com Biotina para c\u00e3es.<\/em><\/strong><\/p>\n<p><em>A partir da data em que os receba \u00e9 garantido um prazo de 3 meses antes do vencimento da data de validade, ou de 1 m\u00eas no caso dos produtos l\u00b4cteos e a ra\u00e7\u00e3o ecol\u00f3gica.<\/em><\/p>\n","protected":false},"excerpt":{"rendered":"<p>Barra de biotina para c\u00e3es, feita com ingredientes naturais, melhora a sa\u00fade das unhas, pele e pelo, s\u00e3o crocantes e f\u00e1ceis de digerir.<\/p>\n","protected":false},"featured_media":1661,"comment_status":"open","ping_status":"closed","template":"","meta":{"_acf_changed":false},"product_brand":[],"product_cat":[92,98,101],"product_tag":[],"class_list":{"0":"post-2377","1":"product","2":"type-product","3":"status-publish","4":"has-post-thumbnail","6":"product_cat-cao","7":"product_cat-original-pt-pt","8":"product_cat-snacks-pt-pt","10":"first","11":"instock","12":"shipping-taxable","13":"product-type-simple"},"acf":[],"_links":{"self":[{"href":"https:\/\/www.criadores.es\/pt-pt\/wp-json\/wp\/v2\/product\/2377","targetHints":{"allow":["GET"]}}],"collection":[{"href":"https:\/\/www.criadores.es\/pt-pt\/wp-json\/wp\/v2\/product"}],"about":[{"href":"https:\/\/www.criadores.es\/pt-pt\/wp-json\/wp\/v2\/types\/product"}],"replies":[{"embeddable":true,"href":"https:\/\/www.criadores.es\/pt-pt\/wp-json\/wp\/v2\/comments?post=2377"}],"wp:featuredmedia":[{"embeddable":true,"href":"https:\/\/www.criadores.es\/pt-pt\/wp-json\/wp\/v2\/media\/1661"}],"wp:attachment":[{"href":"https:\/\/www.criadores.es\/pt-pt\/wp-json\/wp\/v2\/media?parent=2377"}],"wp:term":[{"taxonomy":"product_brand","embeddable":true,"href":"https:\/\/www.criadores.es\/pt-pt\/wp-json\/wp\/v2\/product_brand?post=2377"},{"taxonomy":"product_cat","embeddable":true,"href":"https:\/\/www.criadores.es\/pt-pt\/wp-json\/wp\/v2\/product_cat?post=2377"},{"taxonomy":"product_tag","embeddable":true,"href":"https:\/\/www.criadores.es\/pt-pt\/wp-json\/wp\/v2\/product_tag?post=2377"}],"curies":[{"name":"wp","href":"https:\/\/api.w.org\/{rel}","templated":true}]}}