{"id":2378,"date":"2025-02-11T17:48:01","date_gmt":"2025-02-11T16:48:01","guid":{"rendered":"https:\/\/www.criadores.es\/producto\/criadores-snacks-anti-hairball-para-gatos\/"},"modified":"2025-06-11T16:43:45","modified_gmt":"2025-06-11T14:43:45","slug":"criadores-snacks-anti-hairball-para-gatos","status":"publish","type":"product","link":"https:\/\/www.criadores.es\/pt-pt\/producto\/criadores-snacks-anti-hairball-para-gatos\/","title":{"rendered":"Criadores Snacks Anti-Hairball para gatos"},"content":{"rendered":"<h2>Controlo das bolas de pelo com Snack Anti-hairball<\/h2>\n<p>Os Snack Criadores Anti-hairball para gatos s\u00e3o deliciosos bocados de carne com leite que ajudam a controlar as bolas de pelo. A sua composi\u00e7\u00e3o especial <strong>facilita a expuls\u00e3o do pelo<\/strong> de forma natural para <strong>evitar as obstru\u00e7\u00f5es <\/strong>e outros problemas digestivos.<\/p>\n<p>Os snacks Anti-hairball s\u00e3o pequenos croquetes muito crocantes com uma textura dura, mas f\u00e1cil de partir. Al\u00e9m de ter um delicioso sabor, tem um suave aroma a carne e s\u00e3o <strong>baixos em calorias<\/strong>, menos de 2 kcal por bocado. Um <strong>alimento complementar ideal <\/strong>para cuidar da sa\u00fade do seu gato e recompens\u00e1-lo em qualquer momento do dia.<\/p>\n<p><strong><em>Os Snack Criadores Anti-hairball para gatos controlam as bolas de pelo para evitar os problemas digestivos.<\/em><\/strong><\/p>\n<p><em>A partir da data em que os receba \u00e9 garantido um prazo de 3 meses antes do vencimento da data de validade, ou de 1 m\u00eas no caso dos produtos l\u00b4cteos e a ra\u00e7\u00e3o ecol\u00f3gica.<\/em><\/p>\n","protected":false},"excerpt":{"rendered":"<p>Os Snack Criadores Anti-hairball para gatos s\u00e3o deliciosos bocados de carne com leite que ajudam a controlar as bolas de pelo. A sua composi\u00e7\u00e3o especial facilita a &#8230;<\/p>\n","protected":false},"featured_media":1706,"comment_status":"open","ping_status":"closed","template":"","meta":{"_acf_changed":false},"product_brand":[],"product_cat":[111,106,103],"product_tag":[],"class_list":{"0":"post-2378","1":"product","2":"type-product","3":"status-publish","4":"has-post-thumbnail","6":"product_cat-gatos","7":"product_cat-original-gato-pt-pt","8":"product_cat-snacks-pt","10":"first","11":"instock","12":"shipping-taxable","13":"product-type-simple"},"acf":[],"_links":{"self":[{"href":"https:\/\/www.criadores.es\/pt-pt\/wp-json\/wp\/v2\/product\/2378","targetHints":{"allow":["GET"]}}],"collection":[{"href":"https:\/\/www.criadores.es\/pt-pt\/wp-json\/wp\/v2\/product"}],"about":[{"href":"https:\/\/www.criadores.es\/pt-pt\/wp-json\/wp\/v2\/types\/product"}],"replies":[{"embeddable":true,"href":"https:\/\/www.criadores.es\/pt-pt\/wp-json\/wp\/v2\/comments?post=2378"}],"wp:featuredmedia":[{"embeddable":true,"href":"https:\/\/www.criadores.es\/pt-pt\/wp-json\/wp\/v2\/media\/1706"}],"wp:attachment":[{"href":"https:\/\/www.criadores.es\/pt-pt\/wp-json\/wp\/v2\/media?parent=2378"}],"wp:term":[{"taxonomy":"product_brand","embeddable":true,"href":"https:\/\/www.criadores.es\/pt-pt\/wp-json\/wp\/v2\/product_brand?post=2378"},{"taxonomy":"product_cat","embeddable":true,"href":"https:\/\/www.criadores.es\/pt-pt\/wp-json\/wp\/v2\/product_cat?post=2378"},{"taxonomy":"product_tag","embeddable":true,"href":"https:\/\/www.criadores.es\/pt-pt\/wp-json\/wp\/v2\/product_tag?post=2378"}],"curies":[{"name":"wp","href":"https:\/\/api.w.org\/{rel}","templated":true}]}}