{"id":2379,"date":"2025-02-14T08:30:29","date_gmt":"2025-02-14T07:30:29","guid":{"rendered":"https:\/\/www.criadores.es\/producto\/criadores-biscoitos-frango-para-gatos\/"},"modified":"2025-02-14T08:30:29","modified_gmt":"2025-02-14T07:30:29","slug":"criadores-biscoitos-frango-para-gatos","status":"publish","type":"product","link":"https:\/\/www.criadores.es\/pt-pt\/producto\/criadores-biscoitos-frango-para-gatos\/","title":{"rendered":"Criadores Biscoitos Frango para gatos"},"content":{"rendered":"<h2>Bocadinhos de frango baixoS em calorias Criadores<\/h2>\n<p>Os Snack Criadores com frango para gatos s\u00e3o umas <strong>gostosas guloseimas<\/strong> com as que voc\u00ea poder\u00e1 recompensar o seu animal de estima\u00e7\u00e3o em qualquer momento do dia. T\u00eam um saboroso sabor e s\u00e3o <strong>baixos em gorduras<\/strong>, pelo que n\u00e3o ter\u00e1 de se preocupar pela sa\u00fade do seu animal. Gra\u00e7as ao pequeno tamanho e a que t\u00eam menos de 2 calorias por bocado, voc\u00ea poder\u00e1 oferecer at\u00e9 8 snacks por dia. Vai adorar!<\/p>\n<p>Os pr\u00e9mios Snack com frango de Criadores s\u00e3o duros para favorecer a <strong>higiene dental<\/strong>, mas f\u00e1ceis de partir. A sua textura \u00e9 muito crocante para satisfazer os paladares dos gatos e t\u00eam um aroma a carne irresist\u00edvel. Al\u00e9m disso, s\u00e3o enriquecidos com<strong> vitaminas A, D3 e E<\/strong> para conseguir um extra de energia, vitalidade e cuidar da sua sa\u00fade. Criadores tamb\u00e9m conta com uma <strong>variedade de salm\u00e3o <\/strong>para que voc\u00ea possa alternar umas e outras, al\u00e9m dos Snacks Anti-Hairball para o controlo das bolas de pelo.<\/p>\n<p><strong><em>Os Snack Criadores com frango para gatos s\u00e3o saborosos e saud\u00e1veis, ideais para qualquer hora do dia!<\/em><\/strong><\/p>\n<p><em>A partir da data em que os receba \u00e9 garantido um prazo de 3 meses antes do vencimento da data de validade, ou de 1 m\u00eas no caso dos produtos l\u00b4cteos e a ra\u00e7\u00e3o ecol\u00f3gica.<\/em><\/p>\n","protected":false},"excerpt":{"rendered":"<p>Os Snack Criadores com frango para gatos s\u00e3o umas gostosas guloseimas com as que voc\u00ea poder\u00e1 recompensar o seu animal de estima\u00e7\u00e3o em qualquer momento do dia. &#8230;<\/p>\n","protected":false},"featured_media":1989,"comment_status":"open","ping_status":"closed","template":"","meta":{"_acf_changed":false},"product_brand":[],"product_cat":[111,106,103],"product_tag":[],"class_list":{"0":"post-2379","1":"product","2":"type-product","3":"status-publish","4":"has-post-thumbnail","6":"product_cat-gatos","7":"product_cat-original-gato-pt-pt","8":"product_cat-snacks-pt","10":"first","11":"instock","12":"shipping-taxable","13":"product-type-simple"},"acf":[],"_links":{"self":[{"href":"https:\/\/www.criadores.es\/pt-pt\/wp-json\/wp\/v2\/product\/2379","targetHints":{"allow":["GET"]}}],"collection":[{"href":"https:\/\/www.criadores.es\/pt-pt\/wp-json\/wp\/v2\/product"}],"about":[{"href":"https:\/\/www.criadores.es\/pt-pt\/wp-json\/wp\/v2\/types\/product"}],"replies":[{"embeddable":true,"href":"https:\/\/www.criadores.es\/pt-pt\/wp-json\/wp\/v2\/comments?post=2379"}],"wp:featuredmedia":[{"embeddable":true,"href":"https:\/\/www.criadores.es\/pt-pt\/wp-json\/wp\/v2\/media\/1989"}],"wp:attachment":[{"href":"https:\/\/www.criadores.es\/pt-pt\/wp-json\/wp\/v2\/media?parent=2379"}],"wp:term":[{"taxonomy":"product_brand","embeddable":true,"href":"https:\/\/www.criadores.es\/pt-pt\/wp-json\/wp\/v2\/product_brand?post=2379"},{"taxonomy":"product_cat","embeddable":true,"href":"https:\/\/www.criadores.es\/pt-pt\/wp-json\/wp\/v2\/product_cat?post=2379"},{"taxonomy":"product_tag","embeddable":true,"href":"https:\/\/www.criadores.es\/pt-pt\/wp-json\/wp\/v2\/product_tag?post=2379"}],"curies":[{"name":"wp","href":"https:\/\/api.w.org\/{rel}","templated":true}]}}