{"id":2380,"date":"2025-02-13T16:28:55","date_gmt":"2025-02-13T15:28:55","guid":{"rendered":"https:\/\/www.criadores.es\/producto\/criadores-snacks-weight-control-de-peru-para-gatos\/"},"modified":"2025-06-12T10:06:32","modified_gmt":"2025-06-12T08:06:32","slug":"criadores-snacks-weight-control-de-peru-para-gatos","status":"publish","type":"product","link":"https:\/\/www.criadores.es\/pt-pt\/producto\/criadores-snacks-weight-control-de-peru-para-gatos\/","title":{"rendered":"Criadores Snacks Weight Control de Peru para gatos"},"content":{"rendered":"<h2>Snacks de peru semi-h\u00famidos para gatos adultos<\/h2>\n<p>Se o seu amigo felino est\u00e1 a sofrer um aumento de peso not\u00e1vel e a sua mobilidade est\u00e1 a ser reduzida, deve oferecer um alimento adequado para contrariar este problema, os <strong>snacks para gatos Weight Control da Criadores<\/strong> v\u00e3o complementar a sua dieta de uma excelente forma. Tem uma f\u00f3rmula que inclui <strong>Psyllium<\/strong>, que \u00e9 uma fonte de fibra sol\u00favel e insol\u00favel que ir\u00e1 <strong>induzir uma sensa\u00e7\u00e3o de saciedade no seu animal de estima\u00e7\u00e3o para que ele coma menos<\/strong>, assim, vamos manter o <strong>controlo sobre o peso<\/strong> do seu fiel companheiro.<\/p>\n<p>A Criadores elaborou este snack para gatos com ingredientes de alta qualidade para oferecer snacks saud\u00e1veis e deliciosos. T\u00eam uma <strong>textura semi-h\u00famida e um delicioso sabor a carne de peru<\/strong> que o seu felino adulto vai adorar porque s\u00e3o <strong>f\u00e1ceis de mastigar e digerir<\/strong> e incluem <strong>colag\u00e9nio, que promove um bom cuidado das articula\u00e7\u00f5es<\/strong> para que o seu felino mantenha uma excelente mobilidade. Cont\u00e9m tamb\u00e9m \u00f3mega 3 e 6 para <strong>uma pele e pelo saud\u00e1veis<\/strong>, vitamina C e minerais para promover a boa sa\u00fade do seu animal.<\/p>\n<p>A carne fresca de peru <strong>tem baixo teor de gordura e elevado teor de prote\u00ednas<\/strong>, ideal para contribuir para um peso ideal e <strong>fornecer energia para manter o seu animal de estima\u00e7\u00e3o ativo<\/strong>, e inclui ervilhas amarelas e batatas para criar uma mistura fenomenal e de excelente sabor. Al\u00e9m disso, <strong>n\u00e3o cont\u00e9m gr\u00e3os<\/strong>, soja e organismos geneticamente modificados (OGM), pelo que o seu animal de estima\u00e7\u00e3o com alergias ou intoler\u00e2ncias alimentares pode comer sem se preocupar com reac\u00e7\u00f5es adversas.<\/p>\n<p><em>O seu felino manter\u00e1 um peso ideal e poder\u00e1 mover-se mais facilmente se lhe oferecer diariamente os seus snacks de peru Weight Control da Criadores!<\/em><\/p>\n","protected":false},"excerpt":{"rendered":"<p>Snack sem cereais e com baixo teor de gordura para gatos adultos. Ideal para complementar a dieta di\u00e1ria, ajudando a controlar o peso, uma vez que proporciona uma sensa\u00e7\u00e3o de saciedade e inclui colag\u00e9nio para promover o cuidado das articula\u00e7\u00f5es.<\/p>\n","protected":false},"featured_media":1953,"comment_status":"open","ping_status":"closed","template":"","meta":{"_acf_changed":false},"product_brand":[],"product_cat":[111,106,103],"product_tag":[],"class_list":{"0":"post-2380","1":"product","2":"type-product","3":"status-publish","4":"has-post-thumbnail","6":"product_cat-gatos","7":"product_cat-original-gato-pt-pt","8":"product_cat-snacks-pt","10":"first","11":"instock","12":"shipping-taxable","13":"product-type-simple"},"acf":[],"_links":{"self":[{"href":"https:\/\/www.criadores.es\/pt-pt\/wp-json\/wp\/v2\/product\/2380","targetHints":{"allow":["GET"]}}],"collection":[{"href":"https:\/\/www.criadores.es\/pt-pt\/wp-json\/wp\/v2\/product"}],"about":[{"href":"https:\/\/www.criadores.es\/pt-pt\/wp-json\/wp\/v2\/types\/product"}],"replies":[{"embeddable":true,"href":"https:\/\/www.criadores.es\/pt-pt\/wp-json\/wp\/v2\/comments?post=2380"}],"wp:featuredmedia":[{"embeddable":true,"href":"https:\/\/www.criadores.es\/pt-pt\/wp-json\/wp\/v2\/media\/1953"}],"wp:attachment":[{"href":"https:\/\/www.criadores.es\/pt-pt\/wp-json\/wp\/v2\/media?parent=2380"}],"wp:term":[{"taxonomy":"product_brand","embeddable":true,"href":"https:\/\/www.criadores.es\/pt-pt\/wp-json\/wp\/v2\/product_brand?post=2380"},{"taxonomy":"product_cat","embeddable":true,"href":"https:\/\/www.criadores.es\/pt-pt\/wp-json\/wp\/v2\/product_cat?post=2380"},{"taxonomy":"product_tag","embeddable":true,"href":"https:\/\/www.criadores.es\/pt-pt\/wp-json\/wp\/v2\/product_tag?post=2380"}],"curies":[{"name":"wp","href":"https:\/\/api.w.org\/{rel}","templated":true}]}}