{"id":2381,"date":"2025-02-11T11:17:45","date_gmt":"2025-02-11T10:17:45","guid":{"rendered":"https:\/\/www.criadores.es\/producto\/criadores-puppy-sticks-para-caes\/"},"modified":"2025-06-11T17:29:01","modified_gmt":"2025-06-11T15:29:01","slug":"criadores-puppy-sticks-para-caes","status":"publish","type":"product","link":"https:\/\/www.criadores.es\/pt-pt\/producto\/criadores-puppy-sticks-para-caes\/","title":{"rendered":"Criadores Puppy Sticks para c\u00e3es"},"content":{"rendered":"<h2>Sticks Puppy snack Criadores de frango com \u00f3mega 3<\/h2>\n<p>Os Snack Criadores Puppy para c\u00e3es s\u00e3o um <strong>alimento complementar para c\u00e3es<\/strong> elaborado especialmente para os mais jovens. \u00c9 uma recompensa ideal para os cachorros de mais de 3 meses, com as quais poder\u00e1 premi\u00e1-los sempre que se comportarem bem ou simplesmente para dar-lhes um mimo extra.<\/p>\n<p>Estas <strong>guloseimas para cachorros<\/strong> s\u00e3o saborosas e t\u00eam um delicioso sabor de carne ao qual n\u00e3o poder\u00e3o se resistir. Al\u00e9m disso, t\u00eam forma de barrita de 10 cm e a sua textura \u00e9 <strong>semi-h\u00famida <\/strong>e muito f\u00e1cil de partir. O seu cachorro vai adorar agarrar o stick e mord\u00ea-lo mas, tamb\u00e9m pode dividi-lo em peda\u00e7os para premiar mais vezes. Criadores Puppy Snack s\u00e3o enriquecidos com \u00f3mega 3, de modo que favorecem <strong>uma pele e um pelo saud\u00e1veis<\/strong>. A recompensa mais saborosa e saud\u00e1vel para o seu pequeno!<\/p>\n<p><strong><em>Os Snack Criadores Puppy cuidam da sa\u00fade do seu cachorro com uma deliciosa guloseima enriquecida com \u00f3mega 3.<\/em><\/strong><\/p>\n<p><em>A partir da data em que os receba \u00e9 garantido um prazo de 3 meses antes do vencimento da data de validade, ou de 1 m\u00eas no caso dos produtos l\u00b4cteos e a ra\u00e7\u00e3o ecol\u00f3gica.<\/em><\/p>\n","protected":false},"excerpt":{"rendered":"<p>Petiscos em formato palitos para c\u00e3es de todas as ra\u00e7as, feitos com ingredientes naturais e de f\u00e1cil digest\u00e3o, fortalecem o morder e ajudam a limpar os dentes e gengivas, estimulam a mastiga\u00e7\u00e3o.<\/p>\n","protected":false},"featured_media":1662,"comment_status":"open","ping_status":"closed","template":"","meta":{"_acf_changed":false},"product_brand":[],"product_cat":[92,98,101],"product_tag":[],"class_list":{"0":"post-2381","1":"product","2":"type-product","3":"status-publish","4":"has-post-thumbnail","6":"product_cat-cao","7":"product_cat-original-pt-pt","8":"product_cat-snacks-pt-pt","10":"first","11":"instock","12":"shipping-taxable","13":"product-type-simple"},"acf":[],"_links":{"self":[{"href":"https:\/\/www.criadores.es\/pt-pt\/wp-json\/wp\/v2\/product\/2381","targetHints":{"allow":["GET"]}}],"collection":[{"href":"https:\/\/www.criadores.es\/pt-pt\/wp-json\/wp\/v2\/product"}],"about":[{"href":"https:\/\/www.criadores.es\/pt-pt\/wp-json\/wp\/v2\/types\/product"}],"replies":[{"embeddable":true,"href":"https:\/\/www.criadores.es\/pt-pt\/wp-json\/wp\/v2\/comments?post=2381"}],"wp:featuredmedia":[{"embeddable":true,"href":"https:\/\/www.criadores.es\/pt-pt\/wp-json\/wp\/v2\/media\/1662"}],"wp:attachment":[{"href":"https:\/\/www.criadores.es\/pt-pt\/wp-json\/wp\/v2\/media?parent=2381"}],"wp:term":[{"taxonomy":"product_brand","embeddable":true,"href":"https:\/\/www.criadores.es\/pt-pt\/wp-json\/wp\/v2\/product_brand?post=2381"},{"taxonomy":"product_cat","embeddable":true,"href":"https:\/\/www.criadores.es\/pt-pt\/wp-json\/wp\/v2\/product_cat?post=2381"},{"taxonomy":"product_tag","embeddable":true,"href":"https:\/\/www.criadores.es\/pt-pt\/wp-json\/wp\/v2\/product_tag?post=2381"}],"curies":[{"name":"wp","href":"https:\/\/api.w.org\/{rel}","templated":true}]}}