{"id":2382,"date":"2025-02-11T10:09:26","date_gmt":"2025-02-11T09:09:26","guid":{"rendered":"https:\/\/www.criadores.es\/producto\/criadores-snack-senior-para-caes\/"},"modified":"2025-06-11T17:33:59","modified_gmt":"2025-06-11T15:33:59","slug":"criadores-snack-senior-para-caes","status":"publish","type":"product","link":"https:\/\/www.criadores.es\/pt-pt\/producto\/criadores-snack-senior-para-caes\/","title":{"rendered":"Criadores Snack Senior para c\u00e3es"},"content":{"rendered":"<h2>Guloseimas para c\u00e3es com mais de 7 anos Criadores<\/h2>\n<p>Os Snack Criadores S\u00e9nior para c\u00e3es maiores s\u00e3o uma op\u00e7\u00e3o ideal para premiar o seu animal de estima\u00e7\u00e3o que tem mais de 7 anos. A sua f\u00f3rmula foi concebida para cuidar da sa\u00fade, com <strong>ingredientes selecionados<\/strong> e componentes que refor\u00e7am as articula\u00e7\u00f5es para <strong>reduzir as dores e melhorar a mobilidade<\/strong>.<\/p>\n<p>Estas guloseimas n\u00e3o s\u00f3 t\u00eam um aroma e um sabor irresist\u00edveis, mas tamb\u00e9m a sua forma e textura deixam os c\u00e3es encantados: s\u00e3o <strong>sticks semi-h\u00famidas muito macias<\/strong> que permitem mastig\u00e1-las facilmente. Tamb\u00e9m poder\u00e1 parti-las com a m\u00e3o para oferecer pequenos bocados, como voc\u00ea preferir! A receita foi enriquecida com sulfato de condroitina para cuidar da <strong>sa\u00fade articular<\/strong> e com Ginkgo biloba, uma planta que ajuda a combater os transtornos circulat\u00f3rios associados ao envelhecimento.<\/p>\n<p><strong><em>Os Snack Criadores S\u00e9nior para c\u00e3es idosos lhe ajudam a paliar os efeitos do envelhecimento.<\/em><\/strong><\/p>\n<p><em>A partir da data em que os receba \u00e9 garantido um prazo de 3 meses antes do vencimento da data de validade, ou de 1 m\u00eas no caso dos produtos l\u00b4cteos e a ra\u00e7\u00e3o ecol\u00f3gica.<\/em><\/p>\n","protected":false},"excerpt":{"rendered":"<p>Snacks em forma de palitos para c\u00e3es idosos de todas as ra\u00e7as, preparados com ingredientes naturais e de f\u00e1cil digest\u00e3o, ajudam a limpar os dentes e gengivas, estimulam a mastiga\u00e7\u00e3o.<\/p>\n","protected":false},"featured_media":1652,"comment_status":"open","ping_status":"closed","template":"","meta":{"_acf_changed":false},"product_brand":[],"product_cat":[92,98,101],"product_tag":[],"class_list":{"0":"post-2382","1":"product","2":"type-product","3":"status-publish","4":"has-post-thumbnail","6":"product_cat-cao","7":"product_cat-original-pt-pt","8":"product_cat-snacks-pt-pt","10":"first","11":"instock","12":"shipping-taxable","13":"product-type-simple"},"acf":[],"_links":{"self":[{"href":"https:\/\/www.criadores.es\/pt-pt\/wp-json\/wp\/v2\/product\/2382","targetHints":{"allow":["GET"]}}],"collection":[{"href":"https:\/\/www.criadores.es\/pt-pt\/wp-json\/wp\/v2\/product"}],"about":[{"href":"https:\/\/www.criadores.es\/pt-pt\/wp-json\/wp\/v2\/types\/product"}],"replies":[{"embeddable":true,"href":"https:\/\/www.criadores.es\/pt-pt\/wp-json\/wp\/v2\/comments?post=2382"}],"wp:featuredmedia":[{"embeddable":true,"href":"https:\/\/www.criadores.es\/pt-pt\/wp-json\/wp\/v2\/media\/1652"}],"wp:attachment":[{"href":"https:\/\/www.criadores.es\/pt-pt\/wp-json\/wp\/v2\/media?parent=2382"}],"wp:term":[{"taxonomy":"product_brand","embeddable":true,"href":"https:\/\/www.criadores.es\/pt-pt\/wp-json\/wp\/v2\/product_brand?post=2382"},{"taxonomy":"product_cat","embeddable":true,"href":"https:\/\/www.criadores.es\/pt-pt\/wp-json\/wp\/v2\/product_cat?post=2382"},{"taxonomy":"product_tag","embeddable":true,"href":"https:\/\/www.criadores.es\/pt-pt\/wp-json\/wp\/v2\/product_tag?post=2382"}],"curies":[{"name":"wp","href":"https:\/\/api.w.org\/{rel}","templated":true}]}}