{"id":2383,"date":"2025-02-11T11:28:38","date_gmt":"2025-02-11T10:28:38","guid":{"rendered":"https:\/\/www.criadores.es\/producto\/criadores-snack-light-strips-para-caes-300gr\/"},"modified":"2025-06-11T17:28:20","modified_gmt":"2025-06-11T15:28:20","slug":"criadores-snack-light-strips-para-caes-300gr","status":"publish","type":"product","link":"https:\/\/www.criadores.es\/pt-pt\/producto\/criadores-snack-light-strips-para-caes-300gr\/","title":{"rendered":"Criadores snack Light strips para c\u00e3es 300gr"},"content":{"rendered":"<h2>Guloseimas Light para um peso ideal<\/h2>\n<p>Os Snack Criadores Light strips para c\u00e3es s\u00e3o <strong>saborosas guloseimas<\/strong> que lhe ajudam a manter sob controlo o peso do seu animal de estima\u00e7\u00e3o. S\u00e3o uma op\u00e7\u00e3o <strong>ideal para c\u00e3es com tend\u00eancia a engordar<\/strong> ou que tenham excesso de peso, para que n\u00e3o tenha que deixar de lhe dar essas deliciosas guloseimas de que eles tanto gostam. Al\u00e9m disso, s\u00e3o adequadas para cachorros e c\u00e3es adultos de todas as ra\u00e7as, a partir dos 4 meses de idade.<\/p>\n<p>Essas deliciosas sticks medem 10 cm e t\u00eam uma <strong>textura semi-h\u00famida mole<\/strong> que permite parti-las facilmente com a m\u00e3o. O seu c\u00e3o poder\u00e1 mastig\u00e1-las sem problema e desfrutar\u00e1 ao apanhar com as patas para com\u00ea-las. Light strips de Criadores controlam o peso do seu animal de estima\u00e7\u00e3o, de modo que agora poder\u00e1 premi\u00e1-lo sem remorsos. Al\u00e9m disso, t\u00eam <strong>28% de ave e um sabor e cheiro de carne irresist\u00edveis<\/strong>.<\/p>\n<p><strong><em>Evite o sobrepeso do seu animal de estima\u00e7\u00e3o com as saborosas sticks Snack Criadores Light strips para c\u00e3es. <\/em><\/strong><\/p>\n<p><em>A partir da data em que os receba \u00e9 garantido um prazo de 3 meses antes do vencimento da data de validade, ou de 1 m\u00eas no caso dos produtos l\u00b4cteos e a ra\u00e7\u00e3o ecol\u00f3gica.<\/em><\/p>\n","protected":false},"excerpt":{"rendered":"<p>Salgadinhos em palitos para c\u00e3es de todas as idades e ra\u00e7as, s\u00e3o baixos em gorduras e ricos em prote\u00ednas, ideais para petiscos com excesso de peso ou para manter o peso ideal, t\u00eam textura semi \u00famida.<\/p>\n","protected":false},"featured_media":1664,"comment_status":"open","ping_status":"closed","template":"","meta":{"_acf_changed":false},"product_brand":[],"product_cat":[92,98,101],"product_tag":[],"class_list":{"0":"post-2383","1":"product","2":"type-product","3":"status-publish","4":"has-post-thumbnail","6":"product_cat-cao","7":"product_cat-original-pt-pt","8":"product_cat-snacks-pt-pt","10":"first","11":"instock","12":"shipping-taxable","13":"product-type-simple"},"acf":[],"_links":{"self":[{"href":"https:\/\/www.criadores.es\/pt-pt\/wp-json\/wp\/v2\/product\/2383","targetHints":{"allow":["GET"]}}],"collection":[{"href":"https:\/\/www.criadores.es\/pt-pt\/wp-json\/wp\/v2\/product"}],"about":[{"href":"https:\/\/www.criadores.es\/pt-pt\/wp-json\/wp\/v2\/types\/product"}],"replies":[{"embeddable":true,"href":"https:\/\/www.criadores.es\/pt-pt\/wp-json\/wp\/v2\/comments?post=2383"}],"wp:featuredmedia":[{"embeddable":true,"href":"https:\/\/www.criadores.es\/pt-pt\/wp-json\/wp\/v2\/media\/1664"}],"wp:attachment":[{"href":"https:\/\/www.criadores.es\/pt-pt\/wp-json\/wp\/v2\/media?parent=2383"}],"wp:term":[{"taxonomy":"product_brand","embeddable":true,"href":"https:\/\/www.criadores.es\/pt-pt\/wp-json\/wp\/v2\/product_brand?post=2383"},{"taxonomy":"product_cat","embeddable":true,"href":"https:\/\/www.criadores.es\/pt-pt\/wp-json\/wp\/v2\/product_cat?post=2383"},{"taxonomy":"product_tag","embeddable":true,"href":"https:\/\/www.criadores.es\/pt-pt\/wp-json\/wp\/v2\/product_tag?post=2383"}],"curies":[{"name":"wp","href":"https:\/\/api.w.org\/{rel}","templated":true}]}}