{"id":2384,"date":"2025-02-13T10:07:21","date_gmt":"2025-02-13T09:07:21","guid":{"rendered":"https:\/\/www.criadores.es\/producto\/criadores-snacks-calming-de-frango-para-gatos\/"},"modified":"2025-06-11T15:55:08","modified_gmt":"2025-06-11T13:55:08","slug":"criadores-snacks-calming-de-frango-para-gatos","status":"publish","type":"product","link":"https:\/\/www.criadores.es\/pt-pt\/producto\/criadores-snacks-calming-de-frango-para-gatos\/","title":{"rendered":"Criadores Snacks Calming de Frango para gatos"},"content":{"rendered":"<h2>Snacks de frango com catnip para gatos adultos<\/h2>\n<p>Se o seu amigo felino tem tend\u00eancia a ficar stressado em situa\u00e7\u00f5es desconfort\u00e1veis e, consequentemente, a comportar-se mal, deve ter \u00e0 m\u00e3o os <strong>snacks Calming da Criadores<\/strong>. Trata-se de um fant\u00e1stico <strong>snack que inclui erva-dos-gatos na sua receita<\/strong>, o que proporcionar\u00e1 ao seu animal de estima\u00e7\u00e3o adulto um <strong>efeito calmante \u00fanico para o manter relaxado<\/strong> em qualquer altura do dia.<\/p>\n<p>T\u00eam uma <strong>textura semi-h\u00famida e um delicioso sabor a frango<\/strong> que pode oferecer entre as refei\u00e7\u00f5es para complementar a sua dieta di\u00e1ria, pois o seu felino adulto vai ador\u00e1-los porque s\u00e3o <strong>f\u00e1ceis de mastigar e digerir<\/strong>. Al\u00e9m disso, s\u00e3o <strong>isentos de cereais<\/strong>, soja e organismos geneticamente modificados (OGM), ideais para que o seu animal de estima\u00e7\u00e3o que sofre de alergias ou intoler\u00e2ncias alimentares possa comer com tranquilidade.<\/p>\n<p>Este snack para gatos da Criadores \u00e9 feito com ingredientes de alta qualidade para proporcionar um snack saud\u00e1vel, nutritivo e delicioso. A carne fresca de frango tem <strong>baixo teor de gordura e \u00e9 rica em prote\u00ednas<\/strong>, ideal para contribuir para um peso ideal e <strong>fornecer energia para manter o seu gato ativo<\/strong>. Incluem \u00f3mega 3 e 6 para uma <strong>pele e pelo saud\u00e1veis<\/strong>, vitamina C e minerais para <strong>promover a boa sa\u00fade<\/strong> do seu animal de estima\u00e7\u00e3o.<\/p>\n<p>&nbsp;<\/p>\n<p><em>Os snacks Calming de frango da Criadores vai ajud\u00e1-lo a manter o seu gato adulto calmo em situa\u00e7\u00f5es de stress, enquanto o delicia!<\/em><\/p>\n","protected":false},"excerpt":{"rendered":"<p>Snack sem cereais com um efeito calmante para gatos adultos. Inclui erva-dos-gatos para ajudar a acalmar o seu animal de estima\u00e7\u00e3o de uma forma natural, cuida da sa\u00fade da pele e do pelo e tem uma textura semi-h\u00famida que \u00e9 f\u00e1cil de digerir e mastigar.<\/p>\n","protected":false},"featured_media":1826,"comment_status":"open","ping_status":"closed","template":"","meta":{"_acf_changed":false},"product_brand":[],"product_cat":[111,106,103],"product_tag":[],"class_list":{"0":"post-2384","1":"product","2":"type-product","3":"status-publish","4":"has-post-thumbnail","6":"product_cat-gatos","7":"product_cat-original-gato-pt-pt","8":"product_cat-snacks-pt","10":"first","11":"instock","12":"shipping-taxable","13":"product-type-simple"},"acf":[],"_links":{"self":[{"href":"https:\/\/www.criadores.es\/pt-pt\/wp-json\/wp\/v2\/product\/2384","targetHints":{"allow":["GET"]}}],"collection":[{"href":"https:\/\/www.criadores.es\/pt-pt\/wp-json\/wp\/v2\/product"}],"about":[{"href":"https:\/\/www.criadores.es\/pt-pt\/wp-json\/wp\/v2\/types\/product"}],"replies":[{"embeddable":true,"href":"https:\/\/www.criadores.es\/pt-pt\/wp-json\/wp\/v2\/comments?post=2384"}],"wp:featuredmedia":[{"embeddable":true,"href":"https:\/\/www.criadores.es\/pt-pt\/wp-json\/wp\/v2\/media\/1826"}],"wp:attachment":[{"href":"https:\/\/www.criadores.es\/pt-pt\/wp-json\/wp\/v2\/media?parent=2384"}],"wp:term":[{"taxonomy":"product_brand","embeddable":true,"href":"https:\/\/www.criadores.es\/pt-pt\/wp-json\/wp\/v2\/product_brand?post=2384"},{"taxonomy":"product_cat","embeddable":true,"href":"https:\/\/www.criadores.es\/pt-pt\/wp-json\/wp\/v2\/product_cat?post=2384"},{"taxonomy":"product_tag","embeddable":true,"href":"https:\/\/www.criadores.es\/pt-pt\/wp-json\/wp\/v2\/product_tag?post=2384"}],"curies":[{"name":"wp","href":"https:\/\/api.w.org\/{rel}","templated":true}]}}