{"id":2386,"date":"2025-02-14T09:00:23","date_gmt":"2025-02-14T08:00:23","guid":{"rendered":"https:\/\/www.criadores.es\/producto\/criadores-osso-prensado-couro-de-vaca-e-frango-para-caes\/"},"modified":"2025-06-11T18:03:21","modified_gmt":"2025-06-11T16:03:21","slug":"criadores-osso-prensado-couro-de-vaca-e-frango-para-caes","status":"publish","type":"product","link":"https:\/\/www.criadores.es\/pt-pt\/producto\/criadores-osso-prensado-couro-de-vaca-e-frango-para-caes\/","title":{"rendered":"Criadores Osso Prensado Couro de Vaca e Frango para c\u00e3es"},"content":{"rendered":"<h2>Snack natural para c\u00e3es Criadores com carne de frango<\/h2>\n<p>O osso prensado com carne de frango para c\u00e3es Criadores \u00e9 um <strong>snack natural e muito saboroso<\/strong> com que qual o seu animal de estima\u00e7\u00e3o divertir-se-\u00e1 ao mesmo tempo em que <strong>limpa os dentes<\/strong>. Al\u00e9m da pele de vaca, est\u00e1 rodeado com <strong>irresist\u00edvel frango<\/strong> para intensificar o seu sabor e ser muito mais atrativo para os c\u00e3es.<\/p>\n<p>Este saboroso e saud\u00e1vel <strong>osso para c\u00e3es <\/strong>est\u00e1 feito com ingredientes naturais e de grande qualidade. Proporciona um <strong>alto n\u00edvel de prote\u00ednas e nutrientes <\/strong>muito valiosos que prov\u00eam do salm\u00e3o, para fortalecer a sa\u00fade do seu animal de estima\u00e7\u00e3o. O seu formato grosso e a sua dureza aumentam o tempo de mastiga\u00e7\u00e3o e, por tanto, de satisfa\u00e7\u00e3o. Enquanto mordem e roem os osso prensado impulsar\u00e3o a limpeza dental e refor\u00e7ar\u00e3o as gengivas e a mand\u00edbula, para assim manter uma <strong>boca saud\u00e1vel e livre de t\u00e1rtaro<\/strong>.<\/p>\n<p>Recorde supervisionar sempre o estado do osso e procure estar presente sempre que o seu c\u00e3o estiver com ele. Pode escolher diferentes formatos como o osso prensado tradicional, o osso prensado em forma de peixe ou o osso prensado em rolo. Al\u00e9m disso, o osso prensado est\u00e1 dispon\u00edvel em dois tamanhos para que possa escolher o melhor para o seu c\u00e3o.<\/p>\n<p><strong><em>O osso prensado com carne de frango para c\u00e3es Criadores \u00e9 uma recompensa ideal que proporciona horas de entretenimento.<\/em><\/strong><\/p>\n<p><em>A partir da data em que os receba \u00e9 garantido um prazo de 3 meses antes do vencimento da data de validade, ou de 1 m\u00eas no caso dos produtos l\u00b4cteos e a ra\u00e7\u00e3o ecol\u00f3gica.<\/em><\/p>\n","protected":false},"excerpt":{"rendered":"<p>Ossos de couro bovino e frango prensados para c\u00e3es, s\u00e3o ricos em prote\u00ednas e baixos em gordura, estimulam a mastica\u00e7\u00e3o e limpam os dentes e gengivas para prevenir a forma\u00e7\u00e3o de t\u00e1rtaro.<\/p>\n","protected":false},"featured_media":1999,"comment_status":"open","ping_status":"closed","template":"","meta":{"_acf_changed":false},"product_brand":[],"product_cat":[92,98,101],"product_tag":[],"class_list":{"0":"post-2386","1":"product","2":"type-product","3":"status-publish","4":"has-post-thumbnail","6":"product_cat-cao","7":"product_cat-original-pt-pt","8":"product_cat-snacks-pt-pt","10":"first","11":"instock","12":"shipping-taxable","13":"product-type-simple"},"acf":[],"_links":{"self":[{"href":"https:\/\/www.criadores.es\/pt-pt\/wp-json\/wp\/v2\/product\/2386","targetHints":{"allow":["GET"]}}],"collection":[{"href":"https:\/\/www.criadores.es\/pt-pt\/wp-json\/wp\/v2\/product"}],"about":[{"href":"https:\/\/www.criadores.es\/pt-pt\/wp-json\/wp\/v2\/types\/product"}],"replies":[{"embeddable":true,"href":"https:\/\/www.criadores.es\/pt-pt\/wp-json\/wp\/v2\/comments?post=2386"}],"wp:featuredmedia":[{"embeddable":true,"href":"https:\/\/www.criadores.es\/pt-pt\/wp-json\/wp\/v2\/media\/1999"}],"wp:attachment":[{"href":"https:\/\/www.criadores.es\/pt-pt\/wp-json\/wp\/v2\/media?parent=2386"}],"wp:term":[{"taxonomy":"product_brand","embeddable":true,"href":"https:\/\/www.criadores.es\/pt-pt\/wp-json\/wp\/v2\/product_brand?post=2386"},{"taxonomy":"product_cat","embeddable":true,"href":"https:\/\/www.criadores.es\/pt-pt\/wp-json\/wp\/v2\/product_cat?post=2386"},{"taxonomy":"product_tag","embeddable":true,"href":"https:\/\/www.criadores.es\/pt-pt\/wp-json\/wp\/v2\/product_tag?post=2386"}],"curies":[{"name":"wp","href":"https:\/\/api.w.org\/{rel}","templated":true}]}}