{"id":2387,"date":"2025-02-12T17:29:41","date_gmt":"2025-02-12T16:29:41","guid":{"rendered":"https:\/\/www.criadores.es\/producto\/criadores-osso-de-nervo-de-touro-prensado-para-caes\/"},"modified":"2025-06-12T13:00:24","modified_gmt":"2025-06-12T11:00:24","slug":"criadores-osso-de-nervo-de-touro-prensado-para-caes","status":"publish","type":"product","link":"https:\/\/www.criadores.es\/pt-pt\/producto\/criadores-osso-de-nervo-de-touro-prensado-para-caes\/","title":{"rendered":"Criadores Osso de nervo de touro prensado para c\u00e3es"},"content":{"rendered":"<h2>Osso para c\u00e3es da Criadores<\/h2>\n<p>O <strong>osso natural com nervo de touro para c\u00e3es da Criadores<\/strong> \u00e9 um petisco ideal para oferecer ao seu animal, \u00e9 extremamente saud\u00e1vel e <strong>satisfaz o desejo do seu animal de morder<\/strong>, isto impedir\u00e1 o seu animal de roer os seus sapatos ou qualquer outra coisa que n\u00e3o sejam os seus brinquedos ou snacks.<\/p>\n<p>Este snack cont\u00e9m <strong>90% de prote\u00ednas<\/strong> e \u00e9 feito com couro prensado e nervo de touro, promove a sa\u00fade oral do seu animal de estima\u00e7\u00e3o uma vez que morder o osso <strong>fortalecer\u00e1 os m\u00fasculos da mand\u00edbula e os dentes<\/strong>, <strong>eliminar\u00e1 tamb\u00e9m o t\u00e1rtaro<\/strong> e, consequentemente, a placa bacteriana.<\/p>\n","protected":false},"excerpt":{"rendered":"<p>Snack de osso totalmente natural para c\u00e3es. Ideal para estimular a mastiga\u00e7\u00e3o, fortalecer os m\u00fasculos dos maxilares, os dentes e ajudar a remover a placa bacteriana e o t\u00e1rtaro para manter uma boa higiene oral.<\/p>\n","protected":false},"featured_media":1786,"comment_status":"open","ping_status":"closed","template":"","meta":{"_acf_changed":false},"product_brand":[],"product_cat":[92,98,101],"product_tag":[],"class_list":{"0":"post-2387","1":"product","2":"type-product","3":"status-publish","4":"has-post-thumbnail","6":"product_cat-cao","7":"product_cat-original-pt-pt","8":"product_cat-snacks-pt-pt","10":"first","11":"instock","12":"shipping-taxable","13":"product-type-simple"},"acf":[],"_links":{"self":[{"href":"https:\/\/www.criadores.es\/pt-pt\/wp-json\/wp\/v2\/product\/2387","targetHints":{"allow":["GET"]}}],"collection":[{"href":"https:\/\/www.criadores.es\/pt-pt\/wp-json\/wp\/v2\/product"}],"about":[{"href":"https:\/\/www.criadores.es\/pt-pt\/wp-json\/wp\/v2\/types\/product"}],"replies":[{"embeddable":true,"href":"https:\/\/www.criadores.es\/pt-pt\/wp-json\/wp\/v2\/comments?post=2387"}],"wp:featuredmedia":[{"embeddable":true,"href":"https:\/\/www.criadores.es\/pt-pt\/wp-json\/wp\/v2\/media\/1786"}],"wp:attachment":[{"href":"https:\/\/www.criadores.es\/pt-pt\/wp-json\/wp\/v2\/media?parent=2387"}],"wp:term":[{"taxonomy":"product_brand","embeddable":true,"href":"https:\/\/www.criadores.es\/pt-pt\/wp-json\/wp\/v2\/product_brand?post=2387"},{"taxonomy":"product_cat","embeddable":true,"href":"https:\/\/www.criadores.es\/pt-pt\/wp-json\/wp\/v2\/product_cat?post=2387"},{"taxonomy":"product_tag","embeddable":true,"href":"https:\/\/www.criadores.es\/pt-pt\/wp-json\/wp\/v2\/product_tag?post=2387"}],"curies":[{"name":"wp","href":"https:\/\/api.w.org\/{rel}","templated":true}]}}