{"id":2388,"date":"2025-02-13T09:42:49","date_gmt":"2025-02-13T08:42:49","guid":{"rendered":"https:\/\/www.criadores.es\/producto\/criadores-leite-materno-para-caes-e-gatos\/"},"modified":"2025-12-22T16:33:15","modified_gmt":"2025-12-22T15:33:15","slug":"criadores-leite-materno-para-caes-e-gatos","status":"publish","type":"product","link":"https:\/\/www.criadores.es\/pt-pt\/producto\/criadores-leite-materno-para-caes-e-gatos\/","title":{"rendered":"Criadores leite materno para gatos"},"content":{"rendered":"<h2>Leite em p\u00f3 para gatinhos e cachorros Criadores<\/h2>\n<p>O leite para lactentes Criadores para c\u00e3es e gatos \u00e9 um suplemento equilibrado que oferece uma <strong>\u00f3tima nutri\u00e7\u00e3o para animais lactentes <\/strong>desde o seu primeiro dia de vida. A sua f\u00f3rmula especial proporciona todas as prote\u00ednas, gorduras, vitaminas e minerais que precisam os animais mais novos para crescer saud\u00e1veis e desenvolver-se de forma correta. O leite para lactentes Criadores \u00e9 um <strong>alimento completo para cachorros e gatinhos <\/strong>com menos de um m\u00eas de vida.<\/p>\n<p>Apesar de o leite materno ser sempre a primeira op\u00e7\u00e3o de alimenta\u00e7\u00e3o para cachorros e gatinhos, isto nem sempre \u00e9 poss\u00edvel. Quando encontramos um rec\u00e9m-nascido \u00f3rf\u00e3o ou debilitado devemos aliment\u00e1-lo com um leite que cubra as suas necessidades, e nunca com leite de vaca. O leite para lactentes Criadores \u00e9 ideal desde o primeiro dia, <strong>\u00e9 f\u00e1cil de digerir e permite um crescimento e desenvolvimento equilibrados<\/strong>. Al\u00e9m disso, \u00e9 muito f\u00e1cil de preparar, apenas ter\u00e1 de misturar o p\u00f3 fino com a \u00e1gua.<\/p>\n<p>Criadores lhe oferece o <strong>leite em p\u00f3 para gatinhos e cachorros <\/strong>elaborado com ingredientes selecionados que favorecem a absor\u00e7\u00e3o dos nutrientes. Al\u00e9m de alimentar os mais novos, tamb\u00e9m \u00e9 um complemento nutricional revitalizante ideal para c\u00e3es ou gatos idosos que precisem um <strong>aporte extra de vitaminas<\/strong>, e como apoio para as f\u00eameas gestantes. Nos casos nos quais a m\u00e3e tem muitas crias, a qualidade do leite \u00e9 ruim ou n\u00e3o produz suficiente para todos, tamb\u00e9m \u00e9 uma excelente op\u00e7\u00e3o.<\/p>\n<p>O leite para lactentes Criadores para c\u00e3es e gatos inclui um biber\u00e3o com duas <strong>tetinas e um recipiente dosificador<\/strong>, tudo o que precisa para a sua prepara\u00e7\u00e3o!<\/p>\n<p><strong><em>O leite para lactentes Criadores para c\u00e3es e gatos proporciona todos os nutrientes necess\u00e1rios para que cres\u00e7am saud\u00e1veis e fortes.<\/em><\/strong><\/p>\n<p><em>A partir da data em que os receba \u00e9 garantido um prazo de 3 meses antes do vencimento da data de validade, ou de 1 m\u00eas no caso dos produtos l\u00b4cteos e a ra\u00e7\u00e3o ecol\u00f3gica.<\/em><\/p>\n","protected":false},"excerpt":{"rendered":"<p>Formato:&#8230;<\/p>\n","protected":false},"featured_media":1820,"comment_status":"open","ping_status":"closed","template":"","meta":{"_acf_changed":false},"product_brand":[],"product_cat":[110,111,106],"product_tag":[],"class_list":{"0":"post-2388","1":"product","2":"type-product","3":"status-publish","4":"has-post-thumbnail","6":"product_cat-comida-humida-pt","7":"product_cat-gatos","8":"product_cat-original-gato-pt-pt","10":"first","11":"instock","12":"shipping-taxable","13":"product-type-simple"},"acf":[],"_links":{"self":[{"href":"https:\/\/www.criadores.es\/pt-pt\/wp-json\/wp\/v2\/product\/2388","targetHints":{"allow":["GET"]}}],"collection":[{"href":"https:\/\/www.criadores.es\/pt-pt\/wp-json\/wp\/v2\/product"}],"about":[{"href":"https:\/\/www.criadores.es\/pt-pt\/wp-json\/wp\/v2\/types\/product"}],"replies":[{"embeddable":true,"href":"https:\/\/www.criadores.es\/pt-pt\/wp-json\/wp\/v2\/comments?post=2388"}],"wp:featuredmedia":[{"embeddable":true,"href":"https:\/\/www.criadores.es\/pt-pt\/wp-json\/wp\/v2\/media\/1820"}],"wp:attachment":[{"href":"https:\/\/www.criadores.es\/pt-pt\/wp-json\/wp\/v2\/media?parent=2388"}],"wp:term":[{"taxonomy":"product_brand","embeddable":true,"href":"https:\/\/www.criadores.es\/pt-pt\/wp-json\/wp\/v2\/product_brand?post=2388"},{"taxonomy":"product_cat","embeddable":true,"href":"https:\/\/www.criadores.es\/pt-pt\/wp-json\/wp\/v2\/product_cat?post=2388"},{"taxonomy":"product_tag","embeddable":true,"href":"https:\/\/www.criadores.es\/pt-pt\/wp-json\/wp\/v2\/product_tag?post=2388"}],"curies":[{"name":"wp","href":"https:\/\/api.w.org\/{rel}","templated":true}]}}