{"id":2389,"date":"2025-02-11T17:08:52","date_gmt":"2025-02-11T16:08:52","guid":{"rendered":"https:\/\/www.criadores.es\/producto\/fora-do-sortido\/"},"modified":"2025-06-12T13:31:34","modified_gmt":"2025-06-12T11:31:34","slug":"fora-do-sortido","status":"publish","type":"product","link":"https:\/\/www.criadores.es\/pt-pt\/producto\/fora-do-sortido\/","title":{"rendered":"FORA DO SORTIDO"},"content":{"rendered":"<h2>Comida h\u00famida para gatos Criadores com frutas e verduras<\/h2>\n<p>Criadores Peda\u00e7os em molho com carne de vaca, frutos do bosque e legumes \u00e9 um alimento complement\u00e1rio para gatos adultos que enriquece a sua dieta di\u00e1ria. As terrinas caracterizam-se por conterem deliciosos peda\u00e7os de carne com uma <strong>textura suculenta e irresist\u00edvel para o animal<\/strong>.<\/p>\n<p>A comida h\u00famida Criadores \u00e9 elaborada com <strong>ingredientes selecionados <\/strong>para garantir uma alimenta\u00e7\u00e3o \u00f3tima e de qualidade. Com isto, al\u00e9m de conseguir um alimento muito saboroso, se favorece uma f\u00e1cil digest\u00e3o e evitam-se os problemas gastrointestinais. A receita est\u00e1 formulada por veterin\u00e1rios especialistas na nutri\u00e7\u00e3o animal para garantir uma <strong>f\u00f3rmula adaptada \u00e0s necessidades dos gatos<\/strong>. Recorde que estes peda\u00e7os em molho s\u00e3o um alimento complement\u00e1rio e n\u00e3o completo, por tanto deve acompanh\u00e1-los de uma ra\u00e7\u00e3o para gatos de qualidade para proporcionar uma dieta equilibrada.<\/p>\n<p>Os Peda\u00e7os em molho de Criadores cont\u00eam deliciosa <strong>carne de frango, porco e vaca<\/strong>, acompanhada de <strong>cenouras, ervilhas, framboesas e mirtilos<\/strong>, delicioso! N\u00e3o ter\u00e1 de se preocupar por partir o alimento nem separar em peda\u00e7os j\u00e1 que est\u00e3o perfeitamente preparados para servir da terrina para o prato. Al\u00e9m disso, gra\u00e7as aos 81% de humidade tamb\u00e9m melhorar\u00e3o a hidrata\u00e7\u00e3o do seu gato. Uma combina\u00e7\u00e3o de texturas e sabores que o seu gato adorar\u00e1.<\/p>\n<p><strong>Prove todas as receitas de Criadores Peda\u00e7os em molho<\/strong>, elaboradas com carne de vaca, peru, cordeiro, salm\u00e3o ou atum e enriquecidas com verduras e frutas como as framboesas, a papaia, a ma\u00e7\u00e3, o damasco e o anan\u00e1s.<\/p>\n<p><strong><em>Prove as diferentes variedades de Criadores Peda\u00e7os em molho e deixe que o seu gato desfrute de sabores incr\u00edveis.<\/em><\/strong><\/p>\n<p><em>A partir da data em que os receba \u00e9 garantido um prazo de 3 meses antes do vencimento da data de validade, ou de 1 m\u00eas no caso dos produtos l\u00b4cteos e a ra\u00e7\u00e3o ecol\u00f3gica.<\/em><\/p>\n","protected":false},"excerpt":{"rendered":"<p>Criadores Peda\u00e7os em molho com carne de vaca, frutos do bosque e legumes \u00e9 um alimento complement\u00e1rio para gatos adultos que enriquece a sua dieta di\u00e1ria. As terrinas &#8230;<\/p>\n","protected":false},"featured_media":1702,"comment_status":"open","ping_status":"closed","template":"","meta":{"_acf_changed":false},"product_brand":[],"product_cat":[110,111,106],"product_tag":[],"class_list":{"0":"post-2389","1":"product","2":"type-product","3":"status-publish","4":"has-post-thumbnail","6":"product_cat-comida-humida-pt","7":"product_cat-gatos","8":"product_cat-original-gato-pt-pt","10":"first","11":"instock","12":"shipping-taxable","13":"product-type-simple"},"acf":[],"_links":{"self":[{"href":"https:\/\/www.criadores.es\/pt-pt\/wp-json\/wp\/v2\/product\/2389","targetHints":{"allow":["GET"]}}],"collection":[{"href":"https:\/\/www.criadores.es\/pt-pt\/wp-json\/wp\/v2\/product"}],"about":[{"href":"https:\/\/www.criadores.es\/pt-pt\/wp-json\/wp\/v2\/types\/product"}],"replies":[{"embeddable":true,"href":"https:\/\/www.criadores.es\/pt-pt\/wp-json\/wp\/v2\/comments?post=2389"}],"wp:featuredmedia":[{"embeddable":true,"href":"https:\/\/www.criadores.es\/pt-pt\/wp-json\/wp\/v2\/media\/1702"}],"wp:attachment":[{"href":"https:\/\/www.criadores.es\/pt-pt\/wp-json\/wp\/v2\/media?parent=2389"}],"wp:term":[{"taxonomy":"product_brand","embeddable":true,"href":"https:\/\/www.criadores.es\/pt-pt\/wp-json\/wp\/v2\/product_brand?post=2389"},{"taxonomy":"product_cat","embeddable":true,"href":"https:\/\/www.criadores.es\/pt-pt\/wp-json\/wp\/v2\/product_cat?post=2389"},{"taxonomy":"product_tag","embeddable":true,"href":"https:\/\/www.criadores.es\/pt-pt\/wp-json\/wp\/v2\/product_tag?post=2389"}],"curies":[{"name":"wp","href":"https:\/\/api.w.org\/{rel}","templated":true}]}}