{"id":2390,"date":"2025-02-13T11:22:44","date_gmt":"2025-02-13T10:22:44","guid":{"rendered":"https:\/\/www.criadores.es\/producto\/criadores-atum-em-lata-para-gatos\/"},"modified":"2025-06-12T12:28:40","modified_gmt":"2025-06-12T10:28:40","slug":"criadores-atum-em-lata-para-gatos","status":"publish","type":"product","link":"https:\/\/www.criadores.es\/pt-pt\/producto\/criadores-atum-em-lata-para-gatos\/","title":{"rendered":"Criadores Atum em lata para gatos"},"content":{"rendered":"<h2>Criadores Atum em Lata para gatos<\/h2>\n<p>O delicioso alimento h\u00famido com atum para gatos adultos de todas as ra\u00e7as \u00e9 a escolha perfeita para proporcionar ao seu felino uma refei\u00e7\u00e3o nutritiva e saborosa. Formulado com ingredientes de alta qualidade, este alimento h\u00famido fornece todos os nutrientes essenciais de que o seu gato necessita para uma vida saud\u00e1vel e ativa. Com o seu irresist\u00edvel sabor a atum, far\u00e1 as del\u00edcias at\u00e9 dos gatos mais exigentes.<\/p>\n<p><em>Mime o seu gato com o delicioso alimento h\u00famido de atum Criadores!<\/em><\/p>\n","protected":false},"excerpt":{"rendered":"<p>Delicioso alimento h\u00famido com atum para gatos adultos de todas as ra\u00e7as.<\/p>\n","protected":false},"featured_media":1856,"comment_status":"open","ping_status":"closed","template":"","meta":{"_acf_changed":false},"product_brand":[],"product_cat":[110,111,106],"product_tag":[],"class_list":{"0":"post-2390","1":"product","2":"type-product","3":"status-publish","4":"has-post-thumbnail","6":"product_cat-comida-humida-pt","7":"product_cat-gatos","8":"product_cat-original-gato-pt-pt","10":"first","11":"instock","12":"shipping-taxable","13":"product-type-simple"},"acf":[],"_links":{"self":[{"href":"https:\/\/www.criadores.es\/pt-pt\/wp-json\/wp\/v2\/product\/2390","targetHints":{"allow":["GET"]}}],"collection":[{"href":"https:\/\/www.criadores.es\/pt-pt\/wp-json\/wp\/v2\/product"}],"about":[{"href":"https:\/\/www.criadores.es\/pt-pt\/wp-json\/wp\/v2\/types\/product"}],"replies":[{"embeddable":true,"href":"https:\/\/www.criadores.es\/pt-pt\/wp-json\/wp\/v2\/comments?post=2390"}],"wp:featuredmedia":[{"embeddable":true,"href":"https:\/\/www.criadores.es\/pt-pt\/wp-json\/wp\/v2\/media\/1856"}],"wp:attachment":[{"href":"https:\/\/www.criadores.es\/pt-pt\/wp-json\/wp\/v2\/media?parent=2390"}],"wp:term":[{"taxonomy":"product_brand","embeddable":true,"href":"https:\/\/www.criadores.es\/pt-pt\/wp-json\/wp\/v2\/product_brand?post=2390"},{"taxonomy":"product_cat","embeddable":true,"href":"https:\/\/www.criadores.es\/pt-pt\/wp-json\/wp\/v2\/product_cat?post=2390"},{"taxonomy":"product_tag","embeddable":true,"href":"https:\/\/www.criadores.es\/pt-pt\/wp-json\/wp\/v2\/product_tag?post=2390"}],"curies":[{"name":"wp","href":"https:\/\/api.w.org\/{rel}","templated":true}]}}