{"id":2391,"date":"2025-02-11T12:08:32","date_gmt":"2025-02-11T11:08:32","guid":{"rendered":"https:\/\/www.criadores.es\/producto\/criadores-snack-pele-de-vaca-para-caes\/"},"modified":"2025-06-11T17:21:56","modified_gmt":"2025-06-11T15:21:56","slug":"criadores-snack-pele-de-vaca-para-caes","status":"publish","type":"product","link":"https:\/\/www.criadores.es\/pt-pt\/producto\/criadores-snack-pele-de-vaca-para-caes\/","title":{"rendered":"Criadores snack pele de vaca para c\u00e3es"},"content":{"rendered":"<h2>Peda\u00e7os de pele de vaca Criadores<\/h2>\n<p>O Snack Criadores pele de vaca \u00e9 um alimento complement\u00e1rio para c\u00e3es que oferece um <strong>grande entretenimento<\/strong>. Tr\u00eas em um: \u00e9 nutritivo, divertido e limpa os dentes. O seu sabor \u00e9 irresist\u00edvel para os c\u00e3es e todos adoram a sua <strong>textura crocante<\/strong>. \u00a0A melhor forma de reduzir o t\u00e9dio em casa enquanto se divertem a mastigar.<\/p>\n<p>A pele de vaca \u00e9 ideal como recompensa e proporciona um alto n\u00edvel de prote\u00ednas. A <strong>consist\u00eancia mastig\u00e1vel <\/strong>\u00e9 ideal e mant\u00e9m os c\u00e3es entretidos durante um longo momento. Por outro lado, oferecer este tipo de snacks de forma regular ajuda a manter os <strong>dentes saud\u00e1veis e fortes<\/strong>, j\u00e1 que ajuda a limpar o t\u00e1rtaro e a placa.<\/p>\n<p>Criadores oferece uma <strong>grande variedade de <strong>snacks de pele <\/strong><\/strong><strong>para que possa surpreender o seu animal de estima\u00e7\u00e3o cada dia com algo diferente.<\/strong> Desde as tradicionais pe\u00e7as de pele de vaca, at\u00e9 patas de frango, focinhos de porco e orelhas de vaca ou de coelho. Se tiver um c\u00e3o de ra\u00e7a grande, pode escolher a pele de vaca de 45-60 cm, ele vai adorar!<\/p>\n<p><strong><em>Cuide dos dentes do seu c\u00e3o com o snacks Criadores pele de vaca.<\/em><\/strong><\/p>\n<p><em>A partir da data em que os receba \u00e9 garantido um prazo de 3 meses antes do vencimento da data de validade, ou de 1 m\u00eas no caso dos produtos l\u00b4cteos e a ra\u00e7\u00e3o ecol\u00f3gica.<\/em><\/p>\n","protected":false},"excerpt":{"rendered":"<p>Barras para c\u00e3es de todas as idades, feitas com couro de gado, s\u00e3o ricas em prote\u00ednas e com baixo teor de gorduras, muito f\u00e1ceis de digerir, sem gl\u00faten e corantes artificiais, entretem a mascote e limpam os dentes e gengivas.<\/p>\n","protected":false},"featured_media":1668,"comment_status":"open","ping_status":"closed","template":"","meta":{"_acf_changed":false},"product_brand":[],"product_cat":[92,98,101],"product_tag":[],"class_list":{"0":"post-2391","1":"product","2":"type-product","3":"status-publish","4":"has-post-thumbnail","6":"product_cat-cao","7":"product_cat-original-pt-pt","8":"product_cat-snacks-pt-pt","10":"first","11":"instock","12":"shipping-taxable","13":"product-type-simple"},"acf":[],"_links":{"self":[{"href":"https:\/\/www.criadores.es\/pt-pt\/wp-json\/wp\/v2\/product\/2391","targetHints":{"allow":["GET"]}}],"collection":[{"href":"https:\/\/www.criadores.es\/pt-pt\/wp-json\/wp\/v2\/product"}],"about":[{"href":"https:\/\/www.criadores.es\/pt-pt\/wp-json\/wp\/v2\/types\/product"}],"replies":[{"embeddable":true,"href":"https:\/\/www.criadores.es\/pt-pt\/wp-json\/wp\/v2\/comments?post=2391"}],"wp:featuredmedia":[{"embeddable":true,"href":"https:\/\/www.criadores.es\/pt-pt\/wp-json\/wp\/v2\/media\/1668"}],"wp:attachment":[{"href":"https:\/\/www.criadores.es\/pt-pt\/wp-json\/wp\/v2\/media?parent=2391"}],"wp:term":[{"taxonomy":"product_brand","embeddable":true,"href":"https:\/\/www.criadores.es\/pt-pt\/wp-json\/wp\/v2\/product_brand?post=2391"},{"taxonomy":"product_cat","embeddable":true,"href":"https:\/\/www.criadores.es\/pt-pt\/wp-json\/wp\/v2\/product_cat?post=2391"},{"taxonomy":"product_tag","embeddable":true,"href":"https:\/\/www.criadores.es\/pt-pt\/wp-json\/wp\/v2\/product_tag?post=2391"}],"curies":[{"name":"wp","href":"https:\/\/api.w.org\/{rel}","templated":true}]}}