{"id":2392,"date":"2025-02-10T12:00:25","date_gmt":"2025-02-10T11:00:25","guid":{"rendered":"https:\/\/www.criadores.es\/producto\/criadores-snack-patas-de-frango-branqueadas\/"},"modified":"2025-03-03T13:35:58","modified_gmt":"2025-03-03T12:35:58","slug":"criadores-snack-patas-de-frango-branqueadas","status":"publish","type":"product","link":"https:\/\/www.criadores.es\/pt-pt\/producto\/criadores-snack-patas-de-frango-branqueadas\/","title":{"rendered":"Criadores snack patas de frango branqueadas"},"content":{"rendered":"<h2>Patas de frango para c\u00e3es Criadores<\/h2>\n<p>O snack Criadores patas de frango \u00e9 um alimento complement\u00e1rio ideal para oferecer como recompensa ou simplesmente como um mimo extra. \u00c9 uma <strong>guloseima saud\u00e1vel <\/strong>que cuida da sa\u00fade dental e proporciona longos momentos de entretenimento. O seu c\u00e3o poder\u00e1 <strong>se divertir ao brincar, mastigar ou morder <\/strong>as patas, fazendo com que o seu dia seja muito mais interessante.<\/p>\n<p>Este tipo de snacks \u00e9 perfeito para reduzir o t\u00e9dio dos c\u00e3es que passam muito tempo dentro de casa. Al\u00e9m disso, a sua mastiga\u00e7\u00e3o <strong>ajuda a prevenir os problemas dentais <\/strong>j\u00e1 que elimina os restos de comida e o t\u00e1rtaro de maneira natural. Desta forma os seus dentes e gengivas estar\u00e3o fortes e saud\u00e1veis. Os c\u00e3es tamb\u00e9m poder\u00e3o saciar o seu instinto inato de morder, aliviando assim o stress e evitando que mordam e destrocem outros objetos.<\/p>\n<p>Em Tiendanimal pode encontrar <strong>diferentes <strong>snacks Criadores <\/strong><\/strong><strong>para oferecer variedade ao seu animal de estima\u00e7\u00e3o:<\/strong> patas de frango, orelhas de vaca ou de coelho, pesco\u00e7os, focinhos e a tradicional pele de vaca, entre outros. Al\u00e9m do mais, as patas de frango est\u00e3o dispon\u00edveis branqueadas ou ao natural.<\/p>\n<p><strong><em>Ofere\u00e7a ao seu animal de estima\u00e7\u00e3o um snack saud\u00e1vel, nutritivo e divertido com as patas de frango Criadores.<\/em><\/strong><\/p>\n<p><em>A partir da data em que os receba \u00e9 garantido um prazo de 3 meses antes do vencimento da data de validade, ou de 1 m\u00eas no caso dos produtos l\u00b4cteos e a ra\u00e7\u00e3o ecol\u00f3gica.<\/em><\/p>\n","protected":false},"excerpt":{"rendered":"<p>Pulgas de galinha para c\u00e3es de todas as idades e ra\u00e7as, foram branqueadas e s\u00e3o ricas em prote\u00ednas e baixas em gordura, com alto teor de col\u00e1geno, mant\u00eam o seu animal de estima\u00e7\u00e3o divertido, tamb\u00e9m ajuda a limpar os dentes e gengivas.<\/p>\n","protected":false},"featured_media":1545,"comment_status":"open","ping_status":"closed","template":"","meta":{"_acf_changed":false},"product_brand":[],"product_cat":[92,98,101],"product_tag":[],"class_list":{"0":"post-2392","1":"product","2":"type-product","3":"status-publish","4":"has-post-thumbnail","6":"product_cat-cao","7":"product_cat-original-pt-pt","8":"product_cat-snacks-pt-pt","10":"first","11":"instock","12":"shipping-taxable","13":"product-type-simple"},"acf":[],"_links":{"self":[{"href":"https:\/\/www.criadores.es\/pt-pt\/wp-json\/wp\/v2\/product\/2392","targetHints":{"allow":["GET"]}}],"collection":[{"href":"https:\/\/www.criadores.es\/pt-pt\/wp-json\/wp\/v2\/product"}],"about":[{"href":"https:\/\/www.criadores.es\/pt-pt\/wp-json\/wp\/v2\/types\/product"}],"replies":[{"embeddable":true,"href":"https:\/\/www.criadores.es\/pt-pt\/wp-json\/wp\/v2\/comments?post=2392"}],"wp:featuredmedia":[{"embeddable":true,"href":"https:\/\/www.criadores.es\/pt-pt\/wp-json\/wp\/v2\/media\/1545"}],"wp:attachment":[{"href":"https:\/\/www.criadores.es\/pt-pt\/wp-json\/wp\/v2\/media?parent=2392"}],"wp:term":[{"taxonomy":"product_brand","embeddable":true,"href":"https:\/\/www.criadores.es\/pt-pt\/wp-json\/wp\/v2\/product_brand?post=2392"},{"taxonomy":"product_cat","embeddable":true,"href":"https:\/\/www.criadores.es\/pt-pt\/wp-json\/wp\/v2\/product_cat?post=2392"},{"taxonomy":"product_tag","embeddable":true,"href":"https:\/\/www.criadores.es\/pt-pt\/wp-json\/wp\/v2\/product_tag?post=2392"}],"curies":[{"name":"wp","href":"https:\/\/api.w.org\/{rel}","templated":true}]}}